{"id":42688,"date":"2019-05-12T16:13:34","date_gmt":"2019-05-12T13:13:34","guid":{"rendered":"https:\/\/oppali.com\/il-mio-account\/"},"modified":"2025-11-12T12:08:20","modified_gmt":"2025-11-12T10:08:20","slug":"il-mio-account","status":"publish","type":"page","link":"https:\/\/oppali.com\/it\/il-mio-account\/","title":{"rendered":"Il mio account"},"content":{"rendered":"<div class=\"woocommerce\"><\/div>\n<p>&nbsp;<\/p>\n<h2 style=\"text-align: center;\">Registrazione del cliente all&#8217;ingrosso<\/h2>\n<p style=\"text-align: center;\"><div class=\"woocommerce\">\n\t<div id=\"wwlc-registration-form\" data-redirect=\"\">\n    \t<div class=\"woocommerce wwlc-form-error\"><\/div><form method=\"post\" class=\"wwlc-register woocommerce-form woocommerce-form-register\" id=\"registration_form\"><input type=\"hidden\" id=\"wwlc_register_user_nonce_field\" name=\"wwlc_register_user_nonce_field\" value=\"56487a864a\" \/><input type=\"hidden\" name=\"_wp_http_referer\" value=\"\/it\/wp-json\/wp\/v2\/pages\/42688\" \/><div style=\"display: none !important;\" class=\"honeypot\"><label for=\"honeypot-field\">Si prega di lasciare vuoto questo campo:<\/label><input type=\"text\" id=\"honeypot-field\" name=\"honeypot-field\" val=\"\"><\/div><p class=\"form-row field-set text-field-set first_name wwlc_registration_field form_field validate-required\" id=\"first_name_field\" data-priority=\"\"><label for=\"first_name\" class=\"required_field\">Nome&nbsp;<span class=\"required\" aria-hidden=\"true\">*<\/span><\/label><span class=\"woocommerce-input-wrapper\"><input type=\"text\" class=\"input-text wwlc_form_field\" name=\"first_name\" id=\"first_name\" placeholder=\"\"  value=\"\" data-required=\"yes\" aria-required=\"true\" \/><\/span><\/p><p class=\"form-row field-set text-field-set last_name wwlc_registration_field form_field validate-required\" id=\"last_name_field\" data-priority=\"\"><label for=\"last_name\" class=\"required_field\">Cognome&nbsp;<span class=\"required\" aria-hidden=\"true\">*<\/span><\/label><span class=\"woocommerce-input-wrapper\"><input type=\"text\" class=\"input-text wwlc_form_field\" name=\"last_name\" id=\"last_name\" placeholder=\"\"  value=\"\" data-required=\"yes\" aria-required=\"true\" \/><\/span><\/p><p class=\"form-row field-set phone-field-set wwlc_phone wwlc_registration_field form_field validate-required\" id=\"wwlc_phone_field\" data-priority=\"\"><label for=\"wwlc_phone\" class=\"required_field\">Telefono&nbsp;<span class=\"required\" aria-hidden=\"true\">*<\/span><\/label><span class=\"woocommerce-input-wrapper\"><input type=\"tel\" class=\"input-text wwlc_form_field phone\" name=\"wwlc_phone\" id=\"wwlc_phone\" placeholder=\"\"  value=\"\" data-phonemask=\"No format\" data-required=\"yes\" aria-required=\"true\" \/><\/span><\/p><p class=\"form-row field-set email-field-set user_email wwlc_registration_field form_field validate-required\" id=\"user_email_field\" data-priority=\"\"><label for=\"user_email\" class=\"required_field\">Email&nbsp;<span class=\"required\" aria-hidden=\"true\">*<\/span><\/label><span class=\"woocommerce-input-wrapper\"><input type=\"email\" class=\"input-text wwlc_form_field\" name=\"user_email\" id=\"user_email\" placeholder=\"\"  value=\"\" data-required=\"yes\" aria-required=\"true\" \/><\/span><\/p><p class=\"form-row field-set text-field-set wwlc_username wwlc_registration_field form_field validate-required\" id=\"wwlc_username_field\" data-priority=\"\"><label for=\"wwlc_username\" class=\"required_field\">Nome utente&nbsp;<span class=\"required\" aria-hidden=\"true\">*<\/span><\/label><span class=\"woocommerce-input-wrapper\"><input type=\"text\" class=\"input-text wwlc_form_field\" name=\"wwlc_username\" id=\"wwlc_username\" placeholder=\"\"  value=\"\" data-required=\"yes\" aria-required=\"true\" \/><\/span><\/p><p class=\"form-row field-set wwlc_password-field-set wwlc_password wwlc_registration_field form_field validate-required\" id=\"wwlc_password\" data-sort=\"\"><label for=\"wwlc_password\" class=\"required_field\">Password <abbr class=\"required\" title=\"richiesto\">*<\/abbr><\/label><input type=\"password\" class=\"input-text wwlc_form_field\" name=\"wwlc_password\" id=\"wwlc_password\" placeholder=\"\"  value=\"\" data-required=\"yes\" aria-required=\"true\" \/><span id=\"wwlc-password-strength\" class=\"wwlc-password-strength\"><\/span><\/p><p class=\"form-row wwlc_password_confirm-field-set wwlc_password_confirm form_field\"><label for=\"wwlc_password_confirm\" class=\"required_field\">Conferma password<\/label><input type=\"password\" class=\"input-text wwlc_form_field\" id=\"wwlc_password_confirm\" placeholder=\"\"><\/p><p class=\"form-row field-set text-field-set wwlc_company_name wwlc_registration_field form_field validate-required\" id=\"wwlc_company_name_field\" data-priority=\"\"><label for=\"wwlc_company_name\" class=\"required_field\">Nome Azienda&nbsp;<span class=\"required\" aria-hidden=\"true\">*<\/span><\/label><span class=\"woocommerce-input-wrapper\"><input type=\"text\" class=\"input-text wwlc_form_field\" name=\"wwlc_company_name\" id=\"wwlc_company_name\" placeholder=\"\"  value=\"\" data-required=\"yes\" aria-required=\"true\" \/><\/span><\/p><p class=\"form-row field-set select-field-set wwlc_country wwlc_registration_field form_field validate-required\" id=\"wwlc_country_field\" data-priority=\"\"><label for=\"wwlc_country\" class=\"required_field\">Nazion\u03b5&nbsp;<span class=\"required\" aria-hidden=\"true\">*<\/span><\/label><span class=\"woocommerce-input-wrapper\"><select name=\"wwlc_country\" id=\"wwlc_country\" class=\"select wwlc_form_field\" data-required=\"yes\" aria-required=\"true\" data-placeholder=\"\">\n\t\t\t\t\t\t\t<option value=\"AF\" >Afghanistan<\/option><option value=\"AL\" >Albania<\/option><option value=\"DZ\" >Algeria<\/option><option value=\"AS\" >American Samoa<\/option><option value=\"AD\" >Andorra<\/option><option value=\"AO\" >Angola<\/option><option value=\"AI\" >Anguilla<\/option><option value=\"AQ\" >Antartide<\/option><option value=\"AG\" >Antigua e Barbuda<\/option><option value=\"SA\" >Arabia Saudita<\/option><option value=\"AR\" >Argentina<\/option><option value=\"AM\" >Armenia<\/option><option value=\"AW\" >Aruba<\/option><option value=\"AU\" >Australia<\/option><option value=\"AT\" >Austria<\/option><option value=\"AZ\" >Azerbaijan<\/option><option value=\"BS\" >Bahamas<\/option><option value=\"BH\" >Bahrain<\/option><option value=\"BD\" >Bangladesh<\/option><option value=\"BB\" >Barbados<\/option><option value=\"PW\" >Belau<\/option><option value=\"BE\" >Belgio<\/option><option value=\"BZ\" >Belize<\/option><option value=\"BJ\" >Benin<\/option><option value=\"BM\" >Bermuda<\/option><option value=\"BT\" >Bhutan<\/option><option value=\"BY\" >Bielorussia<\/option><option value=\"MM\" >Birmania<\/option><option value=\"BO\" >Bolivia<\/option><option value=\"BQ\" >Bonaire, Saint Eustatius e Saba<\/option><option value=\"BA\" >Bosnia-Erzegovina<\/option><option value=\"BW\" >Botswana<\/option><option value=\"BR\" >Brasile<\/option><option value=\"BN\" >Brunei<\/option><option value=\"BG\" >Bulgaria<\/option><option value=\"BF\" >Burkina Faso<\/option><option value=\"BI\" >Burundi<\/option><option value=\"KH\" >Cambogia<\/option><option value=\"CM\" >Camerun<\/option><option value=\"CA\" >Canada<\/option><option value=\"CV\" >Capo Verde<\/option><option value=\"TD\" >Ciad<\/option><option value=\"CL\" >Cile<\/option><option value=\"CN\" >Cina<\/option><option value=\"CY\" >Cipro<\/option><option value=\"CO\" >Colombia<\/option><option value=\"KM\" >Comore<\/option><option value=\"CG\" >Congo (Brazzaville)<\/option><option value=\"CD\" >Congo (Kinshasa)<\/option><option value=\"KP\" >Corea del Nord<\/option><option value=\"KR\" >Corea del Sud<\/option><option value=\"CI\" >Costa d&#039;Avorio<\/option><option value=\"CR\" >Costa Rica<\/option><option value=\"HR\" >Croazia<\/option><option value=\"CU\" >Cuba<\/option><option value=\"CW\" >Cura&ccedil;ao<\/option><option value=\"DK\" >Danimarca<\/option><option value=\"DM\" >Dominica<\/option><option value=\"EC\" >Ecuador<\/option><option value=\"EG\" >Egitto<\/option><option value=\"SV\" >El Salvador<\/option><option value=\"AE\" >Emirati Arabi Uniti<\/option><option value=\"ER\" >Eritrea<\/option><option value=\"EE\" >Estonia<\/option><option value=\"SZ\" >Eswatini<\/option><option value=\"ET\" >Etiopia<\/option><option value=\"FJ\" >Figi<\/option><option value=\"PH\" >Filippine<\/option><option value=\"FI\" >Finlandia<\/option><option value=\"FR\" >Francia<\/option><option value=\"GA\" >Gabon<\/option><option value=\"GM\" >Gambia<\/option><option value=\"GE\" >Georgia<\/option><option value=\"DE\" >Germania<\/option><option value=\"GH\" >Ghana<\/option><option value=\"JM\" >Giamaica<\/option><option value=\"JP\" >Giappone<\/option><option value=\"GI\" >Gibilterra<\/option><option value=\"DJ\" >Gibuti<\/option><option value=\"JO\" >Giordania<\/option><option value=\"GR\" >Grecia<\/option><option value=\"GD\" >Grenada<\/option><option value=\"GL\" >Groenlandia<\/option><option value=\"GP\" >Guadalupa<\/option><option value=\"GU\" >Guam<\/option><option value=\"GT\" >Guatemala<\/option><option value=\"GG\" >Guernsey<\/option><option value=\"GN\" >Guinea<\/option><option value=\"GQ\" >Guinea Equatoriale<\/option><option value=\"GW\" >Guinea-Bissau<\/option><option value=\"GY\" >Guyana<\/option><option value=\"GF\" >Guyana Francese<\/option><option value=\"HT\" >Haiti<\/option><option value=\"HN\" >Honduras<\/option><option value=\"HK\" >Hong Kong<\/option><option value=\"IN\" >India<\/option><option value=\"ID\" >Indonesia<\/option><option value=\"IR\" >Iran<\/option><option value=\"IQ\" >Iraq<\/option><option value=\"IE\" >Irlanda<\/option><option value=\"IS\" >Islanda<\/option><option value=\"BV\" >Isola Bouvet<\/option><option value=\"IM\" >Isola di Man<\/option><option value=\"CX\" >Isola di Natale<\/option><option value=\"NF\" >Isola Norfolk<\/option><option value=\"AX\" >Isole \u00c5land<\/option><option value=\"KY\" >Isole Cayman<\/option><option value=\"CC\" >Isole Cocos (Keeling)<\/option><option value=\"CK\" >Isole Cook<\/option><option value=\"FK\" >Isole Falkland<\/option><option value=\"FO\" >Isole Faroe<\/option><option value=\"HM\" >Isole Heard e McDonald<\/option><option value=\"MH\" >Isole Marshall<\/option><option value=\"SB\" >Isole Salomone<\/option><option value=\"VI\" >Isole Vergini Americane<\/option><option value=\"VG\" >Isole Vergini Britanniche<\/option><option value=\"IL\" >Israele<\/option><option value=\"IT\" >Italia<\/option><option value=\"JE\" >Jersey<\/option><option value=\"KZ\" >Kazakistan<\/option><option value=\"KE\" >Kenya<\/option><option value=\"KG\" >Kirghizistan<\/option><option value=\"KI\" >Kiribati<\/option><option value=\"XK\" >Kosovo<\/option><option value=\"KW\" >Kuwait<\/option><option value=\"LA\" >Laos<\/option><option value=\"LS\" >Lesotho<\/option><option value=\"LV\" >Lettonia<\/option><option value=\"LB\" >Libano<\/option><option value=\"LR\" >Liberia<\/option><option value=\"LY\" >Libia<\/option><option value=\"LI\" >Liechtenstein<\/option><option value=\"LT\" >Lituania<\/option><option value=\"LU\" >Lussemburgo<\/option><option value=\"MO\" >Macao<\/option><option value=\"MK\" >Macedonia del Nord<\/option><option value=\"MG\" >Madagascar<\/option><option value=\"MW\" >Malawi<\/option><option value=\"MY\" >Malaysia<\/option><option value=\"MV\" >Maldive<\/option><option value=\"ML\" >Mali<\/option><option value=\"MT\" >Malta<\/option><option value=\"MA\" >Marocco<\/option><option value=\"MQ\" >Martinica<\/option><option value=\"MR\" >Mauritania<\/option><option value=\"MU\" >Mauritius<\/option><option value=\"YT\" >Mayotte<\/option><option value=\"MX\" >Messico<\/option><option value=\"FM\" >Micronesia<\/option><option value=\"MD\" >Moldavia<\/option><option value=\"MC\" >Monaco<\/option><option value=\"MN\" >Mongolia<\/option><option value=\"ME\" >Montenegro<\/option><option value=\"MS\" >Montserrat<\/option><option value=\"MZ\" >Mozambico<\/option><option value=\"NA\" >Namibia<\/option><option value=\"NR\" >Nauru<\/option><option value=\"NP\" >Nepal<\/option><option value=\"NI\" >Nicaragua<\/option><option value=\"NE\" >Niger<\/option><option value=\"NG\" >Nigeria<\/option><option value=\"NU\" >Niue<\/option><option value=\"MP\" >Northern Mariana Islands<\/option><option value=\"NO\" >Norvegia<\/option><option value=\"NC\" >Nuova Caledonia<\/option><option value=\"NZ\" >Nuova Zelanda<\/option><option value=\"OM\" >Oman<\/option><option value=\"NL\" >Paesi Bassi<\/option><option value=\"PK\" >Pakistan<\/option><option value=\"PA\" >Panama<\/option><option value=\"PG\" >Papua Nuova Guinea<\/option><option value=\"PY\" >Paraguay<\/option><option value=\"PE\" >Per\u00f9<\/option><option value=\"PN\" >Pitcairn<\/option><option value=\"PF\" >Polinesia Francese<\/option><option value=\"PL\" >Polonia<\/option><option value=\"PT\" >Portogallo<\/option><option value=\"PR\" >Puerto Rico<\/option><option value=\"QA\" >Qatar<\/option><option value=\"GB\" >Regno Unito (UK)<\/option><option value=\"CZ\" >Repubblica Ceca<\/option><option value=\"CF\" >Repubblica Centrafricana<\/option><option value=\"DO\" >Repubblica Dominicana<\/option><option value=\"RE\" >Reunion<\/option><option value=\"RO\" >Romania<\/option><option value=\"RU\" >Russia<\/option><option value=\"RW\" >Rwanda<\/option><option value=\"EH\" >Sahara Occidentale<\/option><option value=\"SH\" >Saint Helena<\/option><option value=\"KN\" >Saint Kitts e Nevis<\/option><option value=\"LC\" >Saint Lucia<\/option><option value=\"MF\" >Saint Martin (Francia)<\/option><option value=\"SX\" >Saint Martin (Paesi Bassi)<\/option><option value=\"VC\" >Saint Vincent e Grenadine<\/option><option value=\"BL\" >Saint-Barth\u00e9lemy<\/option><option value=\"PM\" >Saint-Pierre e Miquelon<\/option><option value=\"WS\" >Samoa<\/option><option value=\"SM\" >San Marino<\/option><option value=\"ST\" >S\u00e3o Tom\u00e9 e Pr\u00edncipe<\/option><option value=\"SN\" >Senegal<\/option><option value=\"RS\" >Serbia<\/option><option value=\"SC\" >Seychelles<\/option><option value=\"SL\" >Sierra Leone<\/option><option value=\"SG\" >Singapore<\/option><option value=\"SY\" >Siria<\/option><option value=\"SK\" >Slovacchia<\/option><option value=\"SI\" >Slovenia<\/option><option value=\"SO\" >Somalia<\/option><option value=\"GS\" >South Georgia\/Sandwich Islands<\/option><option value=\"ES\" >Spagna<\/option><option value=\"LK\" >Sri Lanka<\/option><option value=\"US\" >Stati Uniti (US)<\/option><option value=\"UM\" >Stati Uniti (US) Isole Minori<\/option><option value=\"ZA\" >Sud Africa<\/option><option value=\"SD\" >Sudan<\/option><option value=\"SS\" >Sudan del Sud<\/option><option value=\"SR\" >Suriname<\/option><option value=\"SJ\" >Svalbard e Jan Mayen<\/option><option value=\"SE\" >Svezia<\/option><option value=\"CH\" >Svizzera<\/option><option value=\"TJ\" >Tagikistan<\/option><option value=\"TH\" >Tailandia<\/option><option value=\"TW\" >Taiwan<\/option><option value=\"TZ\" >Tanzania<\/option><option value=\"TF\" >Terre Australi e Antartiche Francesi<\/option><option value=\"PS\" >Territori palestinesi<\/option><option value=\"IO\" >Territorio Britannico dell&#039;Oceano Indiano<\/option><option value=\"TL\" >Timor Est<\/option><option value=\"TG\" >Togo<\/option><option value=\"TK\" >Tokelau<\/option><option value=\"TO\" >Tonga<\/option><option value=\"TT\" >Trinidad e Tobago<\/option><option value=\"TN\" >Tunisia<\/option><option value=\"TR\" >Turchia<\/option><option value=\"TM\" >Turkmenistan<\/option><option value=\"TC\" >Turks e Caicos<\/option><option value=\"TV\" >Tuvalu<\/option><option value=\"UA\" >Ucraina<\/option><option value=\"UG\" >Uganda<\/option><option value=\"HU\" >Ungheria<\/option><option value=\"UY\" >Uruguay<\/option><option value=\"UZ\" >Uzbekistan<\/option><option value=\"VU\" >Vanuatu<\/option><option value=\"VA\" >Vaticano<\/option><option value=\"VE\" >Venezuela<\/option><option value=\"VN\" >Vietnam<\/option><option value=\"WF\" >Wallis e Futuna<\/option><option value=\"YE\" >Yemen<\/option><option value=\"ZM\" >Zambia<\/option><option value=\"ZW\" >Zimbabwe<\/option>\n\t\t\t\t\t\t<\/select><\/span><\/p><p class=\"form-row field-set text-field-set wwlc_address wwlc_registration_field form_field validate-required\" id=\"wwlc_address_field\" data-priority=\"\"><label for=\"wwlc_address\" class=\"required_field\">Indirizzo 1&nbsp;<span class=\"required\" aria-hidden=\"true\">*<\/span><\/label><span class=\"woocommerce-input-wrapper\"><input type=\"text\" class=\"input-text wwlc_form_field\" name=\"wwlc_address\" id=\"wwlc_address\" placeholder=\"Indirizzo\"  value=\"\" data-required=\"yes\" aria-required=\"true\" \/><\/span><\/p><p class=\"form-row field-set text-field-set wwlc_address_2 wwlc_registration_field form_field\" id=\"wwlc_address_2_field\" data-priority=\"\"><label for=\"wwlc_address_2\" class=\"\">Indirizzo 2&nbsp;<span class=\"optional\">(facoltativo)<\/span><\/label><span class=\"woocommerce-input-wrapper\"><input type=\"text\" class=\"input-text wwlc_form_field\" name=\"wwlc_address_2\" id=\"wwlc_address_2\" placeholder=\"Apartment, suite, unit etc. (optional)\"  value=\"\"  \/><\/span><\/p><p class=\"form-row field-set text-field-set wwlc_city wwlc_registration_field form_field validate-required\" id=\"wwlc_city_field\" data-priority=\"\"><label for=\"wwlc_city\" class=\"required_field\">Citt\u00e0&nbsp;<span class=\"required\" aria-hidden=\"true\">*<\/span><\/label><span class=\"woocommerce-input-wrapper\"><input type=\"text\" class=\"input-text wwlc_form_field\" name=\"wwlc_city\" id=\"wwlc_city\" placeholder=\"Citt\u00e0\"  value=\"\" data-required=\"yes\" aria-required=\"true\" \/><\/span><\/p><p class=\"form-row field-set text-field-set wwlc_state wwlc_registration_field form_field validate-required\" id=\"wwlc_state_field\" data-priority=\"\"><label for=\"wwlc_state\" class=\"required_field\">Stato&nbsp;<span class=\"required\" aria-hidden=\"true\">*<\/span><\/label><span class=\"woocommerce-input-wrapper\"><input type=\"text\" class=\"input-text wwlc_form_field\" name=\"wwlc_state\" id=\"wwlc_state\" placeholder=\"Stato \/ Paese\"  value=\"\" data-required=\"yes\" aria-required=\"true\" \/><\/span><\/p><p class=\"form-row field-set text-field-set wwlc_postcode wwlc_registration_field form_field validate-required\" id=\"wwlc_postcode_field\" data-priority=\"\"><label for=\"wwlc_postcode\" class=\"required_field\">CAP&nbsp;<span class=\"required\" aria-hidden=\"true\">*<\/span><\/label><span class=\"woocommerce-input-wrapper\"><input type=\"text\" class=\"input-text wwlc_form_field\" name=\"wwlc_postcode\" id=\"wwlc_postcode\" placeholder=\"CAP\"  value=\"\" data-required=\"yes\" aria-required=\"true\" \/><\/span><\/p><p class=\"form-row field-set text-field-set wwlc_cf_vat wwlc_registration_field form_field wwlc_custom_field text_wwlc_custom_field\" id=\"wwlc_cf_vat_field\" data-priority=\"\"><label for=\"wwlc_cf_vat\" class=\"\">Partita IVA (Per i paesi dell'UE, si prega di compilare questo campo per il calcolo non IVA VIES.)&nbsp;<span class=\"optional\">(facoltativo)<\/span><\/label><span class=\"woocommerce-input-wrapper\"><input type=\"text\" class=\"input-text wwlc_form_field\" name=\"wwlc_cf_vat\" id=\"wwlc_cf_vat\" placeholder=\"\"  value=\"\"  \/><\/span><\/p><p class=\"form-row field-set text-field-set wwlc_cf_website wwlc_registration_field form_field wwlc_custom_field text_wwlc_custom_field\" id=\"wwlc_cf_website_field\" data-priority=\"\"><label for=\"wwlc_cf_website\" class=\"\">Web Site&nbsp;<span class=\"optional\">(facoltativo)<\/span><\/label><span class=\"woocommerce-input-wrapper\"><input type=\"text\" class=\"input-text wwlc_form_field\" name=\"wwlc_cf_website\" id=\"wwlc_cf_website\" placeholder=\"\"  value=\"\"  \/><\/span><\/p><div id=\"recaptcha_field\" class=\"g-recaptcha form-row field-set recaptcha-field-set recaptcha_field validate-required\" data-sitekey=\"6Lf661cpAAAAADg_R_U0OARNmash_rw2M3XEYFqC\" data-callback=\"recaptchaCallback\"><\/div>\t\t\t\t<div class=\"field-set form-controls-section\">\n\t\t\t<p class=\"register-button-container\"><input type=\"submit\" name=\"submit\" class=\"form-control button button-primary\" id=\"wwlc-register\" value=\"Registrati\" ><span class=\"wwlc-loader\"><\/span><\/p><a class=\"form-control\" id=\"log-in\" href=\"https:\/\/oppali.com\/wholesale-log-in-page\/\" >Accedi<\/a> <a class=\"form-control\" id=\"lost-password\" href=\"https:\/\/oppali.com\/it\/il-mio-account\/lost-password\/\" >Password dimenticata<\/a>\t\t<\/div>\n\n\t\t<input class=\"input-hidden wwlc_form_field\" type=\"hidden\" name=\"wwlc_role\" id=\"wwlc_role\" value=\"\"><input class=\"input-hidden wwlc_form_field\" type=\"hidden\" name=\"wwlc_page_id\" id=\"wwlc_page_id\" value=\"0\"><\/form>\t<\/div><!--#wwlc-registration-form-->\n<\/div><!--.woocommerce-->\n<\/p>\n","protected":false},"excerpt":{"rendered":"&nbsp; Registrazione del cliente all'ingrosso","protected":false},"author":1,"featured_media":0,"parent":0,"menu_order":0,"comment_status":"closed","ping_status":"closed","template":"","meta":{"footnotes":""},"class_list":["post-42688","page","type-page","status-publish","hentry"],"_links":{"self":[{"href":"https:\/\/oppali.com\/it\/wp-json\/wp\/v2\/pages\/42688","targetHints":{"allow":["GET"]}}],"collection":[{"href":"https:\/\/oppali.com\/it\/wp-json\/wp\/v2\/pages"}],"about":[{"href":"https:\/\/oppali.com\/it\/wp-json\/wp\/v2\/types\/page"}],"author":[{"embeddable":true,"href":"https:\/\/oppali.com\/it\/wp-json\/wp\/v2\/users\/1"}],"replies":[{"embeddable":true,"href":"https:\/\/oppali.com\/it\/wp-json\/wp\/v2\/comments?post=42688"}],"version-history":[{"count":0,"href":"https:\/\/oppali.com\/it\/wp-json\/wp\/v2\/pages\/42688\/revisions"}],"wp:attachment":[{"href":"https:\/\/oppali.com\/it\/wp-json\/wp\/v2\/media?parent=42688"}],"curies":[{"name":"wp","href":"https:\/\/api.w.org\/{rel}","templated":true}]}}