{"id":256515,"date":"2024-06-16T16:47:37","date_gmt":"2024-06-16T13:47:37","guid":{"rendered":"https:\/\/oppali.com\/?page_id=256515"},"modified":"2025-12-25T11:18:16","modified_gmt":"2025-12-25T09:18:16","slug":"offerta-di-sconto-2","status":"publish","type":"page","link":"https:\/\/oppali.com\/it\/offerta-di-sconto-2\/","title":{"rendered":"Registrati per Sconti Esclusivi all&#8217;Ingrosso"},"content":{"rendered":"<div class=\"wpb-content-wrapper\"><p>[vc_row css=&#8221;.vc_custom_1496940694752{margin-bottom: 20px !important;}&#8221;][vc_column css=&#8221;.vc_custom_1484657273903{padding-top: 0px !important;}&#8221;]\n\t\t<div id=\"wd-666ee9feef055\" class=\"title-wrapper wd-wpb wd-set-mb reset-last-child  wd-rs-666ee9feef055 wd-title-color-default wd-title-style-underlined text-left vc_custom_1718544999271 wd-underline-colored\">\n\t\t\t\n\t\t\t<div class=\"liner-continer\">\n\t\t\t\t<h4 class=\"woodmart-title-container title  wd-font-weight- wd-fontsize-l\" >Registrati Ora e Approfitta degli Sconti Esclusivi all&apos;Ingrosso di Oppali<\/h4>\n\t\t\t\t\t\t\t<\/div>\n\t\t\t\n\t\t\t\n\t\t\t\n\t\t<\/div>\n\t\t\n\t\t[\/vc_column][\/vc_row][vc_row equal_height=&#8221;yes&#8221; css=&#8221;.vc_custom_1496940708254{margin-bottom: 5vh !important;}&#8221;][vc_column css=&#8221;.vc_custom_1484657119633{padding-top: 0px !important;}&#8221;][vc_column_text css=&#8221;&#8221; text_larger=&#8221;no&#8221; woodmart_inline=&#8221;no&#8221;]<\/p>\n<p data-pm-slice=\"1 1 []\">Vi invitiamo a scoprire l&#8217;eleganza aristocratica e la resistenza senza pari delle maniglie per porte in acciaio inossidabile Oppali. Oppali \u00e8 un&#8217;azienda rinomata specializzata nella produzione di maniglie per porte in acciaio inossidabile. Con il suo impegno per la qualit\u00e0 e l&#8217;innovazione, Oppali si \u00e8 affermata come produttore affidabile nel settore.<\/p>\n<p>Selezionati con cura e realizzati secondo standard elevati, i nostri manici rappresentano il perfetto connubio tra funzionalit\u00e0 ed estetica. Ogni dettaglio \u00e8 progettato meticolosamente per conferire un senso di lusso e sicurezza a qualsiasi spazio.[\/vc_column_text][vc_custom_heading text=&#8221;Iscriviti ora per accedere agli sconti all&apos;ingrosso del nostro sito web!&#8221; font_container=&#8221;tag:h3|font_size:14|text_align:left&#8221; use_theme_fonts=&#8221;yes&#8221; css=&#8221;&#8221;][vc_column_text css=&#8221;&#8221; text_larger=&#8221;no&#8221; woodmart_inline=&#8221;no&#8221;]<\/p>\n<p data-pm-slice=\"1 1 []\">Oppali offre ai professionisti l&#8217;opportunit\u00e0 di accedere a una vasta gamma di prodotti ai migliori prezzi sul mercato. Iscriviti oggi stesso e avrai accesso a una vasta gamma di maniglie in acciaio inossidabile e altri prodotti eccezionali. Con uno sconto primario su ogni prodotto e sconti aggiuntivi per ordini di grandi quantit\u00e0, la tua registrazione sar\u00e0 ricompensata con eccellenti opportunit\u00e0 e risultati.<\/p>\n<p>[\/vc_column_text][vc_single_image image=&#8221;256542&#8243; img_size=&#8221;large&#8221; alignment=&#8221;center&#8221; style=&#8221;vc_box_outline&#8221; border_color=&#8221;black&#8221; css=&#8221;&#8221; parallax_scroll=&#8221;no&#8221; woodmart_inline=&#8221;no&#8221;][vc_custom_heading text=&#8221;Ordine semplice, consegna rapida &#8211; solo per te!&#8221; font_container=&#8221;tag:h3|font_size:14|text_align:left&#8221; use_theme_fonts=&#8221;yes&#8221; css=&#8221;&#8221;][vc_column_text css=&#8221;&#8221; text_larger=&#8221;no&#8221; woodmart_inline=&#8221;no&#8221;]<\/p>\n<p data-pm-slice=\"1 1 []\">Pensando al tuo comfort e alla tua comodit\u00e0, abbiamo progettato una piattaforma online in grado di soddisfare tutte le tue esigenze. In modo semplice e veloce, puoi selezionare i prodotti che desideri e goderti una consegna rapida, sperimentando la facilit\u00e0 del processo.<\/p>\n<p>[\/vc_column_text][vc_custom_heading text=&#8221;Personalizzazione &amp; Customizzazione &#8211; Secondo le Vostre Preferenze&#8221; font_container=&#8221;tag:h3|font_size:14|text_align:left&#8221; use_theme_fonts=&#8221;yes&#8221; css=&#8221;&#8221;][vc_column_text css=&#8221;&#8221; text_larger=&#8221;no&#8221; woodmart_inline=&#8221;no&#8221;]<\/p>\n<p data-pm-slice=\"1 1 []\">Sei speciale per noi, ed \u00e8 per questo che abbiamo pensato a sconti e offerte che ti faranno felice. Dalle offerte personalizzate agli sconti speciali, la tua esperienza \u00e8 sempre la nostra priorit\u00e0.<\/p>\n<p>[\/vc_column_text][vc_custom_heading text=&#8221;Tracciamento &amp; Gestione &#8211; Con il Controllo nelle Vostre Mani&#8221; font_container=&#8221;tag:h3|font_size:14|text_align:left&#8221; use_theme_fonts=&#8221;yes&#8221; css=&#8221;&#8221;][vc_column_text css=&#8221;&#8221; text_larger=&#8221;no&#8221; woodmart_inline=&#8221;no&#8221;]<\/p>\n<p data-pm-slice=\"1 1 []\">Pensando a te, ti offriamo la possibilit\u00e0 di tracciare e gestire facilmente i tuoi acquisti. Monitorare lo stato dei tuoi ordini e gestire il tuo inventario \u00e8 ora pi\u00f9 semplice che mai.<\/p>\n<p>[\/vc_column_text]<div id=\"wd-666ef03a0b9c6\" class=\" wd-rs-666ef03a0b9c6  wd-button-wrapper text-center\"><a href=\"https:\/\/oppali.com\/it\/pagina-di-registrazione-allingrosso\/\" title=\"Pagina di registrazione all\u2019ingrosso\" style=\"--btn-color:#fff;--btn-color-hover:#fff;\" class=\"btn btn-style-default btn-shape-rectangle btn-size-default\">Iscriviti<\/a><\/div>[\/vc_column][\/vc_row]<\/p>\n<\/div>","protected":false},"excerpt":{"rendered":"<p>[vc_row css=&#8221;.vc_custom_1496940694752{margin-bottom: 20px !important;}&#8221;][vc_column css=&#8221;.vc_custom_1484657273903{padding-top: 0px !important;}&#8221;][\/vc_column][\/vc_row][vc_row equal_height=&#8221;yes&#8221; css=&#8221;.vc_custom_1496940708254{margin-bottom: 5vh !important;}&#8221;][vc_column css=&#8221;.vc_custom_1484657119633{padding-top: 0px !important;}&#8221;][vc_column_text css=&#8221;&#8221; text_larger=&#8221;no&#8221; woodmart_inline=&#8221;no&#8221;] Vi invitiamo a<\/p>\n","protected":false},"author":1,"featured_media":0,"parent":0,"menu_order":0,"comment_status":"closed","ping_status":"closed","template":"","meta":{"footnotes":""},"class_list":["post-256515","page","type-page","status-publish","hentry"],"_links":{"self":[{"href":"https:\/\/oppali.com\/it\/wp-json\/wp\/v2\/pages\/256515","targetHints":{"allow":["GET"]}}],"collection":[{"href":"https:\/\/oppali.com\/it\/wp-json\/wp\/v2\/pages"}],"about":[{"href":"https:\/\/oppali.com\/it\/wp-json\/wp\/v2\/types\/page"}],"author":[{"embeddable":true,"href":"https:\/\/oppali.com\/it\/wp-json\/wp\/v2\/users\/1"}],"replies":[{"embeddable":true,"href":"https:\/\/oppali.com\/it\/wp-json\/wp\/v2\/comments?post=256515"}],"version-history":[{"count":0,"href":"https:\/\/oppali.com\/it\/wp-json\/wp\/v2\/pages\/256515\/revisions"}],"wp:attachment":[{"href":"https:\/\/oppali.com\/it\/wp-json\/wp\/v2\/media?parent=256515"}],"curies":[{"name":"wp","href":"https:\/\/api.w.org\/{rel}","templated":true}]}}