{"id":169295,"date":"2017-06-26T14:07:05","date_gmt":"2017-06-26T11:07:05","guid":{"rendered":"https:\/\/oppali.com\/contatto\/"},"modified":"2025-10-02T05:54:24","modified_gmt":"2025-10-02T02:54:24","slug":"contatto","status":"publish","type":"page","link":"https:\/\/oppali.com\/it\/contatto\/","title":{"rendered":"Contatto"},"content":{"rendered":"<div class=\"wpb-content-wrapper\"><p>[vc_row full_width=&#8221;stretch_row_content_no_spaces&#8221; css_animation=&#8221;none&#8221; css=&#8221;.vc_custom_1496927007057{margin-top: -40px !important;margin-bottom: 8vh !important;}&#8221;][vc_column]\t\t<div class=\"promo-banner-wrapper  wd-rs-5eda96a11f189 \">\n\t\t\t<div id=\"wd-5eda96a11f189\" class=\"promo-banner  banner- banner-hover-none color-scheme-light banner-btn-size-default banner-btn-style-default  wd-underline-colored\">\n\t\t\t\t<div class=\"main-wrapp-img\">\n\t\t\t\t\t<div class=\"banner-image wd-bg-position-center\" >\n\t\t\t\t\t\t\t\t\t\t\t<\/div>\n\t\t\t\t<\/div>\n\n\t\t\t\t<div class=\"wrapper-content-banner wd-fill  wd-items-top wd-justify-left\">\n\t\t\t\t\t<div class=\"content-banner  text-left\">\n\t\t\t\t\t\t\t\t\t\t\t\t\n\t\t\t\t\t\t\n\t\t\t\t\t\t\t\t\t\t\t<\/div>\n\t\t\t\t<\/div>\n\n\t\t\t\t\n\t\t\t\t\t\t\t<\/div>\n\t\t<\/div>\n\n\t\t[\/vc_column][\/vc_row][vc_row equal_height=&#8221;yes&#8221; css_animation=&#8221;none&#8221; css=&#8221;.vc_custom_1496926452255{margin-right: -50px !important;margin-left: -50px !important;}&#8221;][vc_column css=&#8221;.vc_custom_1496927710186{border-right-width: 1px !important;padding-top: 20px !important;padding-right: 50px !important;padding-bottom: 10px !important;padding-left: 50px !important;border-right-color: #e8e8e8 !important;border-right-style: solid !important;}&#8221; offset=&#8221;vc_col-lg-6 vc_col-md-6&#8243;]\n\t\t<div id=\"wd-6a01fa5f4f7a1\" class=\"title-wrapper wd-wpb wd-set-mb reset-last-child  wd-title-color-default wd-title-style-default text-left  wd-underline-colored\">\n\t\t\t\t\t\t\t\n\t\t\t\t<div class=\"title-subtitle  subtitle-color-default font-default subtitle-style-default wd-font-weight- wd-fontsize-xs\">DOMANDE INFORMATIVE<\/div>\n\t\t\t\n\t\t\t<div class=\"liner-continer\">\n\t\t\t\t<h4 class=\"woodmart-title-container title  wd-font-weight- wd-fontsize-l\" >DOMANDE FREQUENTI<\/h4>\n\t\t\t\t\t\t\t<\/div>\n\t\t\t\n\t\t\t\n\t\t\t\n\t\t<\/div>\n\t\t\n\t\t[vc_tta_accordion shape=&#8221;square&#8221; color=&#8221;white&#8221; c_icon=&#8221;chevron&#8221; c_position=&#8221;right&#8221; active_section=&#8221;1&#8243; no_fill=&#8221;true&#8221; collapsible_all=&#8221;true&#8221;][vc_tta_section title=&#8221;Come posso contattarvi?&#8221; tab_id=&#8221;1484056430132-f06cc1b5-a7ca&#8221;][vc_column_text text_larger=&#8221;no&#8221;]I nostri dati di contatto completi sono disponibili nella pagina <a href=\"https:\/\/oppali.com\/it\/contatto\/\">&#8220;Contatti&#8221;<\/a>. Possiamo essere contattati con i seguenti metodi.<\/p>\n<p>Per telefono negli orari dalle 9.00 alle 17.00 dal luned\u00ec al venerd\u00ec, dalle 9.00 alle 15.00 il sabato.<\/p>\n<p><strong>+30 210 3006868<\/strong><\/p>\n<p>Per quanto riguarda la posta elettronica, i nostri indirizzi principali sono;<\/p>\n<p><a href=\"mailto:sales@oppali.com\">sales@oppali.com<\/a><\/p>\n<p><a href=\"mailto:support@oppali.com\">support@oppali.com<\/a>[\/vc_column_text][\/vc_tta_section][vc_tta_section title=&#8221;Effettuate spedizioni in tutto il mondo?&#8221; tab_id=&#8221;1591389349257-25a5b298-2170&#8243;][vc_column_text text_larger=&#8221;no&#8221; woodmart_inline=&#8221;no&#8221;]Attualmente consegniamo la nostra gamma di maniglie e ferramenta per porte in tutto il mondo.[\/vc_column_text][\/vc_tta_section][vc_tta_section title=&#8221;Quanto tempo ci vuole per la consegna e quanto costa?&#8221; tab_id=&#8221;1591389869123-0d28de7d-92cc&#8221;][vc_column_text text_larger=&#8221;no&#8221; woodmart_inline=&#8221;no&#8221;]<\/p>\n<ul>\n<li>\n<h6>UE &#8211; 12\u20ac &#8211; 1-3 giorni<\/h6>\n<\/li>\n<li>\n<h6>Europa &#8211; 14\u20ac &#8211; 1-3 giorni<\/h6>\n<\/li>\n<li>\n<h6>Stati Uniti, Canada &#8211; 18\u20ac &#8211; 1-3 giorni<\/h6>\n<\/li>\n<li>\n<h6>Australia, Nuova Zelanda &#8211; 25\u20ac &#8211; 1-3 giorni<\/h6>\n<\/li>\n<li>\n<h6>America centrale e meridionale &#8211; 25\u20ac &#8211; 1-3 giorni<\/h6>\n<\/li>\n<li>\n<h6>Asia, Africa &#8211; 18\u20ac &#8211; 1-3 giorni<\/h6>\n<\/li>\n<\/ul>\n<p>[\/vc_column_text][\/vc_tta_section][vc_tta_section title=&#8221;Come posso restituire un articolo?&#8221; tab_id=&#8221;1484049984302-e0b553b6-82dc&#8221;][vc_column_text text_larger=&#8221;no&#8221;]Offriamo una garanzia di rimborso di 30 giorni.<br \/>\nCi\u00f2 significa che \u00e8 possibile restituire qualsiasi articolo non desiderato entro 30 giorni per ottenere un rimborso completo.<\/p>\n<p>Tutti i resi e i rimborsi sono soggetti alle seguenti condizioni<\/p>\n<ul>\n<li style=\"list-style-type: none;\">\n<ul>\n<li>Gli articoli sono integri, nella confezione originale e adatti alla rivendita.<\/li>\n<li>Il trasporto di ritorno \u00e8 a carico del cliente.<\/li>\n<li>Tutti gli articoli vengono restituiti entro 30 giorni dalla ricezione dell&#8217;ordine.<\/li>\n<\/ul>\n<\/li>\n<\/ul>\n<p>Si ricorda di allegare al reso una copia dell&#8217;ordine di vendita per consentirci di identificare il mittente della merce.<\/p>\n<p>Provvederemo ad accreditare il conto della carta di pagamento entro 14 giorni dal ricevimento del prodotto restituito.<\/p>\n<p>Per consentirci di gestire la vostra chiamata in modo rapido ed efficiente, vi preghiamo di fornire le seguenti informazioni:<\/p>\n<p>Numero d&#8217;ordine<\/p>\n<p>Codice prodotto<\/p>\n<p>Motivo della restituzione[\/vc_column_text][\/vc_tta_section][vc_tta_section title=&#8221;I vostri prezzi includono l&apos;IVA?&#8221; tab_id=&#8221;1484057271889-b3b2ad15-15f7&#8243;][vc_column_text text_larger=&#8221;no&#8221;]S\u00ec, tutti i prezzi sono comprensivi di IVA al tasso attuale del 24%. Per i paesi extra UE l&#8217;IVA non viene calcolata.[\/vc_column_text][\/vc_tta_section][vc_tta_section title=&#8221;Prodotti richiesti il giorno successivo?&#8221; tab_id=&#8221;1484056425804-e857e9fe-0c57&#8243;][vc_column_text text_larger=&#8221;no&#8221;]La consegna il giorno successivo \u00e8 il nostro servizio di trasporto standard per gli ordini nazionali (greci), ma vi preghiamo di contattarci prima per assicurarci di avere scorte sufficienti a soddisfare i vostri ordini. Si prega di notare che \u00e8 necessario essere presenti all&#8217;indirizzo di consegna quando la merce viene consegnata, poich\u00e9 il nostro corriere richieder\u00e0 una ricevuta firmata come prova di consegna. Siamo in grado di consegnare a un indirizzo alternativo se non sarete a casa per ricevere il vostro ordine.<\/p>\n<p>Assicuratevi che qualcuno sia in grado di ricevere la merce il giorno della consegna; sarete avvisati via e-mail o via sms (se richiesto) con un&#8217;ora di arrivo prevista dell&#8217;ordine. Se il corriere non pu\u00f2 consegnare la merce perch\u00e9 non c&#8217;\u00e8 nessuno disponibile ad accettare la consegna, dovrete contattarci per concordare una data di consegna adeguata. Se la consegna non pu\u00f2 essere effettuata o viene rifiutata, verr\u00e0 addebitato un ulteriore costo di consegna o detratto da qualsiasi credito per recuperare i costi sostenuti.<\/p>\n<p>Siamo in grado di consegnare a un indirizzo separato se non siete in casa durante l&#8217;orario di lavoro.[\/vc_column_text][\/vc_tta_section][\/vc_tta_accordion][\/vc_column][vc_column css=&#8221;.vc_custom_1496927688909{padding-top: 20px !important;padding-right: 50px !important;padding-bottom: 10px !important;padding-left: 50px !important;}&#8221; offset=&#8221;vc_col-lg-6 vc_col-md-6&#8243;]\n\t\t<div id=\"wd-6a01fa5f4f81c\" class=\"title-wrapper wd-wpb wd-set-mb reset-last-child  wd-title-color-default wd-title-style-default text-left  wd-underline-colored\">\n\t\t\t\t\t\t\t\n\t\t\t\t<div class=\"title-subtitle  subtitle-color-default font-default subtitle-style-default wd-font-weight- wd-fontsize-xs\">INFORMAZIONI SU DI NOI<\/div>\n\t\t\t\n\t\t\t<div class=\"liner-continer\">\n\t\t\t\t<h4 class=\"woodmart-title-container title  wd-font-weight- wd-fontsize-l\" >CONTATTATECI PER QUALSIASI DOMANDA<\/h4>\n\t\t\t\t\t\t\t<\/div>\n\t\t\t\n\t\t\t\n\t\t\t\n\t\t<\/div>\n\t\t\n\t\t\n<div class=\"wpcf7 no-js\" id=\"wpcf7-f169293-o1\" lang=\"it-IT\" dir=\"ltr\" data-wpcf7-id=\"169293\">\n<div class=\"screen-reader-response\"><p role=\"status\" aria-live=\"polite\" aria-atomic=\"true\"><\/p> <ul><\/ul><\/div>\n<form action=\"\/it\/wp-json\/wp\/v2\/pages\/169295#wpcf7-f169293-o1\" method=\"post\" class=\"wpcf7-form init\" aria-label=\"Modulo di contatto\" novalidate=\"novalidate\" data-status=\"init\">\n<fieldset class=\"hidden-fields-container\"><input type=\"hidden\" name=\"_wpcf7\" value=\"169293\" \/><input type=\"hidden\" name=\"_wpcf7_version\" value=\"6.1.5\" \/><input type=\"hidden\" name=\"_wpcf7_locale\" value=\"it_IT\" \/><input type=\"hidden\" name=\"_wpcf7_unit_tag\" value=\"wpcf7-f169293-o1\" \/><input type=\"hidden\" name=\"_wpcf7_container_post\" value=\"0\" \/><input type=\"hidden\" name=\"_wpcf7_posted_data_hash\" value=\"\" \/>\n<\/fieldset>\n<div class=\"row\">\n\t<div class=\"col-md-6\" style=\"margin-bottom:20px;\">\n\t\t<p><label>Il tuo nome<\/label><span class=\"wpcf7-form-control-wrap\" data-name=\"your-name\"><input size=\"40\" maxlength=\"400\" class=\"wpcf7-form-control wpcf7-text wpcf7-validates-as-required\" aria-required=\"true\" aria-invalid=\"false\" value=\"\" type=\"text\" name=\"your-name\" \/><\/span>\n\t\t<\/p>\n\t<\/div>\n\t<div class=\"col-md-6\" style=\"margin-bottom:20px;\">\n\t\t<p><label>Il tuo indirizzo e-mail<\/label><span class=\"wpcf7-form-control-wrap\" data-name=\"your-email\"><input size=\"40\" maxlength=\"400\" class=\"wpcf7-form-control wpcf7-email wpcf7-validates-as-required wpcf7-text wpcf7-validates-as-email\" aria-required=\"true\" aria-invalid=\"false\" value=\"\" type=\"email\" name=\"your-email\" \/><\/span>\n\t\t<\/p>\n\t<\/div>\n<\/div>\n<div class=\"row\">\n\t<div class=\"col-md-6\" style=\"margin-bottom:20px;\">\n\t\t<p><label>Numero di telefono<\/label><span class=\"wpcf7-form-control-wrap\" data-name=\"tel-767\"><input size=\"40\" maxlength=\"400\" class=\"wpcf7-form-control wpcf7-tel wpcf7-text wpcf7-validates-as-tel\" aria-invalid=\"false\" value=\"\" type=\"tel\" name=\"tel-767\" \/><\/span>\n\t\t<\/p>\n\t<\/div>\n\t<div class=\"col-md-6\" style=\"margin-bottom:20px;\">\n\t\t<p><label>Azienda<\/label><span class=\"wpcf7-form-control-wrap\" data-name=\"text-1\"><input size=\"40\" maxlength=\"400\" class=\"wpcf7-form-control wpcf7-text\" aria-invalid=\"false\" value=\"\" type=\"text\" name=\"text-1\" \/><\/span>\n\t\t<\/p>\n\t<\/div>\n\t<div class=\"col-md-12\" style=\"margin-bottom:40px;\">\n\t\t<p><label>Oggetto<\/label><span class=\"wpcf7-form-control-wrap\" data-name=\"your-subject\"><input size=\"40\" maxlength=\"400\" class=\"wpcf7-form-control wpcf7-text\" aria-invalid=\"false\" value=\"\" type=\"text\" name=\"your-subject\" \/><\/span>\n\t\t<\/p>\n\t<\/div>\n<\/div>\n<p><label>Il vostro messaggio<\/label><span class=\"wpcf7-form-control-wrap\" data-name=\"your-message\"><textarea cols=\"40\" rows=\"10\" maxlength=\"2000\" class=\"wpcf7-form-control wpcf7-textarea\" aria-invalid=\"false\" name=\"your-message\"><\/textarea><\/span>\n<\/p>\n<p><input class=\"wpcf7-form-control wpcf7-submit has-spinner btn-color-black\" type=\"submit\" value=\"ASK A QUESTION\" \/>\n<\/p><input type=\"hidden\" id=\"ct_checkjs_cf7_b9228e0962a78b84f3d5d92f4faa000b\" name=\"ct_checkjs_cf7\" value=\"0\" \/><input\n                    class=\"apbct_special_field apbct_email_id__wp_contact_form_7\"\n                    name=\"apbct__email_id__wp_contact_form_7\"\n                    aria-label=\"apbct__label_id__wp_contact_form_7\"\n                    type=\"text\" size=\"30\" maxlength=\"200\" autocomplete=\"off\"\n                    value=\"\"\n                \/><div class=\"wpcf7-response-output\" aria-hidden=\"true\"><\/div>\n<\/form>\n<\/div>\n\n\t\t<div id=\"wd-66724ccdc2763\" class=\"title-wrapper wd-wpb wd-set-mb reset-last-child  wd-rs-66724ccdc2763 wd-title-color-default wd-title-style-default text-left  wd-underline-colored\">\n\t\t\t\n\t\t\t<div class=\"liner-continer\">\n\t\t\t\t<h4 class=\"woodmart-title-container title  wd-font-weight- wd-fontsize-m\" >Oppali Creative Monoprosopi IKE<\/h4>\n\t\t\t\t\t\t\t<\/div>\n\t\t\t\n\t\t\t\n\t\t\t\n\t\t<\/div>\n\t\t\n\t\t\t\t<div id=\"wd-68dde8076a2a8\" class=\"wd-text-block wd-wpb reset-last-child wd-rs-68dde8076a2a8 text-left \">\n\t\t\t<p>Ermou 1<br \/>\n14452 Metamorfosi Attiki-Grecia<\/p>\n<p>Numero di registrazione (GEMI): 162599201000<\/p>\n<p>Partita IVA: EL801747421<\/p>\n<p>Tel. +30 2103006868 Fax. +30 2103009420<\/p>\n\t\t<\/div>\n\t\t[\/vc_column][\/vc_row]<\/p>\n<\/div>","protected":false},"excerpt":{"rendered":"<p>[vc_row full_width=&#8221;stretch_row_content_no_spaces&#8221; css_animation=&#8221;none&#8221; css=&#8221;.vc_custom_1496927007057{margin-top: -40px !important;margin-bottom: 8vh !important;}&#8221;][vc_column][\/vc_column][\/vc_row][vc_row equal_height=&#8221;yes&#8221; css_animation=&#8221;none&#8221; css=&#8221;.vc_custom_1496926452255{margin-right: -50px !important;margin-left: -50px !important;}&#8221;][vc_column css=&#8221;.vc_custom_1496927710186{border-right-width: 1px !important;padding-top: 20px !important;padding-right:<\/p>\n","protected":false},"author":1,"featured_media":0,"parent":0,"menu_order":0,"comment_status":"closed","ping_status":"closed","template":"","meta":{"footnotes":""},"class_list":["post-169295","page","type-page","status-publish","hentry"],"_links":{"self":[{"href":"https:\/\/oppali.com\/it\/wp-json\/wp\/v2\/pages\/169295","targetHints":{"allow":["GET"]}}],"collection":[{"href":"https:\/\/oppali.com\/it\/wp-json\/wp\/v2\/pages"}],"about":[{"href":"https:\/\/oppali.com\/it\/wp-json\/wp\/v2\/types\/page"}],"author":[{"embeddable":true,"href":"https:\/\/oppali.com\/it\/wp-json\/wp\/v2\/users\/1"}],"replies":[{"embeddable":true,"href":"https:\/\/oppali.com\/it\/wp-json\/wp\/v2\/comments?post=169295"}],"version-history":[{"count":0,"href":"https:\/\/oppali.com\/it\/wp-json\/wp\/v2\/pages\/169295\/revisions"}],"wp:attachment":[{"href":"https:\/\/oppali.com\/it\/wp-json\/wp\/v2\/media?parent=169295"}],"curies":[{"name":"wp","href":"https:\/\/api.w.org\/{rel}","templated":true}]}}