{"id":253911,"date":"2024-04-28T05:56:29","date_gmt":"2024-04-28T02:56:29","guid":{"rendered":"https:\/\/oppali.com\/product\/oppali-tapis-blanc-acier-inoxydable-304-materiau-de-haute-qualite-poignee-de-porte-dentree-diametre-de-la-poignee-30mm-2\/"},"modified":"2026-01-07T19:31:08","modified_gmt":"2026-01-07T17:31:08","slug":"oppali-tapis-blanc-acier-inoxydable-304-materiau-de-haute-qualite-poignee-de-porte-dentree-diametre-de-la-poignee-30mm-2","status":"publish","type":"product","link":"https:\/\/oppali.com\/fr\/produit\/oppali-tapis-blanc-acier-inoxydable-304-materiau-de-haute-qualite-poignee-de-porte-dentree-diametre-de-la-poignee-30mm-2\/","title":{"rendered":"Oppali Tapis blanc Acier Inoxydable 304 Mat\u00e9riau de haute qualit\u00e9 Poign\u00e9e de porte d&rsquo;entr\u00e9e Art.570 | Inclin\u00e9 \u00e0 un angle de 45\u00b0 | Rond T-Bar"},"content":{"rendered":"<p>Les poign\u00e9es de porte d&rsquo;entr\u00e9e en acier inoxydable d&rsquo;Oppali conviennent aux portes en bois, en verre, en fibre de verre et en m\u00e9tal. Elles sont disponibles dans de nombreux mod\u00e8les et finitions, d&rsquo;une longueur allant de 30 cm (1,8 po) \u00e0 200 cm (78,7 po). Les mat\u00e9riaux de haute qualit\u00e9 304 et les belles finitions de surface permettent une installation dans des environnements ext\u00e9rieurs tels que les portails, les portes d&rsquo;entr\u00e9e, les magasins, ainsi que dans des environnements int\u00e9rieurs tels que les salles de conf\u00e9rence, les portes vitr\u00e9es des douches, les salles de conf\u00e9rence, les salles de bain et les chambres \u00e0 coucher. Y compris les accessoires de montage assortis pour Back to Back pour les portes vitr\u00e9es de magasin, les portes vitr\u00e9es de douche, les portes coulissantes, les salles de bains (une poign\u00e9e se fixe \u00e0 l&rsquo;ext\u00e9rieur de la porte et est attach\u00e9e \u00e0 une autre poign\u00e9e mont\u00e9e \u00e0 l&rsquo;int\u00e9rieur de la porte). Peut \u00e9galement \u00eatre mont\u00e9 sur des portes en aluminium &#8211; portes m\u00e9talliques &#8211; portes coulissantes &#8211; portes en verre &#8211; portes de douche ou portes en plastique en tant que paire de poign\u00e9es, porte d&rsquo;entr\u00e9e en bois et porte d&rsquo;entr\u00e9e de s\u00e9curit\u00e9. 10 longueurs : 40cm(16 Inches), 50cm(19,7 Inches) 60cm(24 Inches), 80cm(32 Inches), 100cm(40 Inches), 120cm(47 Inches), 150cm(59 Inches), 160cm(63 Inches), 180cm(71 Inches), 200cm(78,7 Inches). Toutes les pi\u00e8ces sont en acier inoxydable 304.<\/p>\n<ul>\n<li>Toutes les pi\u00e8ces sont en acier inoxydable 304<\/li>\n<li>Acier inoxydable bross\u00e9, finitions noir, blanc mat, laiton mat.<\/li>\n<li>Paire pour installation dos \u00e0 dos (portes vitr\u00e9es de magasin, portes vitr\u00e9es de douche, portes coulissantes, salles de bains) et pi\u00e8ce pour installation d&rsquo;un c\u00f4t\u00e9 (portes d&rsquo;entr\u00e9e en bois et de s\u00e9curit\u00e9, portails, chambres).<\/li>\n<li>10 longueurs : 40cm(16 Inches), 50cm(19,7 Inches) 60cm(24 Inches), 80cm(32 Inches), 100cm(40 Inches), 120cm(47 Inches), 150cm(59 Inches), 160cm(63 Inches), 180cm(71 Inches), 200cm(78,7 Inches)<\/li>\n<li>Y compris les ferrures de montage assorties pour Back to Back (une poign\u00e9e se fixe \u00e0 l&rsquo;ext\u00e9rieur de la porte et est attach\u00e9e \u00e0 une autre poign\u00e9e mont\u00e9e \u00e0 l&rsquo;int\u00e9rieur de la porte).<\/li>\n<\/ul>\n<p><strong>Espacement des trous :  <\/strong><\/p>\n<p><strong>Mat\u00e9riau :  <\/strong><strong><br \/>\n<\/strong><\/p>\n<p>&nbsp;<\/p>\n<p>&nbsp;<\/p>\n","protected":false},"excerpt":{"rendered":"<p>Les poign\u00e9es de porte d&rsquo;entr\u00e9e en acier inoxydable d&rsquo;Oppali conviennent aux portes en bois, en verre, en fibre de verre<\/p>\n","protected":false},"featured_media":236250,"comment_status":"open","ping_status":"closed","template":"","meta":[],"product_brand":[1202],"product_cat":[277,251],"product_tag":[1361,858,804],"class_list":{"0":"post-253911","1":"product","2":"type-product","3":"status-publish","4":"has-post-thumbnail","6":"product_brand-oppali","7":"product_cat-poignee-de-porte-avant-en-acier-inoxydable","8":"product_cat-poignees-et-boutons-de-porte","9":"product_tag-art_570_fr","10":"product_tag-offset-inclinee-poignees-de-porte","11":"product_tag-poignees-de-porte-cylindrique-en-acier-inoxydable","12":"pa_length-100cm-393in-longueur","13":"pa_length-120cm-472in-longueur","14":"pa_length-150cm-59in-longueur","15":"pa_length-160cm-629in-longueur","16":"pa_length-180cm-708in-longueur","17":"pa_length-200cm-787in-longueur","18":"pa_length-40cm-157in-longueur","19":"pa_length-50cm-196in-longueur","20":"pa_length-60cm-236in-longueur","21":"pa_length-80cm-314in-longueur","22":"pa_pack-paire-de-poignees","23":"pa_pack-poignee-unique","24":"wcpa_has_options","26":"first","27":"instock","28":"taxable","29":"shipping-taxable","30":"purchasable","31":"product-type-variable"},"wcpa_form_fields":null,"_links":{"self":[{"href":"https:\/\/oppali.com\/fr\/wp-json\/wp\/v2\/product\/253911","targetHints":{"allow":["GET"]}}],"collection":[{"href":"https:\/\/oppali.com\/fr\/wp-json\/wp\/v2\/product"}],"about":[{"href":"https:\/\/oppali.com\/fr\/wp-json\/wp\/v2\/types\/product"}],"replies":[{"embeddable":true,"href":"https:\/\/oppali.com\/fr\/wp-json\/wp\/v2\/comments?post=253911"}],"wp:featuredmedia":[{"embeddable":true,"href":"https:\/\/oppali.com\/fr\/wp-json\/wp\/v2\/media\/236250"}],"wp:attachment":[{"href":"https:\/\/oppali.com\/fr\/wp-json\/wp\/v2\/media?parent=253911"}],"wp:term":[{"taxonomy":"product_brand","embeddable":true,"href":"https:\/\/oppali.com\/fr\/wp-json\/wp\/v2\/product_brand?post=253911"},{"taxonomy":"product_cat","embeddable":true,"href":"https:\/\/oppali.com\/fr\/wp-json\/wp\/v2\/product_cat?post=253911"},{"taxonomy":"product_tag","embeddable":true,"href":"https:\/\/oppali.com\/fr\/wp-json\/wp\/v2\/product_tag?post=253911"}],"curies":[{"name":"wp","href":"https:\/\/api.w.org\/{rel}","templated":true}]}}