{"id":253659,"date":"2024-04-28T05:29:45","date_gmt":"2024-04-28T02:29:45","guid":{"rendered":"https:\/\/oppali.com\/product\/oppali-tapis-blanc-acier-inoxydable-materiau-de-haute-qualite-square-rectangle-poignee-de-porte-dentree-art-580-rectangle-t-bar\/"},"modified":"2024-05-27T23:35:34","modified_gmt":"2024-05-27T20:35:34","slug":"oppali-tapis-blanc-acier-inoxydable-materiau-de-haute-qualite-square-rectangle-poignee-de-porte-dentree-art-580-rectangle-t-bar","status":"publish","type":"product","link":"https:\/\/oppali.com\/fr\/produit\/oppali-tapis-blanc-acier-inoxydable-materiau-de-haute-qualite-square-rectangle-poignee-de-porte-dentree-art-580-rectangle-t-bar\/","title":{"rendered":"Oppali Tapis blanc Acier Inoxydable Mat\u00e9riau de haute qualit\u00e9 Square Rectangle Poign\u00e9e de porte d&rsquo;entr\u00e9e Art.580 | Rectangle T-Bar"},"content":{"rendered":"<p>Les poign\u00e9es de porte d&rsquo;entr\u00e9e en acier inoxydable Oppali conviennent aux portes en bois, en verre, en fibre de verre et en m\u00e9tal et sont disponibles en plusieurs mod\u00e8les\/finitions allant de 30 cm (1,8 po) \u00e0 200 cm (78,7 po). Des mat\u00e9riaux de qualit\u00e9 304 de haute technologie et une belle finition de surface permettent une installation dans des environnements ext\u00e9rieurs tels que des portails, des portes d&rsquo;entr\u00e9e, des magasins dans des environnements int\u00e9rieurs tels que des salles de r\u00e9union, des portes vitr\u00e9es de douche, des salles de conf\u00e9rence, des salles de bains et des chambres. Y compris les ferrures de montage assorties pour les portes en verre dos \u00e0 dos pour les magasins, les portes en verre de douche, les portes coulissantes, les salles de bains (une poign\u00e9e se fixe \u00e0 l&rsquo;ext\u00e9rieur de la porte et est fix\u00e9e \u00e0 une autre poign\u00e9e mont\u00e9e \u00e0 l&rsquo;int\u00e9rieur de la porte). Peut \u00e9galement \u00eatre mont\u00e9 sur des portes en aluminium &#8211; des portes en m\u00e9tal &#8211; des portes coulissantes &#8211; des portes en verre &#8211; des portes de douche ou des portes en plastique comme une paire de poign\u00e9es de poteau, une porte d&rsquo;entr\u00e9e en bois et de s\u00e9curit\u00e9. 10 longueurs : 40 cm (16 pouces), 50 cm (19,7 pouces) 60 cm (24 pouces), 80 cm (32 pouces), 100 cm (40 pouces), 120 cm (47 pouces), 150 cm (59 pouces), 160 cm (63 pouces) ), 180 cm (71 pouces), 200 cm (78,7 pouces). Toutes les pi\u00e8ces sont en acier inoxydable 304.<\/p>\n<ul>\n<li>Toutes les pi\u00e8ces sont en acier inoxydable 304<\/li>\n<li>Finitions : Acier inoxydable bross\u00e9, Noir, Oro Mat.<\/li>\n<li>Paire pour installation dos \u00e0 dos (portes vitr\u00e9es de magasin, portes vitr\u00e9es de douche, portes coulissantes, salles de bains) et pi\u00e8ce pour installation d&rsquo;un c\u00f4t\u00e9 (porte d&rsquo;entr\u00e9e en bois et de s\u00e9curit\u00e9, portails, chambres)<\/li>\n<li>10 longueurs : 40 cm (16 pouces), 50 cm (19,7 pouces) 60 cm (24 pouces), 80 cm (32 pouces), 100 cm (40 pouces), 120 cm (47 pouces), 150 cm (59 pouces), 160 cm (63 pouces) ), 180 cm (71 pouces), 200 cm (78,7 pouces)<\/li>\n<li>Y compris les ferrures de montage assorties pour dos \u00e0 dos (une poign\u00e9e se fixe \u00e0 l&rsquo;ext\u00e9rieur de la porte et est fix\u00e9e \u00e0 une autre poign\u00e9e mont\u00e9e \u00e0 l&rsquo;int\u00e9rieur de la porte).<\/li>\n<\/ul>\n<p><strong>Hole Spacing: <\/strong><\/p>\n<p><strong>Material: <\/strong><strong><br \/>\n<\/strong><\/p>\n<p>&nbsp;<\/p>\n<p>&nbsp;<\/p>\n","protected":false},"excerpt":{"rendered":"<p>Les poign\u00e9es de porte d&rsquo;entr\u00e9e en acier inoxydable Oppali conviennent aux portes en bois, en verre, en fibre de verre<\/p>\n","protected":false},"featured_media":234787,"comment_status":"open","ping_status":"open","template":"","meta":[],"product_brand":[1202],"product_cat":[277,251],"product_tag":[1362,800],"class_list":{"0":"post-253659","1":"product","2":"type-product","3":"status-publish","4":"has-post-thumbnail","6":"product_brand-oppali","7":"product_cat-poignee-de-porte-avant-en-acier-inoxydable","8":"product_cat-poignees-et-boutons-de-porte","9":"product_tag-art_580_fr","10":"product_tag-poignees-de-porte-rectangle-en-acier-inoxydable","11":"pa_length-100cm-393in-longueur","12":"pa_length-120cm-472in-longueur","13":"pa_length-150cm-59in-longueur","14":"pa_length-160cm-629in-longueur","15":"pa_length-180cm-708in-longueur","16":"pa_length-200cm-787in-longueur","17":"pa_length-40cm-157in-longueur","18":"pa_length-50cm-196in-longueur","19":"pa_length-60cm-236in-longueur","20":"pa_length-80cm-314in-longueur","21":"pa_pack-paire-de-poignees","22":"pa_pack-poignee-unique","23":"wcpa_has_options","25":"first","26":"instock","27":"taxable","28":"shipping-taxable","29":"purchasable","30":"product-type-variable"},"wcpa_form_fields":null,"_links":{"self":[{"href":"https:\/\/oppali.com\/fr\/wp-json\/wp\/v2\/product\/253659","targetHints":{"allow":["GET"]}}],"collection":[{"href":"https:\/\/oppali.com\/fr\/wp-json\/wp\/v2\/product"}],"about":[{"href":"https:\/\/oppali.com\/fr\/wp-json\/wp\/v2\/types\/product"}],"replies":[{"embeddable":true,"href":"https:\/\/oppali.com\/fr\/wp-json\/wp\/v2\/comments?post=253659"}],"wp:featuredmedia":[{"embeddable":true,"href":"https:\/\/oppali.com\/fr\/wp-json\/wp\/v2\/media\/234787"}],"wp:attachment":[{"href":"https:\/\/oppali.com\/fr\/wp-json\/wp\/v2\/media?parent=253659"}],"wp:term":[{"taxonomy":"product_brand","embeddable":true,"href":"https:\/\/oppali.com\/fr\/wp-json\/wp\/v2\/product_brand?post=253659"},{"taxonomy":"product_cat","embeddable":true,"href":"https:\/\/oppali.com\/fr\/wp-json\/wp\/v2\/product_cat?post=253659"},{"taxonomy":"product_tag","embeddable":true,"href":"https:\/\/oppali.com\/fr\/wp-json\/wp\/v2\/product_tag?post=253659"}],"curies":[{"name":"wp","href":"https:\/\/api.w.org\/{rel}","templated":true}]}}