{"id":42680,"date":"2019-05-12T16:13:34","date_gmt":"2019-05-12T13:13:34","guid":{"rendered":"https:\/\/oppali.com\/mon-compte\/"},"modified":"2025-11-12T12:04:48","modified_gmt":"2025-11-12T10:04:48","slug":"mon-compte","status":"publish","type":"page","link":"https:\/\/oppali.com\/fr\/mon-compte\/","title":{"rendered":"Mon compte"},"content":{"rendered":"<div class=\"woocommerce\"><\/div>\n<p>&nbsp;<\/p>\n<h2 style=\"text-align: center;\">Enregistrement des clients en gros<\/h2>\n<p style=\"text-align: center;\"><div class=\"woocommerce\">\n\t<div id=\"wwlc-registration-form\" data-redirect=\"\">\n    \t<div class=\"woocommerce wwlc-form-error\"><\/div><form method=\"post\" class=\"wwlc-register woocommerce-form woocommerce-form-register\" id=\"registration_form\"><input type=\"hidden\" id=\"wwlc_register_user_nonce_field\" name=\"wwlc_register_user_nonce_field\" value=\"56487a864a\" \/><input type=\"hidden\" name=\"_wp_http_referer\" value=\"\/fr\/wp-json\/wp\/v2\/pages\/42680\" \/><div style=\"display: none !important;\" class=\"honeypot\"><label for=\"honeypot-field\">Merci de laisser ce champ vide:<\/label><input type=\"text\" id=\"honeypot-field\" name=\"honeypot-field\" val=\"\"><\/div><p class=\"form-row field-set text-field-set first_name wwlc_registration_field form_field validate-required\" id=\"first_name_field\" data-priority=\"\"><label for=\"first_name\" class=\"required_field\">Pr\u00e9nom&nbsp;<span class=\"required\" aria-hidden=\"true\">*<\/span><\/label><span class=\"woocommerce-input-wrapper\"><input type=\"text\" class=\"input-text wwlc_form_field\" name=\"first_name\" id=\"first_name\" placeholder=\"\"  value=\"\" data-required=\"yes\" aria-required=\"true\" \/><\/span><\/p><p class=\"form-row field-set text-field-set last_name wwlc_registration_field form_field validate-required\" id=\"last_name_field\" data-priority=\"\"><label for=\"last_name\" class=\"required_field\">Nom&nbsp;<span class=\"required\" aria-hidden=\"true\">*<\/span><\/label><span class=\"woocommerce-input-wrapper\"><input type=\"text\" class=\"input-text wwlc_form_field\" name=\"last_name\" id=\"last_name\" placeholder=\"\"  value=\"\" data-required=\"yes\" aria-required=\"true\" \/><\/span><\/p><p class=\"form-row field-set phone-field-set wwlc_phone wwlc_registration_field form_field validate-required\" id=\"wwlc_phone_field\" data-priority=\"\"><label for=\"wwlc_phone\" class=\"required_field\">T\u00e9l\u00e9phone&nbsp;<span class=\"required\" aria-hidden=\"true\">*<\/span><\/label><span class=\"woocommerce-input-wrapper\"><input type=\"tel\" class=\"input-text wwlc_form_field phone\" name=\"wwlc_phone\" id=\"wwlc_phone\" placeholder=\"\"  value=\"\" data-phonemask=\"No format\" data-required=\"yes\" aria-required=\"true\" \/><\/span><\/p><p class=\"form-row field-set email-field-set user_email wwlc_registration_field form_field validate-required\" id=\"user_email_field\" data-priority=\"\"><label for=\"user_email\" class=\"required_field\">E-mail&nbsp;<span class=\"required\" aria-hidden=\"true\">*<\/span><\/label><span class=\"woocommerce-input-wrapper\"><input type=\"email\" class=\"input-text wwlc_form_field\" name=\"user_email\" id=\"user_email\" placeholder=\"\"  value=\"\" data-required=\"yes\" aria-required=\"true\" \/><\/span><\/p><p class=\"form-row field-set text-field-set wwlc_username wwlc_registration_field form_field validate-required\" id=\"wwlc_username_field\" data-priority=\"\"><label for=\"wwlc_username\" class=\"required_field\">Nom d'utilisateur&nbsp;<span class=\"required\" aria-hidden=\"true\">*<\/span><\/label><span class=\"woocommerce-input-wrapper\"><input type=\"text\" class=\"input-text wwlc_form_field\" name=\"wwlc_username\" id=\"wwlc_username\" placeholder=\"\"  value=\"\" data-required=\"yes\" aria-required=\"true\" \/><\/span><\/p><p class=\"form-row field-set wwlc_password-field-set wwlc_password wwlc_registration_field form_field validate-required\" id=\"wwlc_password\" data-sort=\"\"><label for=\"wwlc_password\" class=\"required_field\">Mot de passe <abbr class=\"required\" title=\"requis\">*<\/abbr><\/label><input type=\"password\" class=\"input-text wwlc_form_field\" name=\"wwlc_password\" id=\"wwlc_password\" placeholder=\"\"  value=\"\" data-required=\"yes\" aria-required=\"true\" \/><span id=\"wwlc-password-strength\" class=\"wwlc-password-strength\"><\/span><\/p><p class=\"form-row wwlc_password_confirm-field-set wwlc_password_confirm form_field\"><label for=\"wwlc_password_confirm\" class=\"required_field\">Confirmer le mot de passe<\/label><input type=\"password\" class=\"input-text wwlc_form_field\" id=\"wwlc_password_confirm\" placeholder=\"\"><\/p><p class=\"form-row field-set text-field-set wwlc_company_name wwlc_registration_field form_field validate-required\" id=\"wwlc_company_name_field\" data-priority=\"\"><label for=\"wwlc_company_name\" class=\"required_field\">Nom de l'entreprise&nbsp;<span class=\"required\" aria-hidden=\"true\">*<\/span><\/label><span class=\"woocommerce-input-wrapper\"><input type=\"text\" class=\"input-text wwlc_form_field\" name=\"wwlc_company_name\" id=\"wwlc_company_name\" placeholder=\"\"  value=\"\" data-required=\"yes\" aria-required=\"true\" \/><\/span><\/p><p class=\"form-row field-set select-field-set wwlc_country wwlc_registration_field form_field validate-required\" id=\"wwlc_country_field\" data-priority=\"\"><label for=\"wwlc_country\" class=\"required_field\">Pays&nbsp;<span class=\"required\" aria-hidden=\"true\">*<\/span><\/label><span class=\"woocommerce-input-wrapper\"><select name=\"wwlc_country\" id=\"wwlc_country\" class=\"select wwlc_form_field\" data-required=\"yes\" aria-required=\"true\" data-placeholder=\"\">\n\t\t\t\t\t\t\t<option value=\"AF\" >Afghanistan<\/option><option value=\"ZA\" >Afrique du Sud<\/option><option value=\"AX\" >\u00c5land Islands<\/option><option value=\"AL\" >Albanie<\/option><option value=\"DZ\" >Alg\u00e9rie<\/option><option value=\"DE\" >Allemagne<\/option><option value=\"AS\" >American Samoa<\/option><option value=\"AD\" >Andorre<\/option><option value=\"AO\" >Angola<\/option><option value=\"AI\" >Anguilla<\/option><option value=\"AQ\" >Antarctique<\/option><option value=\"AG\" >Antigua-et-Barbuda<\/option><option value=\"SA\" >Arabie Saoudite<\/option><option value=\"AR\" >Argentine<\/option><option value=\"AM\" >Arm\u00e9nie<\/option><option value=\"AW\" >Aruba<\/option><option value=\"AU\" >Australie<\/option><option value=\"AT\" >Autriche<\/option><option value=\"AZ\" >Azerbaijan<\/option><option value=\"BS\" >Bahamas<\/option><option value=\"BH\" >Bahrain<\/option><option value=\"BD\" >Bangladesh<\/option><option value=\"BB\" >Barbades<\/option><option value=\"PW\" >Belau<\/option><option value=\"BE\" >Belgique<\/option><option value=\"BZ\" >Belize<\/option><option value=\"BJ\" >Benin<\/option><option value=\"BM\" >Bermudes<\/option><option value=\"BT\" >Bhutan<\/option><option value=\"BY\" >Bi\u00e9lorussie<\/option><option value=\"BO\" >Bolivie<\/option><option value=\"BA\" >Bosnie-Herz\u00e9govine<\/option><option value=\"BW\" >Botswana<\/option><option value=\"BR\" >Br\u00e9sil<\/option><option value=\"BN\" >Brunei<\/option><option value=\"BG\" >Bulgarie<\/option><option value=\"BF\" >Burkina Faso<\/option><option value=\"BI\" >Burundi<\/option><option value=\"KH\" >Cambodge<\/option><option value=\"CM\" >Cameroun<\/option><option value=\"CA\" >Canada<\/option><option value=\"CV\" >Cap Vert<\/option><option value=\"CL\" >Chili<\/option><option value=\"CN\" >Chine<\/option><option value=\"CX\" >Christmas Island<\/option><option value=\"CY\" >Chypre<\/option><option value=\"CO\" >Colombie<\/option><option value=\"KM\" >Comores<\/option><option value=\"CG\" >Congo (Brazzaville)<\/option><option value=\"CD\" >Congo (Kinshasa)<\/option><option value=\"KP\" >Cor\u00e9e du Nord<\/option><option value=\"KR\" >Cor\u00e9e du Sud<\/option><option value=\"CR\" >Costa Rica<\/option><option value=\"CI\" >C\u00f4te-d\u2019Ivoire<\/option><option value=\"HR\" >Croatie<\/option><option value=\"CU\" >Cuba<\/option><option value=\"CW\" >Cura\u00e7ao<\/option><option value=\"DK\" >Danemark<\/option><option value=\"DJ\" >Djibouti<\/option><option value=\"DM\" >Dominique<\/option><option value=\"EG\" >\u00c9gypte<\/option><option value=\"AE\" >\u00c9mirats Arabes Unis<\/option><option value=\"EC\" >\u00c9quateur<\/option><option value=\"ER\" >Erythr\u00e9e<\/option><option value=\"ES\" >Espagne<\/option><option value=\"EE\" >Estonie<\/option><option value=\"SZ\" >Eswatini<\/option><option value=\"US\" >Etats-Unis (USA)<\/option><option value=\"ET\" >\u00c9thiopie<\/option><option value=\"FJ\" >Fidji<\/option><option value=\"FI\" >Finlande<\/option><option value=\"FR\" >France<\/option><option value=\"GA\" >Gabon<\/option><option value=\"GM\" >Gambie<\/option><option value=\"GE\" >G\u00e9orgie<\/option><option value=\"GS\" >G\u00e9orgie du Sud \/ \u00eeles Sandwich<\/option><option value=\"GH\" >Ghana<\/option><option value=\"GI\" >Gibraltar<\/option><option value=\"GR\" >Gr\u00e8ce<\/option><option value=\"GD\" >Grenade<\/option><option value=\"GL\" >Groenland<\/option><option value=\"GP\" >Guadeloupe<\/option><option value=\"GU\" >Guam<\/option><option value=\"GT\" >Guatemala<\/option><option value=\"GG\" >Guernesey<\/option><option value=\"GN\" >Guin\u00e9e<\/option><option value=\"GQ\" >Guin\u00e9e \u00e9quatoriale<\/option><option value=\"GW\" >Guin\u00e9e-Bissau<\/option><option value=\"GY\" >Guyane<\/option><option value=\"GF\" >Guyane Fran\u00e7aise<\/option><option value=\"HT\" >Ha\u00efti<\/option><option value=\"HN\" >Honduras<\/option><option value=\"HK\" >Hong Kong<\/option><option value=\"HU\" >Hongrie<\/option><option value=\"BV\" >\u00cele Bouvet<\/option><option value=\"IM\" >\u00cele de Man<\/option><option value=\"NF\" >\u00cele Norfolk<\/option><option value=\"KY\" >\u00celes Ca\u00efmans<\/option><option value=\"CC\" >\u00celes Cocos<\/option><option value=\"CK\" >\u00celes Cook<\/option><option value=\"FK\" >\u00celes Falkland<\/option><option value=\"FO\" >\u00celes F\u00e9ro\u00e9<\/option><option value=\"HM\" >\u00celes Heard-et-MacDonald<\/option><option value=\"MH\" >\u00celes Marshall<\/option><option value=\"UM\" >\u00celes Mineures \u00e9loign\u00e9es des \u00c9tats-Unis<\/option><option value=\"SB\" >\u00celes Salomon<\/option><option value=\"TC\" >\u00celes Turques et Ca\u00efques<\/option><option value=\"IN\" >Inde<\/option><option value=\"ID\" >Indon\u00e9sie<\/option><option value=\"IR\" >Iran<\/option><option value=\"IQ\" >Iraq<\/option><option value=\"IE\" >Irlande<\/option><option value=\"IS\" >Islande<\/option><option value=\"IL\" >Isra\u00ebl<\/option><option value=\"IT\" >Italie<\/option><option value=\"JM\" >Jama\u00efque<\/option><option value=\"JP\" >Japon<\/option><option value=\"JE\" >Jersey<\/option><option value=\"JO\" >Jordanie<\/option><option value=\"KZ\" >Kazakhstan<\/option><option value=\"KE\" >Kenya<\/option><option value=\"KI\" >Kiribati<\/option><option value=\"XK\" >Kosovo<\/option><option value=\"KW\" >Kowe\u00eft<\/option><option value=\"KG\" >Kyrgyzstan<\/option><option value=\"RE\" >La R\u00e9union<\/option><option value=\"LA\" >Laos<\/option><option value=\"LS\" >Lesotho<\/option><option value=\"LV\" >Lettonie<\/option><option value=\"LB\" >Liban<\/option><option value=\"LR\" >Liberia<\/option><option value=\"LY\" >Libye<\/option><option value=\"LI\" >Liechtenstein<\/option><option value=\"LT\" >Lituanie<\/option><option value=\"LU\" >Luxembourg<\/option><option value=\"MO\" >Macao<\/option><option value=\"MK\" >Mac\u00e9doine du Nord<\/option><option value=\"MG\" >Madagascar<\/option><option value=\"MY\" >Malaisie<\/option><option value=\"MW\" >Malawi<\/option><option value=\"MV\" >Maldives<\/option><option value=\"ML\" >Mali<\/option><option value=\"MT\" >Malte<\/option><option value=\"MA\" >Maroc<\/option><option value=\"MQ\" >Martinique<\/option><option value=\"MU\" >Maurice<\/option><option value=\"MR\" >Mauritanie<\/option><option value=\"YT\" >Mayotte<\/option><option value=\"MX\" >Mexique<\/option><option value=\"FM\" >Micron\u00e9sie<\/option><option value=\"MD\" >Moldavie<\/option><option value=\"MC\" >Monaco<\/option><option value=\"MN\" >Mongolie<\/option><option value=\"ME\" >Montenegro<\/option><option value=\"MS\" >Montserrat<\/option><option value=\"MZ\" >Mozambique<\/option><option value=\"MM\" >Myanmar<\/option><option value=\"NA\" >Namibie<\/option><option value=\"NR\" >Nauru<\/option><option value=\"NP\" >N\u00e9pal<\/option><option value=\"NI\" >Nicaragua<\/option><option value=\"NE\" >Niger<\/option><option value=\"NG\" >Nigeria<\/option><option value=\"NU\" >Niue<\/option><option value=\"MP\" >Northern Mariana Islands<\/option><option value=\"NO\" >Norv\u00e8ge<\/option><option value=\"NC\" >Nouvelle-Cal\u00e9donie<\/option><option value=\"NZ\" >Nouvelle-Z\u00e9lande<\/option><option value=\"OM\" >Oman<\/option><option value=\"PK\" >Pakistan<\/option><option value=\"PA\" >Panama<\/option><option value=\"PG\" >Papouasie-Nouvelle-Guin\u00e9e<\/option><option value=\"PY\" >Paraguay<\/option><option value=\"NL\" >Pays-Bas<\/option><option value=\"PE\" >P\u00e9rou<\/option><option value=\"PH\" >Philippines<\/option><option value=\"PN\" >Pitcairn<\/option><option value=\"PL\" >Pologne<\/option><option value=\"PF\" >Polyn\u00e9sie Fran\u00e7aise<\/option><option value=\"PT\" >Portugal<\/option><option value=\"PR\" >Puerto Rico<\/option><option value=\"QA\" >Qatar<\/option><option value=\"CF\" >R\u00e9publique Centrafricaine<\/option><option value=\"DO\" >R\u00e9publique Dominicaine<\/option><option value=\"CZ\" >R\u00e9publique Tch\u00e8que<\/option><option value=\"RO\" >Roumanie<\/option><option value=\"GB\" >Royaume-Uni (UK)<\/option><option value=\"RU\" >Russie<\/option><option value=\"RW\" >Rwanda<\/option><option value=\"BQ\" >Saba, Saint-Eustache et Bonaire<\/option><option value=\"EH\" >Sahara occidental<\/option><option value=\"BL\" >Saint Barth\u00e9lemy<\/option><option value=\"PM\" >Saint Pierre et Miquelon<\/option><option value=\"KN\" >Saint-Kitts-et-Nevis<\/option><option value=\"MF\" >Saint-Martin (partie fran\u00e7aise)<\/option><option value=\"SX\" >Saint-Martin (partie n\u00e9erlandaise)<\/option><option value=\"VC\" >Saint-Vincent-et-les-Grenadines<\/option><option value=\"SH\" >Sainte-H\u00e9l\u00e8ne<\/option><option value=\"LC\" >Sainte-Lucie<\/option><option value=\"SV\" >Salvador<\/option><option value=\"WS\" >Samoa<\/option><option value=\"SM\" >San Marino<\/option><option value=\"ST\" >Sao Tom\u00e9-et-Principe<\/option><option value=\"SN\" >S\u00e9n\u00e9gal<\/option><option value=\"RS\" >Serbie<\/option><option value=\"SC\" >Seychelles<\/option><option value=\"SL\" >Sierra Leone<\/option><option value=\"SG\" >Singapour<\/option><option value=\"SK\" >Slovaquie<\/option><option value=\"SI\" >Slov\u00e9nie<\/option><option value=\"SO\" >Somalie<\/option><option value=\"SD\" >Soudan<\/option><option value=\"SS\" >Soudan du Sud<\/option><option value=\"LK\" >Sri Lanka<\/option><option value=\"SE\" >Su\u00e8de<\/option><option value=\"CH\" >Suisse<\/option><option value=\"SR\" >Suriname<\/option><option value=\"SJ\" >Svalbard et Jan Mayen<\/option><option value=\"SY\" >Syrie<\/option><option value=\"TW\" >Taiwan<\/option><option value=\"TJ\" >Tajikistan<\/option><option value=\"TZ\" >Tanzanie<\/option><option value=\"TD\" >Tchad<\/option><option value=\"TF\" >Terres Australes Fran\u00e7aises<\/option><option value=\"IO\" >Territoire britannique de l\u2019oc\u00e9an Indien<\/option><option value=\"PS\" >Territoire Palestinien<\/option><option value=\"TH\" >Thailande<\/option><option value=\"TL\" >Timor oriental<\/option><option value=\"TG\" >Togo<\/option><option value=\"TK\" >Tokelau<\/option><option value=\"TO\" >Tonga<\/option><option value=\"TT\" >Trinit\u00e9-et-Tobago<\/option><option value=\"TN\" >Tunisie<\/option><option value=\"TM\" >Turkm\u00e9nistan<\/option><option value=\"TR\" >Turquie<\/option><option value=\"TV\" >Tuvalu<\/option><option value=\"UG\" >Uganda<\/option><option value=\"UA\" >Ukraine<\/option><option value=\"UY\" >Uruguay<\/option><option value=\"UZ\" >Uzbekistan<\/option><option value=\"VU\" >Vanuatu<\/option><option value=\"VA\" >Vatican<\/option><option value=\"VE\" >Venezuela<\/option><option value=\"VN\" >Vietnam<\/option><option value=\"VG\" >Virgin Islands (British)<\/option><option value=\"VI\" >Virgin Islands (US)<\/option><option value=\"WF\" >Wallis et Futuna<\/option><option value=\"YE\" >Yemen<\/option><option value=\"ZM\" >Zambie<\/option><option value=\"ZW\" >Zimbabwe<\/option>\n\t\t\t\t\t\t<\/select><\/span><\/p><p class=\"form-row field-set text-field-set wwlc_address wwlc_registration_field form_field validate-required\" id=\"wwlc_address_field\" data-priority=\"\"><label for=\"wwlc_address\" class=\"required_field\">Adresse 1&nbsp;<span class=\"required\" aria-hidden=\"true\">*<\/span><\/label><span class=\"woocommerce-input-wrapper\"><input type=\"text\" class=\"input-text wwlc_form_field\" name=\"wwlc_address\" id=\"wwlc_address\" placeholder=\"Adresse\"  value=\"\" data-required=\"yes\" aria-required=\"true\" \/><\/span><\/p><p class=\"form-row field-set text-field-set wwlc_address_2 wwlc_registration_field form_field\" id=\"wwlc_address_2_field\" data-priority=\"\"><label for=\"wwlc_address_2\" class=\"\">Adresse ligne 2&nbsp;<span class=\"optional\">(facultatif)<\/span><\/label><span class=\"woocommerce-input-wrapper\"><input type=\"text\" class=\"input-text wwlc_form_field\" name=\"wwlc_address_2\" id=\"wwlc_address_2\" placeholder=\"Apartment, suite, unit etc. (optional)\"  value=\"\"  \/><\/span><\/p><p class=\"form-row field-set text-field-set wwlc_city wwlc_registration_field form_field validate-required\" id=\"wwlc_city_field\" data-priority=\"\"><label for=\"wwlc_city\" class=\"required_field\">Ville&nbsp;<span class=\"required\" aria-hidden=\"true\">*<\/span><\/label><span class=\"woocommerce-input-wrapper\"><input type=\"text\" class=\"input-text wwlc_form_field\" name=\"wwlc_city\" id=\"wwlc_city\" placeholder=\"Ville\"  value=\"\" data-required=\"yes\" aria-required=\"true\" \/><\/span><\/p><p class=\"form-row field-set text-field-set wwlc_state wwlc_registration_field form_field validate-required\" id=\"wwlc_state_field\" data-priority=\"\"><label for=\"wwlc_state\" class=\"required_field\">\u00c9tat&nbsp;<span class=\"required\" aria-hidden=\"true\">*<\/span><\/label><span class=\"woocommerce-input-wrapper\"><input type=\"text\" class=\"input-text wwlc_form_field\" name=\"wwlc_state\" id=\"wwlc_state\" placeholder=\"Etat \/ R\u00e9gion\"  value=\"\" data-required=\"yes\" aria-required=\"true\" \/><\/span><\/p><p class=\"form-row field-set text-field-set wwlc_postcode wwlc_registration_field form_field validate-required\" id=\"wwlc_postcode_field\" data-priority=\"\"><label for=\"wwlc_postcode\" class=\"required_field\">Code Postal&nbsp;<span class=\"required\" aria-hidden=\"true\">*<\/span><\/label><span class=\"woocommerce-input-wrapper\"><input type=\"text\" class=\"input-text wwlc_form_field\" name=\"wwlc_postcode\" id=\"wwlc_postcode\" placeholder=\"Code Postal\"  value=\"\" data-required=\"yes\" aria-required=\"true\" \/><\/span><\/p><p class=\"form-row field-set text-field-set wwlc_cf_vat wwlc_registration_field form_field wwlc_custom_field text_wwlc_custom_field\" id=\"wwlc_cf_vat_field\" data-priority=\"\"><label for=\"wwlc_cf_vat\" class=\"\">Num\u00e9ro de TVA. (Pour les pays de l'UE, veuillez remplir ce champ pour le calcul sans TVA de VIES.)&nbsp;<span class=\"optional\">(facultatif)<\/span><\/label><span class=\"woocommerce-input-wrapper\"><input type=\"text\" class=\"input-text wwlc_form_field\" name=\"wwlc_cf_vat\" id=\"wwlc_cf_vat\" placeholder=\"\"  value=\"\"  \/><\/span><\/p><p class=\"form-row field-set text-field-set wwlc_cf_website wwlc_registration_field form_field wwlc_custom_field text_wwlc_custom_field\" id=\"wwlc_cf_website_field\" data-priority=\"\"><label for=\"wwlc_cf_website\" class=\"\">Web Site&nbsp;<span class=\"optional\">(facultatif)<\/span><\/label><span class=\"woocommerce-input-wrapper\"><input type=\"text\" class=\"input-text wwlc_form_field\" name=\"wwlc_cf_website\" id=\"wwlc_cf_website\" placeholder=\"\"  value=\"\"  \/><\/span><\/p><div id=\"recaptcha_field\" class=\"g-recaptcha form-row field-set recaptcha-field-set recaptcha_field validate-required\" data-sitekey=\"6Lf661cpAAAAADg_R_U0OARNmash_rw2M3XEYFqC\" data-callback=\"recaptchaCallback\"><\/div>\t\t\t\t<div class=\"field-set form-controls-section\">\n\t\t\t<p class=\"register-button-container\"><input type=\"submit\" name=\"submit\" class=\"form-control button button-primary\" id=\"wwlc-register\" value=\"S'inscrire\" ><span class=\"wwlc-loader\"><\/span><\/p><a class=\"form-control\" id=\"log-in\" href=\"https:\/\/oppali.com\/wholesale-log-in-page\/\" >Connexion<\/a> <a class=\"form-control\" id=\"lost-password\" href=\"https:\/\/oppali.com\/fr\/mon-compte\/lost-password\/\" >Mot de passe perdu<\/a>\t\t<\/div>\n\n\t\t<input class=\"input-hidden wwlc_form_field\" type=\"hidden\" name=\"wwlc_role\" id=\"wwlc_role\" value=\"\"><input class=\"input-hidden wwlc_form_field\" type=\"hidden\" name=\"wwlc_page_id\" id=\"wwlc_page_id\" value=\"0\"><\/form>\t<\/div><!--#wwlc-registration-form-->\n<\/div><!--.woocommerce-->\n<\/p>\n","protected":false},"excerpt":{"rendered":"&nbsp; Enregistrement des clients en gros","protected":false},"author":1,"featured_media":0,"parent":0,"menu_order":0,"comment_status":"closed","ping_status":"closed","template":"","meta":{"footnotes":""},"class_list":["post-42680","page","type-page","status-publish","hentry"],"_links":{"self":[{"href":"https:\/\/oppali.com\/fr\/wp-json\/wp\/v2\/pages\/42680","targetHints":{"allow":["GET"]}}],"collection":[{"href":"https:\/\/oppali.com\/fr\/wp-json\/wp\/v2\/pages"}],"about":[{"href":"https:\/\/oppali.com\/fr\/wp-json\/wp\/v2\/types\/page"}],"author":[{"embeddable":true,"href":"https:\/\/oppali.com\/fr\/wp-json\/wp\/v2\/users\/1"}],"replies":[{"embeddable":true,"href":"https:\/\/oppali.com\/fr\/wp-json\/wp\/v2\/comments?post=42680"}],"version-history":[{"count":0,"href":"https:\/\/oppali.com\/fr\/wp-json\/wp\/v2\/pages\/42680\/revisions"}],"wp:attachment":[{"href":"https:\/\/oppali.com\/fr\/wp-json\/wp\/v2\/media?parent=42680"}],"curies":[{"name":"wp","href":"https:\/\/api.w.org\/{rel}","templated":true}]}}