{"id":261211,"date":"2022-06-28T14:39:34","date_gmt":"2022-06-28T11:39:34","guid":{"rendered":"https:\/\/oppali.com\/paiement-termine\/"},"modified":"2025-11-12T11:53:23","modified_gmt":"2025-11-12T09:53:23","slug":"paiement-termine","status":"publish","type":"page","link":"https:\/\/oppali.com\/fr\/paiement-termine\/","title":{"rendered":"Paiement termin\u00e9"},"content":{"rendered":"<p>Merci pour votre commande !<\/p>\n<p>Nous avons re\u00e7u votre commande et nous allons la traiter imm\u00e9diatement. Pour votre information, un courriel de confirmation a \u00e9t\u00e9 envoy\u00e9. Il contient les d\u00e9tails des articles que vous avez achet\u00e9s ainsi qu&rsquo;un num\u00e9ro de suivi (le cas \u00e9ch\u00e9ant).  <\/p>\n","protected":false},"excerpt":{"rendered":"<p>Merci pour votre commande ! Nous avons re\u00e7u votre commande et nous allons la traiter imm\u00e9diatement. Pour votre information, un<\/p>\n","protected":false},"author":1,"featured_media":0,"parent":0,"menu_order":0,"comment_status":"closed","ping_status":"closed","template":"","meta":{"footnotes":""},"class_list":["post-261211","page","type-page","status-publish","hentry"],"_links":{"self":[{"href":"https:\/\/oppali.com\/fr\/wp-json\/wp\/v2\/pages\/261211","targetHints":{"allow":["GET"]}}],"collection":[{"href":"https:\/\/oppali.com\/fr\/wp-json\/wp\/v2\/pages"}],"about":[{"href":"https:\/\/oppali.com\/fr\/wp-json\/wp\/v2\/types\/page"}],"author":[{"embeddable":true,"href":"https:\/\/oppali.com\/fr\/wp-json\/wp\/v2\/users\/1"}],"replies":[{"embeddable":true,"href":"https:\/\/oppali.com\/fr\/wp-json\/wp\/v2\/comments?post=261211"}],"version-history":[{"count":0,"href":"https:\/\/oppali.com\/fr\/wp-json\/wp\/v2\/pages\/261211\/revisions"}],"wp:attachment":[{"href":"https:\/\/oppali.com\/fr\/wp-json\/wp\/v2\/media?parent=261211"}],"curies":[{"name":"wp","href":"https:\/\/api.w.org\/{rel}","templated":true}]}}