{"id":170053,"date":"2017-07-13T06:58:00","date_gmt":"2017-07-13T03:58:00","guid":{"rendered":"https:\/\/oppali.com\/a-propos-de-nous\/"},"modified":"2025-12-26T07:59:29","modified_gmt":"2025-12-26T05:59:29","slug":"about-oppali-poignees-de-porte-en-acier-inoxydable","status":"publish","type":"page","link":"https:\/\/oppali.com\/fr\/about-oppali-poignees-de-porte-en-acier-inoxydable\/","title":{"rendered":"A propos de nous"},"content":{"rendered":"<div class=\"wpb-content-wrapper\"><p data-rm-block-id=\"block-1\">[vc_row full_width=\u00a0\u00bbstretch_row\u00a0\u00bb el_class=\u00a0\u00bbopacity-video-bg\u00a0\u00bb css=\u00a0\u00bb.vc_custom_1688290189574{margin-bottom: 8vh !important;padding-top: 5vh !important;padding-bottom: 24px !important;background-color: #0a0a0a !important;background-position: center !important;background-repeat: no-repeat !important;background-size: cover !important;}\u00a0\u00bb woodmart_css_id=\u00a0\u00bb64a1438487829&Prime; responsive_spacing=\u00a0\u00bbeyJwYXJhbV90eXBlIjoid29vZG1hcnRfcmVzcG9uc2l2ZV9zcGFjaW5nIiwic2VsZWN0b3JfaWQiOiI2NGExNDM4NDg3ODI5Iiwic2hvcnRjb2RlIjoidmNfcm93IiwiZGF0YSI6eyJ0YWJsZXQiOnt9LCJtb2JpbGUiOnt9fX0=\u00a0\u00bb mobile_bg_img_hidden=\u00a0\u00bbno\u00a0\u00bb tablet_bg_img_hidden=\u00a0\u00bbno\u00a0\u00bb woodmart_parallax=\u00a0\u00bb0&Prime; woodmart_gradient_switch=\u00a0\u00bbno\u00a0\u00bb woodmart_box_shadow=\u00a0\u00bbno\u00a0\u00bb wd_z_index=\u00a0\u00bbno\u00a0\u00bb woodmart_disable_overflow=\u00a0\u00bb0&Prime; row_reverse_mobile=\u00a0\u00bb0&Prime; row_reverse_tablet=\u00a0\u00bb0&Prime;][vc_column css=\u00a0\u00bb.vc_custom_1499517305703{padding-top: 0px !important;}\u00a0\u00bb el_class=\u00a0\u00bbtext-center\u00a0\u00bb]\n\t\t<div id=\"wd-64a14353e696d\" class=\"title-wrapper wd-wpb wd-set-mb reset-last-child  wd-rs-64a14353e696d wd-title-color-white wd-title-style-default text-center  wd-underline-colored\">\n\t\t\t\n\t\t\t<div class=\"liner-continer\">\n\t\t\t\t<h4 class=\"woodmart-title-container title  wd-font-weight- wd-fontsize-xxl\" >L&apos;histoire de la r\u00e9ussite de notre entreprise<\/h4>\n\t\t\t\t\t\t\t<\/div>\n\t\t\t\n\t\t\t\t\t\t\t<div class=\"title-after_title reset-last-child  wd-fontsize-s\">Rehaussez l&#039;apparence de vos portes avec Oppali, o\u00f9 l&#039;artisanat rencontre l&#039;innovation.<\/div>\n\t\t\t\n\t\t\t\n\t\t<\/div>\n\t\t\n\t\t[\/vc_column][\/vc_row][vc_row css=\u00a0\u00bb.vc_custom_1499600383384{margin-bottom: 8vh !important;}\u00a0\u00bb][vc_column offset=\u00a0\u00bbvc_col-lg-offset-2 vc_col-lg-8 vc_col-md-offset-2 vc_col-md-8 vc_col-sm-offset-0&Prime; css=\u00a0\u00bb.vc_custom_1499599304156{padding-top: 0px !important;}\u00a0\u00bb]\n\t\t<div id=\"wd-64a1343faa40e\" class=\"title-wrapper wd-wpb wd-set-mb reset-last-child  wd-rs-64a1343faa40e wd-title-color-default wd-title-style-default text-left vc_custom_1688286303790 wd-underline-colored\">\n\t\t\t\n\t\t\t<div class=\"liner-continer\">\n\t\t\t\t<h4 class=\"woodmart-title-container title  wd-font-weight- wd-fontsize-xxxl\" >\u00c0 propos de notre entreprise<\/h4>\n\t\t\t\t\t\t\t<\/div>\n\t\t\t\n\t\t\t\n\t\t\t\n\t\t<\/div>\n\t\t\n\t\t[vc_custom_heading text=\u00a0\u00bbRehaussez l&apos;apparence de vos portes avec Oppali, o\u00f9 l&apos;artisanat rencontre l&apos;innovation.\u00a0\u00bb font_container=\u00a0\u00bbtag:p|font_size:20|text_align:left|color:%23777777&Prime; google_fonts=\u00a0\u00bbfont_family:Lato%3A100%2C100italic%2C300%2C300italic%2Cregular%2Citalic%2C700%2C700italic%2C900%2C900italic|font_style:400%20regular%3A400%3Anormal\u00a0\u00bb css=\u00a0\u00bb.vc_custom_1688286492851{margin-top: -25px !important;}\u00a0\u00bb el_class=\u00a0\u00bbhidden-sm hidden-xs\u00a0\u00bb][vc_custom_heading text=\u00a0\u00bbOppali est une entreprise renomm\u00e9e sp\u00e9cialis\u00e9e dans la production de poign\u00e9es de porte en acier inoxydable. Avec un engagement envers la qualit\u00e9 et l&apos;innovation, Oppali s&apos;est impos\u00e9e comme un fabricant de confiance dans l&apos;industrie.\u00a0\u00bb font_container=\u00a0\u00bbtag:p|font_size:22|text_align:left|color:%238e8e8e\u00a0\u00bb google_fonts=\u00a0\u00bbfont_family:Lato%3A100%2C100italic%2C300%2C300italic%2Cregular%2Citalic%2C700%2C700italic%2C900%2C900italic|font_style:300%20light%20italic%3A300%3Aitalic\u00a0\u00bb][vc_row_inner][vc_column_inner width=\u00a0\u00bb1\/2&Prime; css=\u00a0\u00bb.vc_custom_1494857398526{padding-top: 0px !important;}\u00a0\u00bb][vc_column_text css=\u00a0\u00bb.vc_custom_1688286429089{margin-bottom: 20px !important;}\u00a0\u00bb woodmart_inline=\u00a0\u00bbno\u00a0\u00bb text_larger=\u00a0\u00bbno\u00a0\u00bb]Chez Oppali, nous comprenons que les poign\u00e9es de porte ne sont pas seulement des composants fonctionnels, mais aussi des \u00e9l\u00e9ments de design importants qui rehaussent l&rsquo;esth\u00e9tique de tout espace. C&rsquo;est pourquoi nous sommes fiers de cr\u00e9er de superbes poign\u00e9es de porte en acier inoxydable qui allient fonctionnalit\u00e9, durabilit\u00e9 et \u00e9l\u00e9gance intemporelle.<\/p>\n<p data-rm-block-id=\"block-2\">Notre \u00e9quipe d&rsquo;artisans et d&rsquo;ing\u00e9nieurs qualifi\u00e9s con\u00e7oit et fabrique m\u00e9ticuleusement chaque poign\u00e9e de porte pour garantir une qualit\u00e9 et une pr\u00e9cision impeccables. Nous utilisons des mat\u00e9riaux en acier inoxydable de haute qualit\u00e9 reconnus pour leur r\u00e9sistance, leur r\u00e9sistance \u00e0 la corrosion et leur long\u00e9vit\u00e9. Gr\u00e2ce \u00e0 un savoir-faire minutieux et une attention aux d\u00e9tails, nous cr\u00e9ons des poign\u00e9es de porte qui d\u00e9gagent sophistication et r\u00e9sistent \u00e0 l&rsquo;\u00e9preuve du temps.[\/vc_column_text][\/vc_column_inner][vc_column_inner width=\u00a0\u00bb1\/2&Prime; css=\u00a0\u00bb.vc_custom_1494857394949{padding-top: 0px !important;}\u00a0\u00bb][vc_column_text css=\u00a0\u00bb.vc_custom_1688286381409{margin-bottom: 20px !important;}\u00a0\u00bb woodmart_inline=\u00a0\u00bbno\u00a0\u00bb text_larger=\u00a0\u00bbno\u00a0\u00bb]Que vous recherchiez des designs \u00e9l\u00e9gants et modernes ou des styles classiques et traditionnels, Oppali propose une gamme diversifi\u00e9e d&rsquo;options pour satisfaire tous les go\u00fbts et pr\u00e9f\u00e9rences. Nos poign\u00e9es de porte s&rsquo;int\u00e8grent harmonieusement \u00e0 diff\u00e9rents styles architecturaux, ajoutant une touche de luxe aux espaces r\u00e9sidentiels et commerciaux.<\/p>\n<p data-rm-block-id=\"block-3\">Nous accordons une grande importance \u00e0 la satisfaction de nos clients et nous nous effor\u00e7ons de d\u00e9passer les attentes gr\u00e2ce \u00e0 nos produits de qualit\u00e9 sup\u00e9rieure et notre service exceptionnel. Notre \u00e9quipe d\u00e9vou\u00e9e est toujours pr\u00eate \u00e0 vous aider \u00e0 choisir les poign\u00e9es de porte en acier inoxydable parfaites qui compl\u00e8tent votre vision de design int\u00e9rieur.<\/p>\n<p data-rm-block-id=\"block-4\">Choisissez Oppali pour des poign\u00e9es de porte en acier inoxydable de qualit\u00e9 sup\u00e9rieure et \u00e9l\u00e9gantes, alliant fonctionnalit\u00e9 et esth\u00e9tique en parfaite harmonie. Rehaussez l&rsquo;apparence de vos portes avec Oppali, o\u00f9 l&rsquo;artisanat rencontre l&rsquo;innovation.[\/vc_column_text][\/vc_column_inner][\/vc_row_inner][vc_separator color=\u00a0\u00bbcustom\u00a0\u00bb accent_color=\u00a0\u00bbrgba(10,10,10,0.12)\u00a0\u00bb css=\u00a0\u00bb.vc_custom_1499600318751{margin-bottom: 30px !important;padding-top: 10px !important;}\u00a0\u00bb][vc_row_inner content_placement=\u00a0\u00bbmiddle\u00a0\u00bb css=\u00a0\u00bb.vc_custom_1499600064550{padding-top: 0px !important;}\u00a0\u00bb][vc_column_inner width=\u00a0\u00bb1\/2&Prime; css=\u00a0\u00bb.vc_custom_1499599961071{margin-bottom: 20px !important;padding-top: 0px !important;}\u00a0\u00bb][vc_column_text css=\u00a0\u00bb.vc_custom_1688286742266{margin-bottom: 0px !important;}\u00a0\u00bb woodmart_inline=\u00a0\u00bbno\u00a0\u00bb text_larger=\u00a0\u00bbno\u00a0\u00bb]<a href=\"http:\/\/oppali.com\"><strong><em>Developed by <span style=\"color: #bfcfcf;\">Oppali<\/span> @ 2023.<\/em><\/strong><\/a>[\/vc_column_text][\/vc_column_inner][vc_column_inner width=\u00a0\u00bb1\/2&Prime; css=\u00a0\u00bb.vc_custom_1499599970647{margin-bottom: 20px !important;padding-top: 0px !important;}\u00a0\u00bb]\t\t\t<div\n\t\t\t\t\t\tclass=\" wd-social-icons  wd-style-bordered wd-size-small social-share wd-shape-circle text-right\">\n\t\t\t\t\n\t\t\t\t\n\t\t\t\t\t\t\t\t\t<a rel=\"noopener noreferrer nofollow\" href=\"https:\/\/www.facebook.com\/sharer\/sharer.php?u=https:\/\/oppali.com\/fr\/about-oppali-poignees-de-porte-en-acier-inoxydable\/\" target=\"_blank\" class=\" wd-social-icon social-facebook\" aria-label=\"Facebook social link\">\n\t\t\t\t\t\t<span class=\"wd-icon\"><\/span>\n\t\t\t\t\t\t\t\t\t\t\t<\/a>\n\t\t\t\t\n\t\t\t\t\t\t\t\t\t<a rel=\"noopener noreferrer nofollow\" href=\"https:\/\/x.com\/share?url=https:\/\/oppali.com\/fr\/about-oppali-poignees-de-porte-en-acier-inoxydable\/\" target=\"_blank\" class=\" wd-social-icon social-twitter\" aria-label=\"X social link\">\n\t\t\t\t\t\t<span class=\"wd-icon\"><\/span>\n\t\t\t\t\t\t\t\t\t\t\t<\/a>\n\t\t\t\t\n\t\t\t\t\n\t\t\t\t\n\t\t\t\t\n\t\t\t\t\n\t\t\t\t\n\t\t\t\t\t\t\t\t\t<a rel=\"noopener noreferrer nofollow\" href=\"https:\/\/pinterest.com\/pin\/create\/button\/?url=https:\/\/oppali.com\/fr\/about-oppali-poignees-de-porte-en-acier-inoxydable\/&#038;media=https:\/\/oppali.com\/wp-includes\/images\/media\/default.svg&#038;description=A%20propos%20de%20nous\" target=\"_blank\" class=\" wd-social-icon social-pinterest\" aria-label=\"Pinterest social link\">\n\t\t\t\t\t\t<span class=\"wd-icon\"><\/span>\n\t\t\t\t\t\t\t\t\t\t\t<\/a>\n\t\t\t\t\n\t\t\t\t\n\t\t\t\t\t\t\t\t\t<a rel=\"noopener noreferrer nofollow\" href=\"https:\/\/www.linkedin.com\/shareArticle?mini=true&#038;url=https:\/\/oppali.com\/fr\/about-oppali-poignees-de-porte-en-acier-inoxydable\/\" target=\"_blank\" class=\" wd-social-icon social-linkedin\" aria-label=\"Linkedin social link\">\n\t\t\t\t\t\t<span class=\"wd-icon\"><\/span>\n\t\t\t\t\t\t\t\t\t\t\t<\/a>\n\t\t\t\t\n\t\t\t\t\n\t\t\t\t\n\t\t\t\t\n\t\t\t\t\n\t\t\t\t\n\t\t\t\t\n\t\t\t\t\n\t\t\t\t\n\t\t\t\t\n\t\t\t\t\n\t\t\t\t\n\t\t\t\t\n\t\t\t\t\n\t\t\t\t\n\t\t\t\t\t\t\t\t\t<a rel=\"noopener noreferrer nofollow\" href=\"https:\/\/telegram.me\/share\/url?url=https:\/\/oppali.com\/fr\/about-oppali-poignees-de-porte-en-acier-inoxydable\/\" target=\"_blank\" class=\" wd-social-icon social-tg\" aria-label=\"Telegram social link\">\n\t\t\t\t\t\t<span class=\"wd-icon\"><\/span>\n\t\t\t\t\t\t\t\t\t\t\t<\/a>\n\t\t\t\t\n\t\t\t\t\n\t\t\t<\/div>\n\n\t\t[\/vc_column_inner][\/vc_row_inner][\/vc_column][\/vc_row][vc_section full_width=\u00a0\u00bbstretch_row\u00a0\u00bb css=\u00a0\u00bb.vc_custom_1499928137828{margin-bottom: 10vh !important;padding-top: 8vh !important;padding-bottom: 8vh !important;background-image: url(http:\/\/dummy.xtemos.com\/woodmart\/demos\/wp-content\/uploads\/sites\/2\/2017\/06\/wood-main-dark-bg.jpg?id=246) !important;background-position: center !important;background-repeat: no-repeat !important;background-size: cover !important;}\u00a0\u00bb][vc_row equal_height=\u00a0\u00bbyes\u00a0\u00bb content_placement=\u00a0\u00bbmiddle\u00a0\u00bb css=\u00a0\u00bb.vc_custom_1499604445501{margin-right: -25px !important;margin-left: -25px !important;}\u00a0\u00bb][vc_column width=\u00a0\u00bb1\/6&Prime; css=\u00a0\u00bb.vc_custom_1499604620360{padding-top: 10px !important;padding-right: 35px !important;padding-bottom: 10px !important;padding-left: 35px !important;}\u00a0\u00bb][\/vc_column][vc_column width=\u00a0\u00bb2\/3&Prime;]\n\t\t<div id=\"wd-64a143d13ad0e\" class=\"title-wrapper wd-wpb wd-set-mb reset-last-child  wd-rs-64a143d13ad0e wd-title-color-white wd-title-style-default text-left vc_custom_1688290277521 wd-width-enabled wd-underline-colored\" style=\"--wd-max-width: 90%;\">\n\t\t\t\n\t\t\t<div class=\"liner-continer\">\n\t\t\t\t<h4 class=\"woodmart-title-container title  wd-font-weight- wd-fontsize-xl\" >Production ax\u00e9e sur l&apos;innovation et la durabilit\u00e9<\/h4>\n\t\t\t\t\t\t\t<\/div>\n\t\t\t\n\t\t\t\n\t\t\t\n\t\t<\/div>\n\t\t\n\t\t[vc_custom_heading text=\u00a0\u00bbLe processus de production chez Oppali combine une technologie de pointe et un savoir-faire artisanal.\u00a0\u00bb font_container=\u00a0\u00bbtag:p|font_size:20|text_align:left|color:rgba(255%2C255%2C255%2C0.8)\u00a0\u00bb google_fonts=\u00a0\u00bbfont_family:Lato%3A100%2C100italic%2C300%2C300italic%2Cregular%2Citalic%2C700%2C700italic%2C900%2C900italic|font_style:400%20regular%3A400%3Anormal\u00a0\u00bb css=\u00a0\u00bb.vc_custom_1688290284892{margin-top: -15px !important;margin-bottom: 15px !important;}\u00a0\u00bb el_class=\u00a0\u00bbhidden-sm hidden-xs\u00a0\u00bb][vc_row_inner][vc_column_inner width=\u00a0\u00bb1\/2&Prime; css=\u00a0\u00bb.vc_custom_1494857398526{padding-top: 0px !important;}\u00a0\u00bb][vc_column_text css=\u00a0\u00bb.vc_custom_1688287709311{margin-bottom: 20px !important;}\u00a0\u00bb woodmart_inline=\u00a0\u00bbno\u00a0\u00bb text_larger=\u00a0\u00bbno\u00a0\u00bb]Pour commencer, Oppali se procure des mat\u00e9riaux en acier inoxydable de haute qualit\u00e9 r\u00e9put\u00e9s pour leur durabilit\u00e9 et leur r\u00e9sistance \u00e0 la corrosion. Ces mat\u00e9riaux font l&rsquo;objet d&rsquo;une inspection m\u00e9ticuleuse pour garantir qu&rsquo;ils r\u00e9pondent aux normes de qualit\u00e9 rigoureuses de l&rsquo;entreprise. Une fois approuv\u00e9s, l&rsquo;acier inoxydable est d\u00e9coup\u00e9 et fa\u00e7onn\u00e9 avec pr\u00e9cision \u00e0 l&rsquo;aide de machines de pointe.  <\/p>\n<p data-rm-block-id=\"block-5\">La prochaine \u00e9tape consiste \u00e0 appliquer diff\u00e9rentes techniques de finition pour am\u00e9liorer l&rsquo;esth\u00e9tique des poign\u00e9es de porte. Oppali emploie des artisans qualifi\u00e9s qui utilisent leur expertise pour cr\u00e9er des designs et des motifs exquis sur la surface en acier inoxydable. Ces designs peuvent aller du minimaliste et contemporain \u00e0 l&rsquo;intriqu\u00e9 et d\u00e9coratif, r\u00e9pondant \u00e0 un large \u00e9ventail de pr\u00e9f\u00e9rences des clients.  <\/p>\n<p data-rm-block-id=\"block-6\">Suite \u00e0 la phase de conception, Oppali utilise des techniques avanc\u00e9es telles que le polissage, le lustrage et l&rsquo;\u00e9lectroplacage pour obtenir une finition impeccable. Cette attention m\u00e9ticuleuse aux d\u00e9tails garantit que chaque poign\u00e9e de porte qui quitte l&rsquo;usine Oppali r\u00e9pond aux normes de qualit\u00e9 et de savoir-faire les plus \u00e9lev\u00e9es.[\/vc_column_text][\/vc_column_inner][vc_column_inner width=\u00a0\u00bb1\/2&Prime; css=\u00a0\u00bb.vc_custom_1494857394949{padding-top: 0px !important;}\u00a0\u00bb][vc_column_text css=\u00a0\u00bb.vc_custom_1688287726566{margin-bottom: 20px !important;}\u00a0\u00bb woodmart_inline=\u00a0\u00bbno\u00a0\u00bb text_larger=\u00a0\u00bbno\u00a0\u00bb]Tout au long du processus de production, Oppali accorde une grande importance \u00e0 la durabilit\u00e9 et \u00e0 la responsabilit\u00e9 environnementale. L&rsquo;entreprise met en \u0153uvre des pratiques respectueuses de l&rsquo;environnement, telles que l&rsquo;utilisation efficace de l&rsquo;\u00e9nergie et des syst\u00e8mes de gestion des d\u00e9chets, afin de r\u00e9duire son empreinte \u00e9cologique. <\/p>\n<p data-rm-block-id=\"block-7\">Une fois les poign\u00e9es de porte termin\u00e9es, Oppali effectue des contr\u00f4les de qualit\u00e9 rigoureux pour garantir leur fonctionnalit\u00e9 et leur durabilit\u00e9. Ces inspections approfondies veillent \u00e0 ce que les produits non seulement r\u00e9pondent aux normes \u00e9lev\u00e9es de l&rsquo;entreprise, mais d\u00e9passent \u00e9galement les attentes des clients du monde entier. <\/p>\n<p data-rm-block-id=\"block-8\">En conclusion, le processus de production d&rsquo;Oppali pour les poign\u00e9es de porte en acier inoxydable associe une technologie de pointe, un savoir-faire artisanal et un engagement envers la qualit\u00e9. Ax\u00e9e sur l&rsquo;innovation et la durabilit\u00e9, Oppali continue de fournir des produits sup\u00e9rieurs qui ajoutent une touche d&rsquo;\u00e9l\u00e9gance et de durabilit\u00e9 \u00e0 chaque porte.[\/vc_column_text][\/vc_column_inner][\/vc_row_inner][\/vc_column][vc_column width=\u00a0\u00bb1\/6&Prime;][\/vc_column][\/vc_row][\/vc_section][vc_row css=\u00a0\u00bb.vc_custom_1499600383384{margin-bottom: 8vh !important;}\u00a0\u00bb][vc_column offset=\u00a0\u00bbvc_col-lg-offset-2 vc_col-lg-8 vc_col-md-offset-2 vc_col-md-8 vc_col-sm-offset-0&Prime; css=\u00a0\u00bb.vc_custom_1499599304156{padding-top: 0px !important;}\u00a0\u00bb]\n\t\t<div id=\"wd-64a13c4f5c3ef\" class=\"title-wrapper wd-wpb wd-set-mb reset-last-child  wd-rs-64a13c4f5c3ef wd-title-color-default wd-title-style-default text-left vc_custom_1688288349117 wd-underline-colored\">\n\t\t\t\n\t\t\t<div class=\"liner-continer\">\n\t\t\t\t<h4 class=\"woodmart-title-container title  wd-font-weight- wd-fontsize-xxxl\" >Livraison dans les d\u00e9lais<\/h4>\n\t\t\t\t\t\t\t<\/div>\n\t\t\t\n\t\t\t\n\t\t\t\n\t\t<\/div>\n\t\t\n\t\t[vc_custom_heading text=\u00a0\u00bbL&apos;un des aspects cl\u00e9s qui distingue Oppali de ses concurrents est sa rapidit\u00e9 de livraison exceptionnelle.\u00a0\u00bb font_container=\u00a0\u00bbtag:p|font_size:22|text_align:left|color:%238e8e8e\u00a0\u00bb google_fonts=\u00a0\u00bbfont_family:Lato%3A100%2C100italic%2C300%2C300italic%2Cregular%2Citalic%2C700%2C700italic%2C900%2C900italic|font_style:300%20light%20italic%3A300%3Aitalic\u00a0\u00bb][vc_row_inner][vc_column_inner width=\u00a0\u00bb1\/2&Prime; css=\u00a0\u00bb.vc_custom_1494857398526{padding-top: 0px !important;}\u00a0\u00bb][vc_column_text css=\u00a0\u00bb.vc_custom_1688288409039{margin-bottom: 20px !important;}\u00a0\u00bb woodmart_inline=\u00a0\u00bbno\u00a0\u00bb text_larger=\u00a0\u00bbno\u00a0\u00bb]Gr\u00e2ce \u00e0 une \u00e9quipe logistique d\u00e9vou\u00e9e et des processus efficaces, Oppali assure une livraison rapide de ses produits aux clients du monde entier.<\/p>\n<p data-rm-block-id=\"block-9\">L&rsquo;engagement de l&rsquo;entreprise envers une livraison rapide est ancr\u00e9 dans ses valeurs fondamentales de satisfaction client et de fiabilit\u00e9. Oppali comprend l&rsquo;importance de respecter des d\u00e9lais serr\u00e9s et s&rsquo;efforce de d\u00e9passer les attentes \u00e0 cet \u00e9gard. Que ce soit une petite commande ou un projet de grande envergure, Oppali est fier de sa capacit\u00e9 \u00e0 traiter et exp\u00e9dier rapidement ses boutons en acier inoxydable de haute qualit\u00e9.[\/vc_column_text][\/vc_column_inner][vc_column_inner width=\u00a0\u00bb1\/2&Prime; css=\u00a0\u00bb.vc_custom_1494857394949{padding-top: 0px !important;}\u00a0\u00bb][vc_column_text css=\u00a0\u00bb.vc_custom_1688288425369{margin-bottom: 20px !important;}\u00a0\u00bb woodmart_inline=\u00a0\u00bbno\u00a0\u00bb text_larger=\u00a0\u00bbno\u00a0\u00bb]En investissant dans des technologies de production avanc\u00e9es et en rationalisant sa cha\u00eene d&rsquo;approvisionnement, Oppali optimise son processus de livraison. Les machines de pointe de l&rsquo;usine permettent une fabrication rapide et pr\u00e9cise, garantissant des d\u00e9lais rapides. De plus, Oppali entretient de solides relations avec ses partenaires d&rsquo;exp\u00e9dition, assurant un transport fluide et acc\u00e9l\u00e9r\u00e9 de l&rsquo;usine jusqu&rsquo;au client.  <\/p>\n<p data-rm-block-id=\"block-10\">La vitesse exceptionnelle du service de livraison d&rsquo;Oppali t\u00e9moigne de l&rsquo;engagement de l&rsquo;entreprise envers l&rsquo;efficacit\u00e9 et la satisfaction client. Avec Oppali, les clients peuvent compter en toute confiance sur des livraisons rapides, leur permettant de respecter leurs d\u00e9lais de projet et de profiter de la qualit\u00e9 sup\u00e9rieure des boutons en acier inoxydable produits par cette usine de premier plan.[\/vc_column_text][\/vc_column_inner][\/vc_row_inner][vc_separator color=\u00a0\u00bbcustom\u00a0\u00bb accent_color=\u00a0\u00bbrgba(10,10,10,0.12)\u00a0\u00bb css=\u00a0\u00bb.vc_custom_1499600318751{margin-bottom: 30px !important;padding-top: 10px !important;}\u00a0\u00bb][\/vc_column][\/vc_row]<\/p>\n<\/div>","protected":false},"excerpt":{"rendered":"<p>[vc_row full_width=\u00a0\u00bbstretch_row\u00a0\u00bb el_class=\u00a0\u00bbopacity-video-bg\u00a0\u00bb css=\u00a0\u00bb.vc_custom_1688290189574{margin-bottom: 8vh !important;padding-top: 5vh !important;padding-bottom: 24px !important;background-color: #0a0a0a !important;background-position: center !important;background-repeat: no-repeat !important;background-size: cover !important;}\u00a0\u00bb woodmart_css_id=\u00a0\u00bb64a1438487829&Prime; responsive_spacing=\u00a0\u00bbeyJwYXJhbV90eXBlIjoid29vZG1hcnRfcmVzcG9uc2l2ZV9zcGFjaW5nIiwic2VsZWN0b3JfaWQiOiI2NGExNDM4NDg3ODI5Iiwic2hvcnRjb2RlIjoidmNfcm93IiwiZGF0YSI6eyJ0YWJsZXQiOnt9LCJtb2JpbGUiOnt9fX0=\u00a0\u00bb<\/p>\n","protected":false},"author":1,"featured_media":0,"parent":0,"menu_order":0,"comment_status":"closed","ping_status":"closed","template":"","meta":{"footnotes":""},"class_list":["post-170053","page","type-page","status-publish","hentry"],"_links":{"self":[{"href":"https:\/\/oppali.com\/fr\/wp-json\/wp\/v2\/pages\/170053","targetHints":{"allow":["GET"]}}],"collection":[{"href":"https:\/\/oppali.com\/fr\/wp-json\/wp\/v2\/pages"}],"about":[{"href":"https:\/\/oppali.com\/fr\/wp-json\/wp\/v2\/types\/page"}],"author":[{"embeddable":true,"href":"https:\/\/oppali.com\/fr\/wp-json\/wp\/v2\/users\/1"}],"replies":[{"embeddable":true,"href":"https:\/\/oppali.com\/fr\/wp-json\/wp\/v2\/comments?post=170053"}],"version-history":[{"count":0,"href":"https:\/\/oppali.com\/fr\/wp-json\/wp\/v2\/pages\/170053\/revisions"}],"wp:attachment":[{"href":"https:\/\/oppali.com\/fr\/wp-json\/wp\/v2\/media?parent=170053"}],"curies":[{"name":"wp","href":"https:\/\/api.w.org\/{rel}","templated":true}]}}