{"id":169273,"date":"2017-06-26T14:07:05","date_gmt":"2017-06-26T11:07:05","guid":{"rendered":"https:\/\/oppali.com\/nous-contacter\/"},"modified":"2025-10-02T05:52:06","modified_gmt":"2025-10-02T02:52:06","slug":"nous-contacter","status":"publish","type":"page","link":"https:\/\/oppali.com\/fr\/nous-contacter\/","title":{"rendered":"Nous contacter"},"content":{"rendered":"<div class=\"wpb-content-wrapper\"><p>[vc_row full_width=\u00a0\u00bbstretch_row_content_no_spaces\u00a0\u00bb css_animation=\u00a0\u00bbnone\u00a0\u00bb css=\u00a0\u00bb.vc_custom_1496927007057{margin-top: -40px !important;margin-bottom: 8vh !important;}\u00a0\u00bb][vc_column]\t\t<div class=\"promo-banner-wrapper  wd-rs-5eda96a11f189 \">\n\t\t\t<div id=\"wd-5eda96a11f189\" class=\"promo-banner  banner- banner-hover-none color-scheme-light banner-btn-size-default banner-btn-style-default  wd-underline-colored\">\n\t\t\t\t<div class=\"main-wrapp-img\">\n\t\t\t\t\t<div class=\"banner-image wd-bg-position-center\" >\n\t\t\t\t\t\t\t\t\t\t\t<\/div>\n\t\t\t\t<\/div>\n\n\t\t\t\t<div class=\"wrapper-content-banner wd-fill  wd-items-top wd-justify-left\">\n\t\t\t\t\t<div class=\"content-banner  text-left\">\n\t\t\t\t\t\t\t\t\t\t\t\t\n\t\t\t\t\t\t\n\t\t\t\t\t\t\t\t\t\t\t<\/div>\n\t\t\t\t<\/div>\n\n\t\t\t\t\n\t\t\t\t\t\t\t<\/div>\n\t\t<\/div>\n\n\t\t[\/vc_column][\/vc_row][vc_row equal_height=\u00a0\u00bbyes\u00a0\u00bb css_animation=\u00a0\u00bbnone\u00a0\u00bb css=\u00a0\u00bb.vc_custom_1496926452255{margin-right: -50px !important;margin-left: -50px !important;}\u00a0\u00bb][vc_column css=\u00a0\u00bb.vc_custom_1496927710186{border-right-width: 1px !important;padding-top: 20px !important;padding-right: 50px !important;padding-bottom: 10px !important;padding-left: 50px !important;border-right-color: #e8e8e8 !important;border-right-style: solid !important;}\u00a0\u00bb offset=\u00a0\u00bbvc_col-lg-6 vc_col-md-6&Prime;]\n\t\t<div id=\"wd-69e02ea7aad24\" class=\"title-wrapper wd-wpb wd-set-mb reset-last-child  wd-title-color-default wd-title-style-default text-left  wd-underline-colored\">\n\t\t\t\t\t\t\t\n\t\t\t\t<div class=\"title-subtitle  subtitle-color-default font-default subtitle-style-default wd-font-weight- wd-fontsize-xs\">QUESTIONS D&#039;INFORMATION<\/div>\n\t\t\t\n\t\t\t<div class=\"liner-continer\">\n\t\t\t\t<h4 class=\"woodmart-title-container title  wd-font-weight- wd-fontsize-l\" >QUESTIONS FR\u00c9QUEMMENT POS\u00c9ES<\/h4>\n\t\t\t\t\t\t\t<\/div>\n\t\t\t\n\t\t\t\n\t\t\t\n\t\t<\/div>\n\t\t\n\t\t[vc_tta_accordion shape=\u00a0\u00bbsquare\u00a0\u00bb color=\u00a0\u00bbwhite\u00a0\u00bb c_icon=\u00a0\u00bbchevron\u00a0\u00bb c_position=\u00a0\u00bbright\u00a0\u00bb active_section=\u00a0\u00bb1&Prime; no_fill=\u00a0\u00bbtrue\u00a0\u00bb collapsible_all=\u00a0\u00bbtrue\u00a0\u00bb][vc_tta_section title=\u00a0\u00bbComment puis-je vous contacter ?\u00a0\u00bb tab_id=\u00a0\u00bb1484056430132-f06cc1b5-a7ca\u00a0\u00bb][vc_column_text text_larger=\u00a0\u00bbno\u00a0\u00bb]Nos coordonn\u00e9es compl\u00e8tes se trouvent sur la page <a href=\"https:\/\/oppali.com\/fr\/nous-contacter\/\">\u00ab\u00a0nous contacter\u00a0\u00bb<\/a>. Nous pouvons \u00eatre contact\u00e9s par les moyens suivants.<\/p>\n<p>Par t\u00e9l\u00e9phone, de 9h00 \u00e0 17h00 du lundi au vendredi et de 9h00 \u00e0 15h00 le samedi.<\/p>\n<p><strong>+30 210 3006868<\/strong><\/p>\n<p>Par courrier \u00e9lectronique, nos principales adresses \u00e9lectroniques sont les suivantes<\/p>\n<p><a href=\"mailto:sales@oppali.com\">sales@oppali.com<\/a><\/p>\n<p><a href=\"mailto:support@oppali.com\">support@oppali.com<\/a>[\/vc_column_text][\/vc_tta_section][vc_tta_section title=\u00a0\u00bbLivrez-vous dans le monde entier ?\u00a0\u00bb tab_id=\u00a0\u00bb1591389349257-25a5b298-2170&Prime;][vc_column_text text_larger=\u00a0\u00bbno\u00a0\u00bb woodmart_inline=\u00a0\u00bbno\u00a0\u00bb]Nous livrons actuellement notre gamme de poign\u00e9es de porte et de quincaillerie dans le monde entier.[\/vc_column_text][\/vc_tta_section][vc_tta_section title=\u00a0\u00bbCombien de temps dure la livraison et combien co\u00fbte-t-elle ?\u00a0\u00bb tab_id=\u00a0\u00bb1591389869123-0d28de7d-92cc\u00a0\u00bb][vc_column_text text_larger=\u00a0\u00bbno\u00a0\u00bb woodmart_inline=\u00a0\u00bbno\u00a0\u00bb]<\/p>\n<ul>\n<li>\n<h6>EU &#8211; 12\u20ac &#8211; 1-3 jours<\/h6>\n<\/li>\n<li>\n<h6>Europe &#8211; 14\u20ac &#8211; 1-3 jours<\/h6>\n<\/li>\n<li>\n<h6>\u00c9tats-Unis, Canada &#8211; 18\u20ac &#8211; 1-3 jours<\/h6>\n<\/li>\n<li>\n<h6>Australie, Nouvelle-Z\u00e9lande &#8211; 25\u20ac &#8211; 1-3 jours<\/h6>\n<\/li>\n<li>\n<h6>Am\u00e9rique centrale et du Sud &#8211; 25\u20ac &#8211; 1-3 jours<\/h6>\n<\/li>\n<li>\n<h6>Asie, Afrique &#8211; 18\u20ac &#8211; 1-3 jours<\/h6>\n<\/li>\n<\/ul>\n<p>[\/vc_column_text][\/vc_tta_section][vc_tta_section title=\u00a0\u00bbComment retourner un article ?\u00a0\u00bb tab_id=\u00a0\u00bb1484049984302-e0b553b6-82dc\u00a0\u00bb][vc_column_text text_larger=\u00a0\u00bbno\u00a0\u00bb]Nous offrons une garantie de remboursement de 30 jours.<br \/>\nCela signifie que vous pouvez retourner tout article non d\u00e9sir\u00e9 dans les 30 jours pour un remboursement complet.<\/p>\n<p>Tous les retours et remboursements sont soumis aux conditions suivantes<\/p>\n<ul>\n<li style=\"list-style-type: none;\">\n<ul>\n<li>Les articles sont intacts, dans leur emballage d&rsquo;origine et aptes \u00e0 la revente.<\/li>\n<li>Le port de retour est \u00e0 la charge du client.<\/li>\n<li>Tous les articles sont retourn\u00e9s dans les 30 jours suivant la r\u00e9ception de la commande.<\/li>\n<\/ul>\n<\/li>\n<\/ul>\n<p>N&rsquo;oubliez pas de joindre une copie de votre bon de commande aux retours afin que nous puissions identifier l&rsquo;exp\u00e9diteur des marchandises.<\/p>\n<p>Nous cr\u00e9diterons votre compte de carte de paiement dans les 14 jours suivant la r\u00e9ception du produit retourn\u00e9.<\/p>\n<p>Pour nous permettre de traiter votre appel rapidement et efficacement, veuillez fournir les informations suivantes :<\/p>\n<p>Num\u00e9ro de commande<\/p>\n<p>Code produit<\/p>\n<p>Motif du retour[\/vc_column_text][\/vc_tta_section][vc_tta_section title=\u00a0\u00bbVos prix incluent-ils la TVA ?\u00a0\u00bb tab_id=\u00a0\u00bb1484057271889-b3b2ad15-15f7&Prime;][vc_column_text text_larger=\u00a0\u00bbno\u00a0\u00bb]Oui ! Tous les prix incluent la TVA au taux actuel de 24%. Pour les pays hors UE, la TVA n&rsquo;est pas calcul\u00e9e.[\/vc_column_text][\/vc_tta_section][vc_tta_section title=\u00a0\u00bbProduits requis le jour suivant ?\u00a0\u00bb tab_id=\u00a0\u00bb1484056425804-e857e9fe-0c57&Prime;][vc_column_text text_larger=\u00a0\u00bbno\u00a0\u00bb]La livraison le lendemain est notre service de transport standard pour les commandes nationales (grecques), mais veuillez nous contacter d&rsquo;abord pour vous assurer que nous avons un stock suffisant pour r\u00e9pondre \u00e0 vos besoins. Veuillez noter que vous devrez \u00eatre pr\u00e9sent \u00e0 l&rsquo;adresse de livraison lorsque les marchandises seront livr\u00e9es, car notre transporteur exigera un re\u00e7u sign\u00e9 comme preuve de livraison. Nous pouvons livrer \u00e0 une autre adresse de livraison si vous n&rsquo;\u00eates pas chez vous au moment de la r\u00e9ception de votre commande.<\/p>\n<p>Veillez \u00e0 ce que quelqu&rsquo;un puisse recevoir les marchandises le jour de la livraison. Vous serez inform\u00e9 par courrier \u00e9lectronique ou par SMS (si vous le souhaitez) de l&rsquo;heure d&rsquo;arriv\u00e9e pr\u00e9vue de la commande. Si le transporteur ne peut pas livrer les marchandises parce qu&rsquo;il n&rsquo;y a personne pour les r\u00e9ceptionner, vous devez nous contacter pour fixer une nouvelle date de livraison. Si la livraison ne peut \u00eatre effectu\u00e9e ou si elle est refus\u00e9e, des frais de livraison suppl\u00e9mentaires seront factur\u00e9s ou d\u00e9duits de tout cr\u00e9dit afin de recouvrer les frais encourus.<\/p>\n<p>Nous pouvons livrer \u00e0 une autre adresse si vous n&rsquo;\u00eates pas chez vous pendant les heures de travail.[\/vc_column_text][\/vc_tta_section][\/vc_tta_accordion][\/vc_column][vc_column css=\u00a0\u00bb.vc_custom_1496927688909{padding-top: 20px !important;padding-right: 50px !important;padding-bottom: 10px !important;padding-left: 50px !important;}\u00a0\u00bb offset=\u00a0\u00bbvc_col-lg-6 vc_col-md-6&Prime;]\n\t\t<div id=\"wd-69e02ea7aad89\" class=\"title-wrapper wd-wpb wd-set-mb reset-last-child  wd-title-color-default wd-title-style-default text-left  wd-underline-colored\">\n\t\t\t\t\t\t\t\n\t\t\t\t<div class=\"title-subtitle  subtitle-color-default font-default subtitle-style-default wd-font-weight- wd-fontsize-xs\">INFORMATIONS SUR NOUS<\/div>\n\t\t\t\n\t\t\t<div class=\"liner-continer\">\n\t\t\t\t<h4 class=\"woodmart-title-container title  wd-font-weight- wd-fontsize-l\" >CONTACTEZ-NOUS POUR TOUTE QUESTION<\/h4>\n\t\t\t\t\t\t\t<\/div>\n\t\t\t\n\t\t\t\n\t\t\t\n\t\t<\/div>\n\t\t\n\t\t\n<div class=\"wpcf7 no-js\" id=\"wpcf7-f169291-o1\" lang=\"fr-FR\" dir=\"ltr\" data-wpcf7-id=\"169291\">\n<div class=\"screen-reader-response\"><p role=\"status\" aria-live=\"polite\" aria-atomic=\"true\"><\/p> <ul><\/ul><\/div>\n<form action=\"\/fr\/wp-json\/wp\/v2\/pages\/169273#wpcf7-f169291-o1\" method=\"post\" class=\"wpcf7-form init\" aria-label=\"Formulaire de contact\" novalidate=\"novalidate\" data-status=\"init\">\n<fieldset class=\"hidden-fields-container\"><input type=\"hidden\" name=\"_wpcf7\" value=\"169291\" \/><input type=\"hidden\" name=\"_wpcf7_version\" value=\"6.1.5\" \/><input type=\"hidden\" name=\"_wpcf7_locale\" value=\"fr_FR\" \/><input type=\"hidden\" name=\"_wpcf7_unit_tag\" value=\"wpcf7-f169291-o1\" \/><input type=\"hidden\" name=\"_wpcf7_container_post\" value=\"0\" \/><input type=\"hidden\" name=\"_wpcf7_posted_data_hash\" value=\"\" \/>\n<\/fieldset>\n<div class=\"row\">\n\t<div class=\"col-md-6\" style=\"margin-bottom:20px;\">\n\t\t<p><label>Votre nom<\/label><span class=\"wpcf7-form-control-wrap\" data-name=\"your-name\"><input size=\"40\" maxlength=\"400\" class=\"wpcf7-form-control wpcf7-text wpcf7-validates-as-required\" aria-required=\"true\" aria-invalid=\"false\" value=\"\" type=\"text\" name=\"your-name\" \/><\/span>\n\t\t<\/p>\n\t<\/div>\n\t<div class=\"col-md-6\" style=\"margin-bottom:20px;\">\n\t\t<p><label>Votre adresse \u00e9lectronique<\/label><span class=\"wpcf7-form-control-wrap\" data-name=\"your-email\"><input size=\"40\" maxlength=\"400\" class=\"wpcf7-form-control wpcf7-email wpcf7-validates-as-required wpcf7-text wpcf7-validates-as-email\" aria-required=\"true\" aria-invalid=\"false\" value=\"\" type=\"email\" name=\"your-email\" \/><\/span>\n\t\t<\/p>\n\t<\/div>\n<\/div>\n<div class=\"row\">\n\t<div class=\"col-md-6\" style=\"margin-bottom:20px;\">\n\t\t<p><label>Num\u00e9ro de t\u00e9l\u00e9phone<\/label><span class=\"wpcf7-form-control-wrap\" data-name=\"tel-767\"><input size=\"40\" maxlength=\"400\" class=\"wpcf7-form-control wpcf7-tel wpcf7-text wpcf7-validates-as-tel\" aria-invalid=\"false\" value=\"\" type=\"tel\" name=\"tel-767\" \/><\/span>\n\t\t<\/p>\n\t<\/div>\n\t<div class=\"col-md-6\" style=\"margin-bottom:20px;\">\n\t\t<p><label>Entreprise<\/label><span class=\"wpcf7-form-control-wrap\" data-name=\"text-1\"><input size=\"40\" maxlength=\"400\" class=\"wpcf7-form-control wpcf7-text\" aria-invalid=\"false\" value=\"\" type=\"text\" name=\"text-1\" \/><\/span>\n\t\t<\/p>\n\t<\/div>\n\t<div class=\"col-md-12\" style=\"margin-bottom:40px;\">\n\t\t<p><label>Sujet<\/label><span class=\"wpcf7-form-control-wrap\" data-name=\"your-subject\"><input size=\"40\" maxlength=\"400\" class=\"wpcf7-form-control wpcf7-text\" aria-invalid=\"false\" value=\"\" type=\"text\" name=\"your-subject\" \/><\/span>\n\t\t<\/p>\n\t<\/div>\n<\/div>\n<p><label>Votre message<\/label><span class=\"wpcf7-form-control-wrap\" data-name=\"your-message\"><textarea cols=\"40\" rows=\"10\" maxlength=\"2000\" class=\"wpcf7-form-control wpcf7-textarea\" aria-invalid=\"false\" name=\"your-message\"><\/textarea><\/span>\n<\/p>\n<p><input class=\"wpcf7-form-control wpcf7-submit has-spinner btn-color-black\" type=\"submit\" value=\"ASK A QUESTION\" \/>\n<\/p><input type=\"hidden\" id=\"ct_checkjs_cf7_0a113ef6b61820daa5611c870ed8d5ee\" name=\"ct_checkjs_cf7\" value=\"0\" \/><input\n                    class=\"apbct_special_field apbct_email_id__wp_contact_form_7\"\n                    name=\"apbct__email_id__wp_contact_form_7\"\n                    aria-label=\"apbct__label_id__wp_contact_form_7\"\n                    type=\"text\" size=\"30\" maxlength=\"200\" autocomplete=\"off\"\n                    value=\"\"\n                \/><div class=\"wpcf7-response-output\" aria-hidden=\"true\"><\/div>\n<\/form>\n<\/div>\n\n\t\t<div id=\"wd-66724ccdc2763\" class=\"title-wrapper wd-wpb wd-set-mb reset-last-child  wd-rs-66724ccdc2763 wd-title-color-default wd-title-style-default text-left  wd-underline-colored\">\n\t\t\t\n\t\t\t<div class=\"liner-continer\">\n\t\t\t\t<h4 class=\"woodmart-title-container title  wd-font-weight- wd-fontsize-m\" >Oppali Creative Monoprosopi IKE<\/h4>\n\t\t\t\t\t\t\t<\/div>\n\t\t\t\n\t\t\t\n\t\t\t\n\t\t<\/div>\n\t\t\n\t\t\t\t<div id=\"wd-68dde8076a2a8\" class=\"wd-text-block wd-wpb reset-last-child wd-rs-68dde8076a2a8 text-left \">\n\t\t\t<p>Ermou 1<br \/>\n14452 Metamorfosi Attiki-Greece<\/p>\n<p>Num\u00e9ro d&rsquo;enregistrement (GEMI): 162599201000<\/p>\n<p>N\u00b0 de TVA: EL801747421<\/p>\n<p>T\u00e9l. +30 2103006868 Fax. +30 2103009420<\/p>\n\t\t<\/div>\n\t\t[\/vc_column][\/vc_row]<\/p>\n<\/div>","protected":false},"excerpt":{"rendered":"<p>[vc_row full_width=\u00a0\u00bbstretch_row_content_no_spaces\u00a0\u00bb css_animation=\u00a0\u00bbnone\u00a0\u00bb css=\u00a0\u00bb.vc_custom_1496927007057{margin-top: -40px !important;margin-bottom: 8vh !important;}\u00a0\u00bb][vc_column][\/vc_column][\/vc_row][vc_row equal_height=\u00a0\u00bbyes\u00a0\u00bb css_animation=\u00a0\u00bbnone\u00a0\u00bb css=\u00a0\u00bb.vc_custom_1496926452255{margin-right: -50px !important;margin-left: -50px !important;}\u00a0\u00bb][vc_column css=\u00a0\u00bb.vc_custom_1496927710186{border-right-width: 1px !important;padding-top: 20px !important;padding-right:<\/p>\n","protected":false},"author":1,"featured_media":0,"parent":0,"menu_order":0,"comment_status":"closed","ping_status":"closed","template":"","meta":{"footnotes":""},"class_list":["post-169273","page","type-page","status-publish","hentry"],"_links":{"self":[{"href":"https:\/\/oppali.com\/fr\/wp-json\/wp\/v2\/pages\/169273","targetHints":{"allow":["GET"]}}],"collection":[{"href":"https:\/\/oppali.com\/fr\/wp-json\/wp\/v2\/pages"}],"about":[{"href":"https:\/\/oppali.com\/fr\/wp-json\/wp\/v2\/types\/page"}],"author":[{"embeddable":true,"href":"https:\/\/oppali.com\/fr\/wp-json\/wp\/v2\/users\/1"}],"replies":[{"embeddable":true,"href":"https:\/\/oppali.com\/fr\/wp-json\/wp\/v2\/comments?post=169273"}],"version-history":[{"count":0,"href":"https:\/\/oppali.com\/fr\/wp-json\/wp\/v2\/pages\/169273\/revisions"}],"wp:attachment":[{"href":"https:\/\/oppali.com\/fr\/wp-json\/wp\/v2\/media?parent=169273"}],"curies":[{"name":"wp","href":"https:\/\/api.w.org\/{rel}","templated":true}]}}