{"id":169251,"date":"2019-05-12T15:57:11","date_gmt":"2019-05-12T15:57:11","guid":{"rendered":"https:\/\/oppali.com\/privacy-policy\/"},"modified":"2025-11-22T11:07:49","modified_gmt":"2025-11-22T09:07:49","slug":"politique-de-confidentialite","status":"publish","type":"page","link":"https:\/\/oppali.com\/fr\/politique-de-confidentialite\/","title":{"rendered":"Politique de confidentialit\u00e9"},"content":{"rendered":"<div class=\"wpb-content-wrapper\"><p>[vc_row][vc_column][vc_column_text woodmart_inline=\u00a0\u00bbno\u00a0\u00bb text_larger=\u00a0\u00bbno\u00a0\u00bb]<\/p>\n<h2 style=\"text-align: center;\">Politique de confidentialit\u00e9<\/h2>\n<p>Oppali Creative MONOPROSOPI IKE (\u00ab nous \u00bb, \u00ab notre \u00bb ou \u00ab nos \u00bb) exploite le site web Oppali (le \u00ab Service \u00bb).<\/p>\n<p>Cette page vous informe de nos politiques concernant la collecte, l&rsquo;utilisation et la divulgation des informations personnelles lorsque vous utilisez notre service.<\/p>\n<p>Nous n&rsquo;utiliserons ni ne partagerons vos informations avec quiconque, sauf dans les cas d\u00e9crits dans la pr\u00e9sente politique de confidentialit\u00e9.<\/p>\n<p>Nous utilisons vos informations personnelles pour fournir et am\u00e9liorer le service. En utilisant le Service, vous acceptez la collecte et l&rsquo;utilisation d&rsquo;informations conform\u00e9ment \u00e0 la pr\u00e9sente politique. Sauf indication contraire dans la pr\u00e9sente politique de confidentialit\u00e9, les termes utilis\u00e9s dans la pr\u00e9sente politique de confidentialit\u00e9 ont la m\u00eame signification que dans nos conditions g\u00e9n\u00e9rales, accessibles \u00e0 l&rsquo;adresse https:\/\/oppali.com.<\/p>\n<h2>Collecte et utilisation des informations<\/h2>\n<p>Lorsque vous utilisez notre Service, nous pouvons vous demander de nous fournir certaines informations personnelles identifiables qui peuvent \u00eatre utilis\u00e9es pour vous contacter ou vous identifier. Les informations personnelles identifiables (\u00ab Informations personnelles \u00bb) peuvent inclure, sans s&rsquo;y limiter :<\/p>\n<ul>\n<li>Nom<\/li>\n<li>Adresse \u00e9lectronique<\/li>\n<li>Num\u00e9ro de t\u00e9l\u00e9phone<\/li>\n<li>Adresse<\/li>\n<\/ul>\n<h2>Donn\u00e9es de connexion<\/h2>\n<p>Nous collectons les informations que votre navigateur envoie chaque fois que vous visitez notre Service (\u00ab Donn\u00e9es de connexion \u00bb). Ces donn\u00e9es de connexion peuvent inclure des informations telles que l&rsquo;adresse IP (Internet Protocol) de votre ordinateur, le type et la version de votre navigateur, les pages de notre Service que vous visitez, l&rsquo;heure et la date de votre visite, le temps pass\u00e9 sur ces pages et d&rsquo;autres statistiques.<\/p>\n<h2>Cookies<\/h2>\n<p>Les cookies sont des fichiers contenant une petite quantit\u00e9 de donn\u00e9es, qui peuvent inclure un identifiant unique anonyme. Les cookies sont envoy\u00e9s \u00e0 votre navigateur depuis un site Web et stock\u00e9s sur le disque dur de votre ordinateur.<\/p>\n<p>Nous utilisons des \u00ab cookies \u00bb pour collecter des informations. Vous pouvez configurer votre navigateur pour qu&rsquo;il refuse tous les cookies ou pour qu&rsquo;il vous avertisse lorsqu&rsquo;un cookie est envoy\u00e9. Toutefois, si vous n&rsquo;acceptez pas les cookies, vous ne pourrez peut-\u00eatre pas utiliser certaines parties de notre Service.<\/p>\n<h2>Prestataires de services<\/h2>\n<p>Nous pouvons faire appel \u00e0 des soci\u00e9t\u00e9s tierces et \u00e0 des particuliers pour faciliter notre Service, fournir le Service en notre nom, effectuer des services li\u00e9s au Service ou nous aider \u00e0 analyser la mani\u00e8re dont notre Service est utilis\u00e9.<\/p>\n<p>Ces tiers ont acc\u00e8s \u00e0 vos informations personnelles uniquement pour effectuer ces t\u00e2ches en notre nom et sont tenus de ne pas les divulguer ni les utiliser \u00e0 d&rsquo;autres fins.<\/p>\n<h2>Security<\/h2>\n<p>La s\u00e9curit\u00e9 de vos informations personnelles est importante pour nous, mais n&rsquo;oubliez pas qu&rsquo;aucune m\u00e9thode de transmission sur Internet ou de stockage \u00e9lectronique n&rsquo;est s\u00e9curis\u00e9e \u00e0 100 %. Bien que nous nous efforcions d&rsquo;utiliser des moyens commercialement acceptables pour prot\u00e9ger vos informations personnelles, nous ne pouvons garantir leur s\u00e9curit\u00e9 absolue.<\/p>\n<h2>Liens vers d&rsquo;autres sites<\/h2>\n<p>Notre service peut contenir des liens vers d&rsquo;autres sites qui ne sont pas g\u00e9r\u00e9s par nous. Si vous cliquez sur un lien tiers, vous serez redirig\u00e9 vers le site de ce tiers. Nous vous recommandons vivement de consulter la politique de confidentialit\u00e9 de chaque site que vous visitez.<\/p>\n<p>Nous n&rsquo;avons aucun contr\u00f4le et n&rsquo;assumons aucune responsabilit\u00e9 quant au contenu, aux politiques de confidentialit\u00e9 ou aux pratiques des sites ou services tiers.<\/p>\n<h2>Confidentialit\u00e9 des enfants<\/h2>\n<p>Notre service ne s&rsquo;adresse pas aux personnes \u00e2g\u00e9es de moins de 18 ans (\u00ab enfants \u00bb).<\/p>\n<p>Nous ne collectons pas sciemment d&rsquo;informations personnelles identifiables aupr\u00e8s d&rsquo;enfants de moins de 18 ans. Si vous \u00eates parent ou tuteur et que vous savez que votre enfant nous a fourni des informations personnelles, veuillez nous contacter. Si nous d\u00e9couvrons qu&rsquo;un enfant de moins de 18 ans nous a fourni des informations personnelles, nous supprimerons imm\u00e9diatement ces informations de nos serveurs.<\/p>\n<h2>Respect des lois<\/h2>\n<p>Nous divulguerons vos informations personnelles lorsque la loi ou une assignation \u00e0 compara\u00eetre l&rsquo;exige.<\/p>\n<h2>Modifications apport\u00e9es \u00e0 la pr\u00e9sente politique de confidentialit\u00e9<\/h2>\n<p>Nous pouvons mettre \u00e0 jour notre politique de confidentialit\u00e9 de temps \u00e0 autre. Nous vous informerons de tout changement en publiant la nouvelle politique de confidentialit\u00e9 sur cette page.<\/p>\n<p>Nous vous recommandons de consulter r\u00e9guli\u00e8rement la pr\u00e9sente politique de confidentialit\u00e9 afin de prendre connaissance des modifications \u00e9ventuelles. Les modifications apport\u00e9es \u00e0 la pr\u00e9sente politique de confidentialit\u00e9 prennent effet d\u00e8s leur publication sur cette page.<\/p>\n<h2>Nous contacter<\/h2>\n<p>Si vous avez des questions concernant cette politique de confidentialit\u00e9, veuillez nous contacter.[\/vc_column_text][\/vc_column][\/vc_row]<\/p>\n<\/div>","protected":false},"excerpt":{"rendered":"<p>[vc_row][vc_column][vc_column_text woodmart_inline=\u00a0\u00bbno\u00a0\u00bb text_larger=\u00a0\u00bbno\u00a0\u00bb] Politique de confidentialit\u00e9 Oppali Creative MONOPROSOPI IKE (\u00ab nous \u00bb, \u00ab notre \u00bb ou \u00ab nos \u00bb)<\/p>\n","protected":false},"author":1,"featured_media":0,"parent":0,"menu_order":0,"comment_status":"closed","ping_status":"open","template":"","meta":{"footnotes":""},"class_list":["post-169251","page","type-page","status-publish","hentry"],"_links":{"self":[{"href":"https:\/\/oppali.com\/fr\/wp-json\/wp\/v2\/pages\/169251","targetHints":{"allow":["GET"]}}],"collection":[{"href":"https:\/\/oppali.com\/fr\/wp-json\/wp\/v2\/pages"}],"about":[{"href":"https:\/\/oppali.com\/fr\/wp-json\/wp\/v2\/types\/page"}],"author":[{"embeddable":true,"href":"https:\/\/oppali.com\/fr\/wp-json\/wp\/v2\/users\/1"}],"replies":[{"embeddable":true,"href":"https:\/\/oppali.com\/fr\/wp-json\/wp\/v2\/comments?post=169251"}],"version-history":[{"count":0,"href":"https:\/\/oppali.com\/fr\/wp-json\/wp\/v2\/pages\/169251\/revisions"}],"wp:attachment":[{"href":"https:\/\/oppali.com\/fr\/wp-json\/wp\/v2\/media?parent=169251"}],"curies":[{"name":"wp","href":"https:\/\/api.w.org\/{rel}","templated":true}]}}