{"id":168991,"date":"2019-07-19T06:31:53","date_gmt":"2019-07-19T03:31:53","guid":{"rendered":"https:\/\/oppali.com\/?page_id=168991"},"modified":"2025-12-25T13:10:07","modified_gmt":"2025-12-25T11:10:07","slug":"termes-et-conditions","status":"publish","type":"page","link":"https:\/\/oppali.com\/fr\/termes-et-conditions\/","title":{"rendered":"Termes et conditions"},"content":{"rendered":"<div class=\"wpb-content-wrapper\"><p>[vc_row][vc_column][vc_column_text css=\u00a0\u00bb\u00a0\u00bb woodmart_inline=\u00a0\u00bbno\u00a0\u00bb text_larger=\u00a0\u00bbno\u00a0\u00bb]<\/p>\n<h1>Conditions d&rsquo;utilisation<\/h1>\n<p>Veuillez lire attentivement les pr\u00e9sentes conditions d&rsquo;utilisation (\u00ab conditions \u00bb, \u00ab conditions d&rsquo;utilisation \u00bb) avant d&rsquo;utiliser le site web https:\/\/oppali.com (le \u00ab service \u00bb) exploit\u00e9 par Oppali Ceative MONOPROSOPI IKE (\u00ab nous \u00bb, \u201cnous\u201d ou \u00ab notre \u00bb).<\/p>\n<p>L&rsquo;acc\u00e8s au service et son utilisation sont subordonn\u00e9s \u00e0 l&rsquo;acceptation et au respect des pr\u00e9sentes conditions. Ces conditions s&rsquo;appliquent \u00e0 tous les visiteurs, utilisateurs et autres personnes qui acc\u00e8dent au service ou l&rsquo;utilisent.<\/p>\n<p>En acc\u00e9dant au service ou en l&rsquo;utilisant, vous acceptez d&rsquo;\u00eatre li\u00e9 par les pr\u00e9sentes conditions. Si vous n&rsquo;\u00eates pas d&rsquo;accord avec une partie des conditions, vous ne pouvez pas acc\u00e9der au service.<\/p>\n<p>&nbsp;<\/p>\n<h4>Comptes<\/h4>\n<p>Lorsque vous cr\u00e9ez un compte chez nous, vous devez nous fournir des informations exactes, compl\u00e8tes et \u00e0 jour \u00e0 tout moment. Le non-respect de cette obligation constitue une violation des conditions, qui peut entra\u00eener la r\u00e9siliation imm\u00e9diate de votre compte sur notre service.<\/p>\n<p>Vous \u00eates responsable de la protection du mot de passe que vous utilisez pour acc\u00e9der au service et de toutes les activit\u00e9s ou actions effectu\u00e9es avec votre mot de passe, que celui-ci soit utilis\u00e9 dans le cadre de notre service ou d&rsquo;un service tiers.<\/p>\n<p>Vous acceptez de ne pas divulguer votre mot de passe \u00e0 un tiers. Vous devez nous informer imm\u00e9diatement d\u00e8s que vous avez connaissance d&rsquo;une violation de la s\u00e9curit\u00e9 ou d&rsquo;une utilisation non autoris\u00e9e de votre compte.<\/p>\n<p>&nbsp;<\/p>\n<h4>Propri\u00e9t\u00e9 intellectuelle<\/h4>\n<p>Le Service et son contenu original, ses caract\u00e9ristiques et ses fonctionnalit\u00e9s sont et resteront la propri\u00e9t\u00e9 exclusive d&rsquo;Oppali et de ses conc\u00e9dants de licence.<\/p>\n<p>&nbsp;<\/p>\n<h4>Liens vers d&rsquo;autres sites web<\/h4>\n<p>Notre Service peut contenir des liens vers des sites web ou des services tiers qui ne sont pas d\u00e9tenus ou contr\u00f4l\u00e9s par Oppali.<\/p>\n<p>Oppali n&rsquo;a aucun contr\u00f4le sur, et n&rsquo;assume aucune responsabilit\u00e9 pour, le contenu, les politiques de confidentialit\u00e9, ou les pratiques de tout site web ou service tiers. En outre, vous reconnaissez et acceptez qu&rsquo;Oppali ne soit pas responsable, directement ou indirectement, de tout dommage ou perte caus\u00e9 ou suppos\u00e9 \u00eatre caus\u00e9 par ou en relation avec l&rsquo;utilisation ou la confiance dans un tel contenu, des biens ou des services disponibles sur ou par le biais de tels sites web ou services.<\/p>\n<p>Nous vous conseillons vivement de lire les conditions g\u00e9n\u00e9rales et les politiques de confidentialit\u00e9 des sites web ou services tiers que vous visitez.<\/p>\n<p>&nbsp;<\/p>\n<h4>R\u00e9siliation<\/h4>\n<p>Nous pouvons r\u00e9silier ou suspendre l&rsquo;acc\u00e8s \u00e0 notre service imm\u00e9diatement, sans pr\u00e9avis ni responsabilit\u00e9, pour quelque raison que ce soit, y compris, mais sans s&rsquo;y limiter, si vous ne respectez pas les conditions.<\/p>\n<p>Toutes les dispositions des conditions qui, de par leur nature, devraient survivre \u00e0 la r\u00e9siliation survivront \u00e0 la r\u00e9siliation, y compris, sans s&rsquo;y limiter, les dispositions relatives \u00e0 la propri\u00e9t\u00e9, les exclusions de garantie, l&rsquo;indemnisation et les limitations de responsabilit\u00e9.<\/p>\n<p>Nous pouvons r\u00e9silier ou suspendre votre compte imm\u00e9diatement, sans pr\u00e9avis ni responsabilit\u00e9, pour quelque raison que ce soit, y compris, mais sans s&rsquo;y limiter, si vous ne respectez pas les conditions.<\/p>\n<p>En cas de r\u00e9siliation, votre droit d&rsquo;utiliser le service cessera imm\u00e9diatement. Si vous souhaitez r\u00e9silier votre compte, vous pouvez simplement cesser d&rsquo;utiliser le service.<\/p>\n<p>Toutes les dispositions des conditions qui, de par leur nature, devraient survivre \u00e0 la r\u00e9siliation, survivront \u00e0 la r\u00e9siliation, y compris, sans s&rsquo;y limiter, les dispositions relatives \u00e0 la propri\u00e9t\u00e9, les exclusions de garantie, l&rsquo;indemnisation et les limitations de responsabilit\u00e9.<\/p>\n<p>&nbsp;<\/p>\n<h4>Clause de non-responsabilit\u00e9<\/h4>\n<p>Vous utilisez le service \u00e0 vos risques et p\u00e9rils. Le service est fourni \u00ab tel quel \u00bb et \u00ab tel que disponible \u00bb. Le service est fourni sans garantie d&rsquo;aucune sorte, qu&rsquo;elle soit expresse ou implicite, y compris, mais sans s&rsquo;y limiter, les garanties implicites de qualit\u00e9 marchande, d&rsquo;ad\u00e9quation \u00e0 un usage particulier, d&rsquo;absence de contrefa\u00e7on ou de mode d&rsquo;ex\u00e9cution.<\/p>\n<p>&nbsp;<\/p>\n<h4>Droit applicable<\/h4>\n<p>Les pr\u00e9sentes conditions sont r\u00e9gies et interpr\u00e9t\u00e9es conform\u00e9ment aux lois de la Gr\u00e8ce, sans tenir compte des dispositions relatives aux conflits de lois.<\/p>\n<p>Le fait que nous n&rsquo;appliquions pas un droit ou une disposition des pr\u00e9sentes conditions ne sera pas consid\u00e9r\u00e9 comme une renonciation \u00e0 ces droits. Si une disposition des pr\u00e9sentes conditions est jug\u00e9e invalide ou inapplicable par un tribunal, les autres dispositions des pr\u00e9sentes conditions resteront en vigueur. Les pr\u00e9sentes conditions constituent l&rsquo;int\u00e9gralit\u00e9 de l&rsquo;accord entre nous concernant notre service, et elles annulent et remplacent tout accord ant\u00e9rieur que nous pourrions avoir entre nous concernant le service.<\/p>\n<p>&nbsp;<\/p>\n<h4>Modifications<\/h4>\n<p>Nous nous r\u00e9servons le droit, \u00e0 notre seule discr\u00e9tion, de modifier ou de remplacer les pr\u00e9sentes conditions \u00e0 tout moment. Si une r\u00e9vision est importante, nous nous efforcerons de donner un pr\u00e9avis d&rsquo;au moins 30 jours avant l&rsquo;entr\u00e9e en vigueur des nouvelles conditions. La d\u00e9finition de ce qui constitue une modification substantielle est laiss\u00e9e \u00e0 notre seule discr\u00e9tion.<\/p>\n<p>En continuant \u00e0 acc\u00e9der \u00e0 notre service ou \u00e0 l&rsquo;utiliser apr\u00e8s l&rsquo;entr\u00e9e en vigueur de ces r\u00e9visions, vous acceptez d&rsquo;\u00eatre li\u00e9 par les conditions r\u00e9vis\u00e9es. Si vous n&rsquo;acceptez pas les nouvelles conditions, veuillez cesser d&rsquo;utiliser le service.<\/p>\n<p>&nbsp;<\/p>\n<h4>Contactez nous<\/h4>\n<p>Si vous avez des questions concernant les pr\u00e9sentes conditions, veuillez nous contacter.[\/vc_column_text][\/vc_column][\/vc_row]<\/p>\n<\/div>","protected":false},"excerpt":{"rendered":"<p>[vc_row][vc_column][vc_column_text css=\u00a0\u00bb\u00a0\u00bb woodmart_inline=\u00a0\u00bbno\u00a0\u00bb text_larger=\u00a0\u00bbno\u00a0\u00bb] Conditions d&rsquo;utilisation Veuillez lire attentivement les pr\u00e9sentes conditions d&rsquo;utilisation (\u00ab conditions \u00bb, \u00ab conditions d&rsquo;utilisation \u00bb)<\/p>\n","protected":false},"author":1,"featured_media":0,"parent":0,"menu_order":0,"comment_status":"closed","ping_status":"closed","template":"","meta":{"footnotes":""},"class_list":["post-168991","page","type-page","status-publish","hentry"],"_links":{"self":[{"href":"https:\/\/oppali.com\/fr\/wp-json\/wp\/v2\/pages\/168991","targetHints":{"allow":["GET"]}}],"collection":[{"href":"https:\/\/oppali.com\/fr\/wp-json\/wp\/v2\/pages"}],"about":[{"href":"https:\/\/oppali.com\/fr\/wp-json\/wp\/v2\/types\/page"}],"author":[{"embeddable":true,"href":"https:\/\/oppali.com\/fr\/wp-json\/wp\/v2\/users\/1"}],"replies":[{"embeddable":true,"href":"https:\/\/oppali.com\/fr\/wp-json\/wp\/v2\/comments?post=168991"}],"version-history":[{"count":0,"href":"https:\/\/oppali.com\/fr\/wp-json\/wp\/v2\/pages\/168991\/revisions"}],"wp:attachment":[{"href":"https:\/\/oppali.com\/fr\/wp-json\/wp\/v2\/media?parent=168991"}],"curies":[{"name":"wp","href":"https:\/\/api.w.org\/{rel}","templated":true}]}}