{"id":265513,"date":"2026-02-08T16:27:23","date_gmt":"2026-02-08T14:27:23","guid":{"rendered":"https:\/\/oppali.com\/product\/oppali-tirador-para-puerta-de-entrada-en-acero-inoxidable-304-negro-art-526-offset-pull-handle-t-bar-cuadrado\/"},"modified":"2026-02-27T12:21:47","modified_gmt":"2026-02-27T10:21:47","slug":"oppali-tirador-para-puerta-de-entrada-en-acero-inoxidable-304-negro-art-526-offset-pull-handle-t-bar-cuadrado","status":"publish","type":"product","link":"https:\/\/oppali.com\/es\/producto\/oppali-tirador-para-puerta-de-entrada-en-acero-inoxidable-304-negro-art-526-offset-pull-handle-t-bar-cuadrado\/","title":{"rendered":"Oppali Tirador para puerta de entrada en acero inoxidable 304 Negro Art.526 | Offset Pull Handle | T-Bar cuadrado"},"content":{"rendered":"<div class=\"wpb-content-wrapper\"><p>[vc_row][vc_column][vc_column_text css=\u00bb\u00bb woodmart_inline=\u00bbno\u00bb text_larger=\u00bbno\u00bb]Las manillas de acero inoxidable Oppali para puertas de entrada son adecuadas para puertas de madera, cristal, fibra de vidrio y metal, y est\u00e1n disponibles en m\u00faltiples dise\u00f1os y acabados, con longitudes que van desde los 30 cm (1,8 pulgadas) hasta los 120 cm (47 pulgadas). Los materiales de grado 304 de alta ingenier\u00eda y el bello acabado de la superficie permiten su instalaci\u00f3n en entornos exteriores, como verjas, puertas de entrada, almacenes, hasta entornos interiores, como salas de juntas, puertas de cristal de ducha, salas de conferencias, ba\u00f1os y dormitorios. Incluye herrajes de montaje a juego para Back to Back para puertas de cristal de tienda, puertas de cristal de ducha, puertas correderas, cuartos de ba\u00f1o (una manilla se fija en el exterior de la puerta y se une a otra manilla montada en el interior de la puerta). Tambi\u00e9n se puede montar en puertas de aluminio &#8211; puertas met\u00e1licas &#8211; puertas correderas &#8211; puertas de cristal &#8211; puertas de ducha o puertas de pl\u00e1stico como un par de asas de poste, madera y puerta de entrada de seguridad. 6 longitudes: 40cm(16 Inches), 50cm(19,7 Inches) 60cm(24 Inches), 80cm(32 Inches), 100cm(40 Inches), 120cm(47 Inches).<\/p>\n<ul>\n<li>Todas las piezas son de acero inoxidable 304<\/li>\n<li>Acabados en acero inoxidable cepillado, negro, blanco mate y lat\u00f3n mate.<\/li>\n<li>Pareja para instalaci\u00f3n espalda con espalda (puertas de cristal de tienda, puertas de cristal de ducha, puertas correderas, ba\u00f1os) y pieza para instalaci\u00f3n en un lado (puertas de entrada de madera y de seguridad, puertas, dormitorios).<\/li>\n<li>6 longitudes: 40cm(16 Inches), 50cm(19,7 Inches) 60cm(24 Inches), 80cm(32 Inches), 100cm(40 Inches), 120cm(47 Inches)<\/li>\n<li>Incluye herrajes de montaje a juego para Back to Back (una manilla se fija en el exterior de la puerta y se acopla a otra manilla montada en el interior de la puerta).<\/li>\n<\/ul>\n<p><strong>Distancia entre agujeros:  <\/strong><\/p>\n<p><strong>Material:  <\/strong><strong><br \/>\n<\/strong>[\/vc_column_text][\/vc_column][\/vc_row]<\/p>\n<\/div>","protected":false},"excerpt":{"rendered":"<p>Tirador Oppali negro inoxidable, 200 cm de longitud<\/p>\n","protected":false},"featured_media":265243,"comment_status":"open","ping_status":"closed","template":"","meta":[],"product_brand":[],"product_cat":[281],"product_tag":[1431,811,860],"class_list":{"0":"post-265513","1":"product","2":"type-product","3":"status-publish","4":"has-post-thumbnail","6":"product_cat-manija-de-la-puerta-delantera-de-acero-inoxidable","7":"product_tag-art_526_es","8":"product_tag-manillas-cuadradas-de-acero-inox-para-puertas","9":"product_tag-offset-inclinado-manillas-de-acero-inoxidable-para-puertas","10":"pa_length-100cm-393in-longitud","11":"pa_length-120cm-472in-longitud","12":"pa_length-40cm-157in-longitud","13":"pa_length-50cm-196in-longitud","14":"pa_length-60cm-236in-longitud","15":"pa_length-80cm-314in-longitud","16":"pa_pack-manija-unica","17":"pa_pack-par-de-manijas","18":"wcpa_has_options","20":"first","21":"instock","22":"taxable","23":"shipping-taxable","24":"purchasable","25":"product-type-variable"},"wcpa_form_fields":null,"_links":{"self":[{"href":"https:\/\/oppali.com\/es\/wp-json\/wp\/v2\/product\/265513","targetHints":{"allow":["GET"]}}],"collection":[{"href":"https:\/\/oppali.com\/es\/wp-json\/wp\/v2\/product"}],"about":[{"href":"https:\/\/oppali.com\/es\/wp-json\/wp\/v2\/types\/product"}],"replies":[{"embeddable":true,"href":"https:\/\/oppali.com\/es\/wp-json\/wp\/v2\/comments?post=265513"}],"wp:featuredmedia":[{"embeddable":true,"href":"https:\/\/oppali.com\/es\/wp-json\/wp\/v2\/media\/265243"}],"wp:attachment":[{"href":"https:\/\/oppali.com\/es\/wp-json\/wp\/v2\/media?parent=265513"}],"wp:term":[{"taxonomy":"product_brand","embeddable":true,"href":"https:\/\/oppali.com\/es\/wp-json\/wp\/v2\/product_brand?post=265513"},{"taxonomy":"product_cat","embeddable":true,"href":"https:\/\/oppali.com\/es\/wp-json\/wp\/v2\/product_cat?post=265513"},{"taxonomy":"product_tag","embeddable":true,"href":"https:\/\/oppali.com\/es\/wp-json\/wp\/v2\/product_tag?post=265513"}],"curies":[{"name":"wp","href":"https:\/\/api.w.org\/{rel}","templated":true}]}}