{"id":260522,"date":"2025-06-14T05:43:42","date_gmt":"2025-06-14T02:43:42","guid":{"rendered":"https:\/\/oppali.com\/product\/oppali-negro-tirador-de-acero-inoxidable-cuadrado-manija-de-la-puerta-de-entrada-art-525-cuadrado-t-bar-2\/"},"modified":"2026-01-05T08:37:48","modified_gmt":"2026-01-05T06:37:48","slug":"oppali-negro-tirador-de-acero-inoxidable-cuadrado-manija-de-la-puerta-de-entrada-art-525-cuadrado-t-bar-2","status":"publish","type":"product","link":"https:\/\/oppali.com\/es\/producto\/oppali-negro-tirador-de-acero-inoxidable-cuadrado-manija-de-la-puerta-de-entrada-art-525-cuadrado-t-bar-2\/","title":{"rendered":"Oppali Negro Tirador de Acero Inoxidable Cuadrado Manija de la Puerta de Entrada Art.525 | Cuadrado T-Bar |"},"content":{"rendered":"<p>Los tiradores de acero inoxidable Oppali para puertas de entrada son adecuados para puertas de madera, cristal, fibra de vidrio y metal, y est\u00e1n disponibles en varios dise\u00f1os y acabados con longitudes que van desde los 30 cm hasta los 200 cm. Los materiales de grado 304 de alta ingenier\u00eda y el bello acabado de la superficie permiten su instalaci\u00f3n en entornos exteriores, como verjas, puertas de entrada, almacenes, hasta entornos interiores, como salas de juntas, puertas de cristal de ducha, salas de conferencias, ba\u00f1os y dormitorios. Incluye herrajes de montaje a juego para Back to Back para puertas de cristal de tienda, puertas de cristal de ducha, puertas correderas, cuartos de ba\u00f1o (una manilla se fija en el exterior de la puerta y se une a otra manilla montada en el interior de la puerta). Tambi\u00e9n se puede montar en puertas de aluminio &#8211; puertas met\u00e1licas &#8211; puertas correderas &#8211; puertas de cristal &#8211; puertas de ducha o puertas de pl\u00e1stico como un par de asas de poste, madera y puerta de entrada de seguridad. 10 longitudes: 40 cm (16 pulgadas), 50 cm (19,7 pulgadas), 60 cm (24 pulgadas), 80 cm (32 pulgadas), 100 cm (40 pulgadas), 120 cm (47 pulgadas), 150 cm (59 pulgadas), 160 cm (63 pulgadas), 180 cm (71 pulgadas) y 200 cm (78,7 pulgadas). Todas las piezas son de acero inoxidable 304.<\/p>\n<ul>\n<li>Todas las piezas son de acero inoxidable 304<\/li>\n<li>Acabados en acero inoxidable cepillado, negro, blanco mate y lat\u00f3n mate.<\/li>\n<li>Pareja para instalaci\u00f3n espalda con espalda (puertas de cristal de tienda, puertas de cristal de ducha, puertas correderas, ba\u00f1os) y pieza para instalaci\u00f3n en un lado (puertas de entrada de madera y de seguridad, puertas, dormitorios).<\/li>\n<li>10 longitudes: 40 cm (16 pulgadas), 50 cm (19,7 pulgadas) 60 cm (24 pulgadas), 80 cm (32 pulgadas), 100 cm (40 pulgadas), 120 cm (47 pulgadas), 150 cm (59 pulgadas), 160 cm (63 pulgadas), 180 cm (71 pulgadas), 200 cm (78,7 pulgadas)<\/li>\n<li>Incluye herrajes de montaje a juego para Back to Back (una manilla se fija en el exterior de la puerta y se acopla a otra manilla montada en el interior de la puerta).<\/li>\n<\/ul>\n<p><strong>Distancia entre agujeros:  <\/strong><\/p>\n<p><strong>Material:  <\/strong><strong><br \/>\n<\/strong><\/p>\n<p>&nbsp;<\/p>\n<p>&nbsp;<\/p>\n","protected":false},"excerpt":{"rendered":"<p>Los tiradores de acero inoxidable Oppali para puertas de entrada son adecuados para puertas de madera, cristal, fibra de vidrio<\/p>\n","protected":false},"featured_media":259406,"comment_status":"open","ping_status":"closed","template":"","meta":[],"product_brand":[1202],"product_cat":[281,255],"product_tag":[1347,811],"class_list":{"0":"post-260522","1":"product","2":"type-product","3":"status-publish","4":"has-post-thumbnail","6":"product_brand-oppali","7":"product_cat-manija-de-la-puerta-delantera-de-acero-inoxidable","8":"product_cat-tiradores-de-puerta-y-perillas","9":"product_tag-art_525","10":"product_tag-manillas-cuadradas-de-acero-inox-para-puertas","11":"pa_length-100cm-393in-longitud","12":"pa_length-120cm-472in-longitud","13":"pa_length-150cm-59in-longitud","14":"pa_length-160cm-629in-longitud","15":"pa_length-180cm-708in-longitud","16":"pa_length-200cm-787in-longitud","17":"pa_length-40cm-157in-longitud","18":"pa_length-50cm-196in-longitud","19":"pa_length-60cm-236in-longitud","20":"pa_length-80cm-314in-longitud","21":"pa_pack-manija-unica","22":"pa_pack-par-de-manijas","23":"wcpa_has_options","25":"first","26":"instock","27":"taxable","28":"shipping-taxable","29":"purchasable","30":"product-type-variable"},"wcpa_form_fields":null,"_links":{"self":[{"href":"https:\/\/oppali.com\/es\/wp-json\/wp\/v2\/product\/260522","targetHints":{"allow":["GET"]}}],"collection":[{"href":"https:\/\/oppali.com\/es\/wp-json\/wp\/v2\/product"}],"about":[{"href":"https:\/\/oppali.com\/es\/wp-json\/wp\/v2\/types\/product"}],"replies":[{"embeddable":true,"href":"https:\/\/oppali.com\/es\/wp-json\/wp\/v2\/comments?post=260522"}],"wp:featuredmedia":[{"embeddable":true,"href":"https:\/\/oppali.com\/es\/wp-json\/wp\/v2\/media\/259406"}],"wp:attachment":[{"href":"https:\/\/oppali.com\/es\/wp-json\/wp\/v2\/media?parent=260522"}],"wp:term":[{"taxonomy":"product_brand","embeddable":true,"href":"https:\/\/oppali.com\/es\/wp-json\/wp\/v2\/product_brand?post=260522"},{"taxonomy":"product_cat","embeddable":true,"href":"https:\/\/oppali.com\/es\/wp-json\/wp\/v2\/product_cat?post=260522"},{"taxonomy":"product_tag","embeddable":true,"href":"https:\/\/oppali.com\/es\/wp-json\/wp\/v2\/product_tag?post=260522"}],"curies":[{"name":"wp","href":"https:\/\/api.w.org\/{rel}","templated":true}]}}