{"id":255195,"date":"2024-04-28T05:29:45","date_gmt":"2024-04-28T02:29:45","guid":{"rendered":"https:\/\/oppali.com\/product\/oppali-estera-blanca-tirador-de-acero-inoxidable-cuadrado-rectangulo-manija-de-la-puerta-de-entrada-art-580-rectangulo-t-bar\/"},"modified":"2024-05-29T13:11:57","modified_gmt":"2024-05-29T10:11:57","slug":"oppali-estera-blanca-tirador-de-acero-inoxidable-cuadrado-rectangulo-manija-de-la-puerta-de-entrada-art-580-rectangulo-t-bar","status":"publish","type":"product","link":"https:\/\/oppali.com\/es\/producto\/oppali-estera-blanca-tirador-de-acero-inoxidable-cuadrado-rectangulo-manija-de-la-puerta-de-entrada-art-580-rectangulo-t-bar\/","title":{"rendered":"Oppali Estera blanca Tirador de Acero Inoxidable Cuadrado Rect\u00e1ngulo Manija de la Puerta de Entrada Art.580 | Rect\u00e1ngulo T-Bar"},"content":{"rendered":"<p>Los tiradores de puerta de entrada de acero inoxidable Oppali son adecuados para puertas de madera, vidrio, fibra de vidrio y metal y est\u00e1n disponibles en varios dise\u00f1os \/ acabados que var\u00edan en longitud desde 30 cm (1,8 pulgadas) hasta 200 cm (78,7 pulgadas). Los materiales de grado 304 de alta ingenier\u00eda y el hermoso acabado de la superficie permiten la instalaci\u00f3n en entornos al aire libre como portones, puertas de entrada, espacios comerciales en entornos interiores como salas de juntas, puertas de vidrio para duchas, salas de conferencias, ba\u00f1os y dormitorios. Incluye accesorios de montaje a juego para puertas de vidrio de taller, puertas de vidrio de ducha, puertas corredizas, ba\u00f1os (una manija se fija en el exterior de la puerta y se fija a otra manija montada en el interior de la puerta). Tambi\u00e9n se puede montar en puertas de aluminio &#8211; puertas met\u00e1licas &#8211; puertas correderas &#8211; puertas de vidrio &#8211; puertas de ducha o puertas de pl\u00e1stico como un par de manijas de poste, madera y puerta de entrada de seguridad. 10 longitudes: 40 cm (16 pulgadas), 50 cm (19,7 pulgadas) 60 cm (24 pulgadas), 80 cm (32 pulgadas), 100 cm (40 pulgadas), 120 cm (47 pulgadas), 150 cm (59 pulgadas), 160 cm (63 pulgadas) ), 180 cm (71 pulgadas), 200 cm (78,7 pulgadas). Todas las piezas est\u00e1n hechas de acero inoxidable 304.<\/p>\n<ul>\n<li>Todas las piezas est\u00e1n hechas de acero inoxidable 304.<\/li>\n<li>Acabados: Acero inoxidable cepillado, Negro, Oro Mate.<\/li>\n<li>Par para instalaci\u00f3n espalda con espalda (puertas de vidrio para tiendas, puertas de vidrio para ducha, puertas corredizas, ba\u00f1os) y pieza para instalaci\u00f3n a un lado (madera y puerta de entrada de seguridad, portones, dormitorios)<\/li>\n<li>10 longitudes: 40 cm (16 pulgadas), 50 cm (19,7 pulgadas) 60 cm (24 pulgadas), 80 cm (32 pulgadas), 100 cm (40 pulgadas), 120 cm (47 pulgadas), 150 cm (59 pulgadas), 160 cm (63 pulgadas) ), 180 cm (71 pulgadas), 200 cm (78,7 pulgadas)<\/li>\n<li>Incluye accesorios de montaje a juego para espalda con espalda (una manija se fija en el exterior de la puerta y se fija a otra manija montada en el interior de la puerta).<\/li>\n<\/ul>\n<p><strong>Hole Spacing: <\/strong><\/p>\n<p><strong>Material: <\/strong><strong><br \/>\n<\/strong><\/p>\n<p>&nbsp;<\/p>\n<p>&nbsp;<\/p>\n","protected":false},"excerpt":{"rendered":"<p>Los tiradores de puerta de entrada de acero inoxidable Oppali son adecuados para puertas de madera, vidrio, fibra de vidrio<\/p>\n","protected":false},"featured_media":234790,"comment_status":"open","ping_status":"open","template":"","meta":[],"product_brand":[1202],"product_cat":[281,255],"product_tag":[1397,803],"class_list":{"0":"post-255195","1":"product","2":"type-product","3":"status-publish","4":"has-post-thumbnail","6":"product_brand-oppali","7":"product_cat-manija-de-la-puerta-delantera-de-acero-inoxidable","8":"product_cat-tiradores-de-puerta-y-perillas","9":"product_tag-art_580","10":"product_tag-manillas-rectangulares-de-acero-inox-para-puertas","11":"pa_length-100cm-393in-longitud","12":"pa_length-120cm-472in-longitud","13":"pa_length-150cm-59in-longitud","14":"pa_length-160cm-629in-longitud","15":"pa_length-180cm-708in-longitud","16":"pa_length-200cm-787in-longitud","17":"pa_length-40cm-157in-longitud","18":"pa_length-50cm-196in-longitud","19":"pa_length-60cm-236in-longitud","20":"pa_length-80cm-314in-longitud","21":"pa_pack-manija-unica","22":"pa_pack-par-de-manijas","23":"wcpa_has_options","25":"first","26":"instock","27":"taxable","28":"shipping-taxable","29":"purchasable","30":"product-type-variable"},"wcpa_form_fields":null,"_links":{"self":[{"href":"https:\/\/oppali.com\/es\/wp-json\/wp\/v2\/product\/255195","targetHints":{"allow":["GET"]}}],"collection":[{"href":"https:\/\/oppali.com\/es\/wp-json\/wp\/v2\/product"}],"about":[{"href":"https:\/\/oppali.com\/es\/wp-json\/wp\/v2\/types\/product"}],"replies":[{"embeddable":true,"href":"https:\/\/oppali.com\/es\/wp-json\/wp\/v2\/comments?post=255195"}],"wp:featuredmedia":[{"embeddable":true,"href":"https:\/\/oppali.com\/es\/wp-json\/wp\/v2\/media\/234790"}],"wp:attachment":[{"href":"https:\/\/oppali.com\/es\/wp-json\/wp\/v2\/media?parent=255195"}],"wp:term":[{"taxonomy":"product_brand","embeddable":true,"href":"https:\/\/oppali.com\/es\/wp-json\/wp\/v2\/product_brand?post=255195"},{"taxonomy":"product_cat","embeddable":true,"href":"https:\/\/oppali.com\/es\/wp-json\/wp\/v2\/product_cat?post=255195"},{"taxonomy":"product_tag","embeddable":true,"href":"https:\/\/oppali.com\/es\/wp-json\/wp\/v2\/product_tag?post=255195"}],"curies":[{"name":"wp","href":"https:\/\/api.w.org\/{rel}","templated":true}]}}