{"id":256513,"date":"2024-06-16T16:47:37","date_gmt":"2024-06-16T13:47:37","guid":{"rendered":"https:\/\/oppali.com\/?page_id=256513"},"modified":"2025-12-25T11:18:44","modified_gmt":"2025-12-25T09:18:44","slug":"oferta-de-descuento-2","status":"publish","type":"page","link":"https:\/\/oppali.com\/es\/oferta-de-descuento-2\/","title":{"rendered":"Reg\u00edstrese para Descuentos Exclusivos al por Mayor"},"content":{"rendered":"<div class=\"wpb-content-wrapper\"><p>[vc_row css=\u00bb.vc_custom_1496940694752{margin-bottom: 20px !important;}\u00bb][vc_column css=\u00bb.vc_custom_1484657273903{padding-top: 0px !important;}\u00bb]\n\t\t<div id=\"wd-666ee9feef055\" class=\"title-wrapper wd-wpb wd-set-mb reset-last-child  wd-rs-666ee9feef055 wd-title-color-default wd-title-style-underlined text-left vc_custom_1718544999271 wd-underline-colored\">\n\t\t\t\n\t\t\t<div class=\"liner-continer\">\n\t\t\t\t<h4 class=\"woodmart-title-container title  wd-font-weight- wd-fontsize-l\" >Reg\u00edstrese Ahora y Benef\u00edciese de los Descuentos Exclusivos al por Mayor de Oppali<\/h4>\n\t\t\t\t\t\t\t<\/div>\n\t\t\t\n\t\t\t\n\t\t\t\n\t\t<\/div>\n\t\t\n\t\t[\/vc_column][\/vc_row][vc_row equal_height=\u00bbyes\u00bb css=\u00bb.vc_custom_1496940708254{margin-bottom: 5vh !important;}\u00bb][vc_column css=\u00bb.vc_custom_1484657119633{padding-top: 0px !important;}\u00bb][vc_column_text css=\u00bb\u00bb text_larger=\u00bbno\u00bb woodmart_inline=\u00bbno\u00bb]<\/p>\n<p data-pm-slice=\"1 1 []\">Le invitamos a descubrir la elegancia aristocr\u00e1tica y la durabilidad sin igual de las manillas de acero inoxidable para puertas de Oppali. Oppali es una empresa de renombre especializada en la fabricaci\u00f3n de manillas de acero inoxidable para puertas. Con su compromiso con la calidad y la innovaci\u00f3n, Oppali se ha consolidado como un fabricante fiable en el sector.<\/p>\n<p>Cuidadosamente seleccionados y fabricados con los m\u00e1s altos est\u00e1ndares, nuestros tiradores representan la combinaci\u00f3n perfecta entre funcionalidad y est\u00e9tica. Cada detalle est\u00e1 meticulosamente dise\u00f1ado para proporcionar una sensaci\u00f3n de lujo y seguridad a cualquier espacio.[\/vc_column_text][vc_custom_heading text=\u00bbInscr\u00edbase ahora para acceder a los descuentos al por mayor de nuestro sitio web.\u00bb font_container=\u00bbtag:h3|font_size:14|text_align:left\u00bb use_theme_fonts=\u00bbyes\u00bb css=\u00bb\u00bb][vc_column_text css=\u00bb\u00bb text_larger=\u00bbno\u00bb woodmart_inline=\u00bbno\u00bb]<\/p>\n<p data-pm-slice=\"1 1 []\">Oppali ofrece a los profesionales la oportunidad de acceder a una amplia gama de productos a los mejores precios del mercado. Reg\u00edstrese hoy mismo y acceda a una amplia variedad de mangos de acero inoxidable y otros productos excepcionales. Con un descuento b\u00e1sico en cada producto y descuentos adicionales para pedidos m\u00e1s grandes, tu registro ser\u00e1 recompensado con excelentes oportunidades y resultados.<\/p>\n<p>[\/vc_column_text][vc_single_image image=\u00bb256543&#8243; img_size=\u00bblarge\u00bb alignment=\u00bbcenter\u00bb style=\u00bbvc_box_outline\u00bb border_color=\u00bbblack\u00bb css=\u00bb\u00bb parallax_scroll=\u00bbno\u00bb woodmart_inline=\u00bbno\u00bb][vc_custom_heading text=\u00bbPedido Sencillo, Entrega R\u00e1pida &#8211; \u00a1Para Usted!\u00bb font_container=\u00bbtag:h3|font_size:14|text_align:left\u00bb use_theme_fonts=\u00bbyes\u00bb css=\u00bb\u00bb][vc_column_text css=\u00bb\u00bb text_larger=\u00bbno\u00bb woodmart_inline=\u00bbno\u00bb]<\/p>\n<p data-pm-slice=\"1 1 []\">Pensando en su comodidad y conveniencia, hemos dise\u00f1ado una plataforma en l\u00ednea para satisfacer todas sus necesidades. De forma sencilla y f\u00e1cil, puedes seleccionar los productos que deseas y disfrutar de una entrega r\u00e1pida mientras experimentas la facilidad del proceso.<\/p>\n<p>[\/vc_column_text][vc_custom_heading text=\u00bbPersonalizaci\u00f3n y Adaptaci\u00f3n &#8211; \u00a1Seg\u00fan sus Preferencias!\u00bb font_container=\u00bbtag:h3|font_size:14|text_align:left\u00bb use_theme_fonts=\u00bbyes\u00bb css=\u00bb\u00bb][vc_column_text css=\u00bb\u00bb text_larger=\u00bbno\u00bb woodmart_inline=\u00bbno\u00bb]<\/p>\n<p data-pm-slice=\"1 1 []\">Eres especial para nosotros, y por eso hemos dise\u00f1ado descuentos y ofertas que te encantar\u00e1n. Desde ofertas personalizadas hasta descuentos especiales, tu experiencia es siempre nuestra prioridad.<\/p>\n<p>[\/vc_column_text][vc_custom_heading text=\u00bbSeguimiento y gesti\u00f3n: con el control en sus manos\u00bb font_container=\u00bbtag:h3|font_size:14|text_align:left\u00bb use_theme_fonts=\u00bbyes\u00bb css=\u00bb\u00bb][vc_column_text css=\u00bb\u00bb text_larger=\u00bbno\u00bb woodmart_inline=\u00bbno\u00bb]<\/p>\n<p data-pm-slice=\"1 1 []\">Pensando en ti, te ofrecemos la posibilidad de realizar un seguimiento y gestionar tus compras con facilidad. Ahora es m\u00e1s f\u00e1cil que nunca hacer un seguimiento del progreso de tus pedidos y gestionar tu inventario.<\/p>\n<p>[\/vc_column_text]<div id=\"wd-666ef03a0b9c6\" class=\" wd-rs-666ef03a0b9c6  wd-button-wrapper text-center\"><a href=\"https:\/\/oppali.com\/es\/pagina-de-registro-de-mayoristas\/\" title=\"P\u00e1gina de registro de mayoristas\" style=\"--btn-color:#fff;--btn-color-hover:#fff;\" class=\"btn btn-style-default btn-shape-rectangle btn-size-default\">Inscr\u00edbase<\/a><\/div>[\/vc_column][\/vc_row]<\/p>\n<\/div>","protected":false},"excerpt":{"rendered":"<p>[vc_row css=\u00bb.vc_custom_1496940694752{margin-bottom: 20px !important;}\u00bb][vc_column css=\u00bb.vc_custom_1484657273903{padding-top: 0px !important;}\u00bb][\/vc_column][\/vc_row][vc_row equal_height=\u00bbyes\u00bb css=\u00bb.vc_custom_1496940708254{margin-bottom: 5vh !important;}\u00bb][vc_column css=\u00bb.vc_custom_1484657119633{padding-top: 0px !important;}\u00bb][vc_column_text css=\u00bb\u00bb text_larger=\u00bbno\u00bb woodmart_inline=\u00bbno\u00bb] Le invitamos a<\/p>\n","protected":false},"author":1,"featured_media":0,"parent":0,"menu_order":0,"comment_status":"closed","ping_status":"closed","template":"","meta":{"footnotes":""},"class_list":["post-256513","page","type-page","status-publish","hentry"],"_links":{"self":[{"href":"https:\/\/oppali.com\/es\/wp-json\/wp\/v2\/pages\/256513","targetHints":{"allow":["GET"]}}],"collection":[{"href":"https:\/\/oppali.com\/es\/wp-json\/wp\/v2\/pages"}],"about":[{"href":"https:\/\/oppali.com\/es\/wp-json\/wp\/v2\/types\/page"}],"author":[{"embeddable":true,"href":"https:\/\/oppali.com\/es\/wp-json\/wp\/v2\/users\/1"}],"replies":[{"embeddable":true,"href":"https:\/\/oppali.com\/es\/wp-json\/wp\/v2\/comments?post=256513"}],"version-history":[{"count":0,"href":"https:\/\/oppali.com\/es\/wp-json\/wp\/v2\/pages\/256513\/revisions"}],"wp:attachment":[{"href":"https:\/\/oppali.com\/es\/wp-json\/wp\/v2\/media?parent=256513"}],"curies":[{"name":"wp","href":"https:\/\/api.w.org\/{rel}","templated":true}]}}