{"id":256494,"date":"2017-06-12T13:59:52","date_gmt":"2017-06-12T10:59:52","guid":{"rendered":"https:\/\/oppali.com\/lista-de-deseos\/"},"modified":"2025-11-18T05:19:41","modified_gmt":"2025-11-18T03:19:41","slug":"lista-de-deseos","status":"publish","type":"page","link":"https:\/\/oppali.com\/es\/lista-de-deseos\/","title":{"rendered":"Lista de deseos"},"content":{"rendered":"<div class=\"wpb-content-wrapper\"><p>[vc_row][vc_column]\t\t\n\t\t\n\n\t\t\t\t<div class=\"\" >\n\t\t\t\t\t\t<div class=\"wd-wishlist-content\">\n\t\t\t\t\t\t\t\t\t\n\t\t<div class=\"wd-empty-block wd-empty-wishlist\">\n\n\t\t<h2 class=\"wd-empty-block-title\">\n\t\t\tEsta lista de deseos est\u00e1 vac\u00eda.\t\t<\/h2>\n\n\t\t\t\t\t<p class=\"wd-empty-block-text\">\n\t\t\t\tA\u00fan no tienes ning\u00fan producto en la lista de deseos. <br> Encontrar\u00e1 muchos productos interesantes en nuestra p\u00e1gina \"Productos\".\t\t\t<\/p>\n\t\t\n\t\t\n\t\t\t\t\t<a class=\"button btn btn-accent wd-empty-block-btn\" href=\"https:\/\/oppali.com\/es\/productos\/\">\n\t\t\t\tVolver a la tienda\t\t\t<\/a>\n\t\t\n\t\t\t\t\t<\/div>\n\t\t\t\t\t\t\t\t\t\t\t<\/div>\n\t\t\t\t<\/div>\n\t\t[\/vc_column][\/vc_row]<\/p>\n<\/div>","protected":false},"excerpt":{"rendered":"<p>[vc_row][vc_column][\/vc_column][\/vc_row]<\/p>\n","protected":false},"author":1,"featured_media":0,"parent":0,"menu_order":0,"comment_status":"closed","ping_status":"closed","template":"","meta":{"footnotes":""},"class_list":["post-256494","page","type-page","status-publish","hentry"],"_links":{"self":[{"href":"https:\/\/oppali.com\/es\/wp-json\/wp\/v2\/pages\/256494","targetHints":{"allow":["GET"]}}],"collection":[{"href":"https:\/\/oppali.com\/es\/wp-json\/wp\/v2\/pages"}],"about":[{"href":"https:\/\/oppali.com\/es\/wp-json\/wp\/v2\/types\/page"}],"author":[{"embeddable":true,"href":"https:\/\/oppali.com\/es\/wp-json\/wp\/v2\/users\/1"}],"replies":[{"embeddable":true,"href":"https:\/\/oppali.com\/es\/wp-json\/wp\/v2\/comments?post=256494"}],"version-history":[{"count":0,"href":"https:\/\/oppali.com\/es\/wp-json\/wp\/v2\/pages\/256494\/revisions"}],"wp:attachment":[{"href":"https:\/\/oppali.com\/es\/wp-json\/wp\/v2\/media?parent=256494"}],"curies":[{"name":"wp","href":"https:\/\/api.w.org\/{rel}","templated":true}]}}