{"id":170062,"date":"2017-07-13T06:58:00","date_gmt":"2017-07-13T03:58:00","guid":{"rendered":"https:\/\/oppali.com\/sobre-nosotros\/"},"modified":"2025-12-26T07:59:29","modified_gmt":"2025-12-26T05:59:29","slug":"manillas-de-acero-inoxidable-oppali","status":"publish","type":"page","link":"https:\/\/oppali.com\/es\/manillas-de-acero-inoxidable-oppali\/","title":{"rendered":"Sobre nosotros"},"content":{"rendered":"<div class=\"wpb-content-wrapper\"><p data-rm-block-id=\"block-1\">[vc_row full_width=\u00bbstretch_row\u00bb el_class=\u00bbopacity-video-bg\u00bb css=\u00bb.vc_custom_1688290189574{margin-bottom: 8vh !important;padding-top: 5vh !important;padding-bottom: 24px !important;background-color: #0a0a0a !important;background-position: center !important;background-repeat: no-repeat !important;background-size: cover !important;}\u00bb woodmart_css_id=\u00bb64a1438487829&#8243; responsive_spacing=\u00bbeyJwYXJhbV90eXBlIjoid29vZG1hcnRfcmVzcG9uc2l2ZV9zcGFjaW5nIiwic2VsZWN0b3JfaWQiOiI2NGExNDM4NDg3ODI5Iiwic2hvcnRjb2RlIjoidmNfcm93IiwiZGF0YSI6eyJ0YWJsZXQiOnt9LCJtb2JpbGUiOnt9fX0=\u00bb mobile_bg_img_hidden=\u00bbno\u00bb tablet_bg_img_hidden=\u00bbno\u00bb woodmart_parallax=\u00bb0&#8243; woodmart_gradient_switch=\u00bbno\u00bb woodmart_box_shadow=\u00bbno\u00bb wd_z_index=\u00bbno\u00bb woodmart_disable_overflow=\u00bb0&#8243; row_reverse_mobile=\u00bb0&#8243; row_reverse_tablet=\u00bb0&#8243;][vc_column css=\u00bb.vc_custom_1499517305703{padding-top: 0px !important;}\u00bb el_class=\u00bbtext-center\u00bb]\n\t\t<div id=\"wd-64a14353e696d\" class=\"title-wrapper wd-wpb wd-set-mb reset-last-child  wd-rs-64a14353e696d wd-title-color-white wd-title-style-default text-center  wd-underline-colored\">\n\t\t\t\n\t\t\t<div class=\"liner-continer\">\n\t\t\t\t<h4 class=\"woodmart-title-container title  wd-font-weight- wd-fontsize-xxl\" >El \u00e9xito de nuestra empresa<\/h4>\n\t\t\t\t\t\t\t<\/div>\n\t\t\t\n\t\t\t\t\t\t\t<div class=\"title-after_title reset-last-child  wd-fontsize-s\">Mejore la apariencia de sus puertas con Oppali, donde la artesan\u00eda se encuentra con la innovaci\u00f3n.<\/div>\n\t\t\t\n\t\t\t\n\t\t<\/div>\n\t\t\n\t\t[\/vc_column][\/vc_row][vc_row css=\u00bb.vc_custom_1499600383384{margin-bottom: 8vh !important;}\u00bb][vc_column offset=\u00bbvc_col-lg-offset-2 vc_col-lg-8 vc_col-md-offset-2 vc_col-md-8 vc_col-sm-offset-0&#8243; css=\u00bb.vc_custom_1499599304156{padding-top: 0px !important;}\u00bb]\n\t\t<div id=\"wd-64a1343faa40e\" class=\"title-wrapper wd-wpb wd-set-mb reset-last-child  wd-rs-64a1343faa40e wd-title-color-default wd-title-style-default text-left vc_custom_1688286303790 wd-underline-colored\">\n\t\t\t\n\t\t\t<div class=\"liner-continer\">\n\t\t\t\t<h4 class=\"woodmart-title-container title  wd-font-weight- wd-fontsize-xxxl\" >Nuestra empresa<\/h4>\n\t\t\t\t\t\t\t<\/div>\n\t\t\t\n\t\t\t\n\t\t\t\n\t\t<\/div>\n\t\t\n\t\t[vc_custom_heading text=\u00bbMejore la apariencia de sus puertas con Oppali, donde la artesan\u00eda se encuentra con la innovaci\u00f3n.\u00bb font_container=\u00bbtag:p|font_size:20|text_align:left|color:%23777777&#8243; google_fonts=\u00bbfont_family:Lato%3A100%2C100italic%2C300%2C300italic%2Cregular%2Citalic%2C700%2C700italic%2C900%2C900italic|font_style:400%20regular%3A400%3Anormal\u00bb css=\u00bb.vc_custom_1688286492851{margin-top: -25px !important;}\u00bb el_class=\u00bbhidden-sm hidden-xs\u00bb][vc_custom_heading text=\u00bbOppali es una empresa reconocida especializada en la fabricaci\u00f3n de manillas de puerta de acero inoxidable. Con un compromiso con la calidad y la innovaci\u00f3n, Oppali se ha consolidado como un fabricante confiable en la industria.\u00bb font_container=\u00bbtag:p|font_size:22|text_align:left|color:%238e8e8e\u00bb google_fonts=\u00bbfont_family:Lato%3A100%2C100italic%2C300%2C300italic%2Cregular%2Citalic%2C700%2C700italic%2C900%2C900italic|font_style:300%20light%20italic%3A300%3Aitalic\u00bb][vc_row_inner][vc_column_inner width=\u00bb1\/2&#8243; css=\u00bb.vc_custom_1494857398526{padding-top: 0px !important;}\u00bb][vc_column_text css=\u00bb.vc_custom_1688286429089{margin-bottom: 20px !important;}\u00bb woodmart_inline=\u00bbno\u00bb text_larger=\u00bbno\u00bb]En Oppali entendemos que las manillas de puerta no son solo componentes funcionales, sino tambi\u00e9n elementos de dise\u00f1o importantes que realzan la est\u00e9tica de cualquier espacio. Es por eso que nos enorgullece crear manillas de puerta de acero inoxidable de alta calidad que combinan funcionalidad, durabilidad y elegancia atemporal.<\/p>\n<p data-rm-block-id=\"block-2\">Nuestro equipo de artesanos e ingenieros calificados dise\u00f1a y fabrica meticulosamente cada manilla de puerta para garantizar una calidad y precisi\u00f3n impecables. Utilizamos materiales de acero inoxidable de alta calidad reconocidos por su resistencia, resistencia a la corrosi\u00f3n y longevidad. Mediante un cuidado artesanal y atenci\u00f3n a los detalles, creamos manillas de puerta que emanan sofisticaci\u00f3n y resisten el paso del tiempo.[\/vc_column_text][\/vc_column_inner][vc_column_inner width=\u00bb1\/2&#8243; css=\u00bb.vc_custom_1494857394949{padding-top: 0px !important;}\u00bb][vc_column_text css=\u00bb.vc_custom_1688286381409{margin-bottom: 20px !important;}\u00bb woodmart_inline=\u00bbno\u00bb text_larger=\u00bbno\u00bb]Ya sea que est\u00e9 buscando dise\u00f1os modernos y elegantes o estilos cl\u00e1sicos y tradicionales, Oppali ofrece una variedad de opciones para satisfacer todos los gustos y preferencias. Nuestras manillas de puerta se integran arm\u00f3nicamente en diferentes estilos arquitect\u00f3nicos, agregando un toque de lujo a espacios residenciales y comerciales.<\/p>\n<p data-rm-block-id=\"block-3\">La satisfacci\u00f3n de nuestros clientes es nuestra m\u00e1xima prioridad y nos esforzamos por superar las expectativas con nuestros productos de calidad superior y nuestro servicio excepcional. Nuestro equipo dedicado est\u00e1 siempre listo para ayudarlo a elegir las manillas de puerta de acero inoxidable ideales que complementen su visi\u00f3n de dise\u00f1o interior.<\/p>\n<p data-rm-block-id=\"block-4\">El\u00edja Oppali para productos de acero inoxidable de alta calidad y estilo que combinen funcionalidad y est\u00e9tica en perfecta armon\u00eda. Mejore la apariencia de sus puertas con Oppali, donde la artesan\u00eda se encuentra con la innovaci\u00f3n.[\/vc_column_text][\/vc_column_inner][\/vc_row_inner][vc_separator color=\u00bbcustom\u00bb accent_color=\u00bbrgba(10,10,10,0.12)\u00bb css=\u00bb.vc_custom_1499600318751{margin-bottom: 30px !important;padding-top: 10px !important;}\u00bb][vc_row_inner content_placement=\u00bbmiddle\u00bb css=\u00bb.vc_custom_1499600064550{padding-top: 0px !important;}\u00bb][vc_column_inner width=\u00bb1\/2&#8243; css=\u00bb.vc_custom_1499599961071{margin-bottom: 20px !important;padding-top: 0px !important;}\u00bb][vc_column_text css=\u00bb.vc_custom_1688286742266{margin-bottom: 0px !important;}\u00bb woodmart_inline=\u00bbno\u00bb text_larger=\u00bbno\u00bb]<a href=\"http:\/\/oppali.com\"><strong><em>Developed by <span style=\"color: #bfcfcf;\">Oppali<\/span> @ 2023.<\/em><\/strong><\/a>[\/vc_column_text][\/vc_column_inner][vc_column_inner width=\u00bb1\/2&#8243; css=\u00bb.vc_custom_1499599970647{margin-bottom: 20px !important;padding-top: 0px !important;}\u00bb]\t\t\t<div\n\t\t\t\t\t\tclass=\" wd-social-icons  wd-style-bordered wd-size-small social-share wd-shape-circle text-right\">\n\t\t\t\t\n\t\t\t\t\n\t\t\t\t\t\t\t\t\t<a rel=\"noopener noreferrer nofollow\" href=\"https:\/\/www.facebook.com\/sharer\/sharer.php?u=https:\/\/oppali.com\/es\/manillas-de-acero-inoxidable-oppali\/\" target=\"_blank\" class=\" wd-social-icon social-facebook\" aria-label=\"Facebook social link\">\n\t\t\t\t\t\t<span class=\"wd-icon\"><\/span>\n\t\t\t\t\t\t\t\t\t\t\t<\/a>\n\t\t\t\t\n\t\t\t\t\t\t\t\t\t<a rel=\"noopener noreferrer nofollow\" href=\"https:\/\/x.com\/share?url=https:\/\/oppali.com\/es\/manillas-de-acero-inoxidable-oppali\/\" target=\"_blank\" class=\" wd-social-icon social-twitter\" aria-label=\"X social link\">\n\t\t\t\t\t\t<span class=\"wd-icon\"><\/span>\n\t\t\t\t\t\t\t\t\t\t\t<\/a>\n\t\t\t\t\n\t\t\t\t\n\t\t\t\t\n\t\t\t\t\n\t\t\t\t\n\t\t\t\t\n\t\t\t\t\t\t\t\t\t<a rel=\"noopener noreferrer nofollow\" href=\"https:\/\/pinterest.com\/pin\/create\/button\/?url=https:\/\/oppali.com\/es\/manillas-de-acero-inoxidable-oppali\/&#038;media=https:\/\/oppali.com\/wp-includes\/images\/media\/default.svg&#038;description=Sobre%20nosotros\" target=\"_blank\" class=\" wd-social-icon social-pinterest\" aria-label=\"Pinterest social link\">\n\t\t\t\t\t\t<span class=\"wd-icon\"><\/span>\n\t\t\t\t\t\t\t\t\t\t\t<\/a>\n\t\t\t\t\n\t\t\t\t\n\t\t\t\t\t\t\t\t\t<a rel=\"noopener noreferrer nofollow\" href=\"https:\/\/www.linkedin.com\/shareArticle?mini=true&#038;url=https:\/\/oppali.com\/es\/manillas-de-acero-inoxidable-oppali\/\" target=\"_blank\" class=\" wd-social-icon social-linkedin\" aria-label=\"Linkedin social link\">\n\t\t\t\t\t\t<span class=\"wd-icon\"><\/span>\n\t\t\t\t\t\t\t\t\t\t\t<\/a>\n\t\t\t\t\n\t\t\t\t\n\t\t\t\t\n\t\t\t\t\n\t\t\t\t\n\t\t\t\t\n\t\t\t\t\n\t\t\t\t\n\t\t\t\t\n\t\t\t\t\n\t\t\t\t\n\t\t\t\t\n\t\t\t\t\n\t\t\t\t\n\t\t\t\t\n\t\t\t\t\t\t\t\t\t<a rel=\"noopener noreferrer nofollow\" href=\"https:\/\/telegram.me\/share\/url?url=https:\/\/oppali.com\/es\/manillas-de-acero-inoxidable-oppali\/\" target=\"_blank\" class=\" wd-social-icon social-tg\" aria-label=\"Telegram social link\">\n\t\t\t\t\t\t<span class=\"wd-icon\"><\/span>\n\t\t\t\t\t\t\t\t\t\t\t<\/a>\n\t\t\t\t\n\t\t\t\t\n\t\t\t<\/div>\n\n\t\t[\/vc_column_inner][\/vc_row_inner][\/vc_column][\/vc_row][vc_section full_width=\u00bbstretch_row\u00bb css=\u00bb.vc_custom_1499928137828{margin-bottom: 10vh !important;padding-top: 8vh !important;padding-bottom: 8vh !important;background-image: url(http:\/\/dummy.xtemos.com\/woodmart\/demos\/wp-content\/uploads\/sites\/2\/2017\/06\/wood-main-dark-bg.jpg?id=246) !important;background-position: center !important;background-repeat: no-repeat !important;background-size: cover !important;}\u00bb][vc_row equal_height=\u00bbyes\u00bb content_placement=\u00bbmiddle\u00bb css=\u00bb.vc_custom_1499604445501{margin-right: -25px !important;margin-left: -25px !important;}\u00bb][vc_column width=\u00bb1\/6&#8243; css=\u00bb.vc_custom_1499604620360{padding-top: 10px !important;padding-right: 35px !important;padding-bottom: 10px !important;padding-left: 35px !important;}\u00bb][\/vc_column][vc_column width=\u00bb2\/3&#8243;]\n\t\t<div id=\"wd-64a143d13ad0e\" class=\"title-wrapper wd-wpb wd-set-mb reset-last-child  wd-rs-64a143d13ad0e wd-title-color-white wd-title-style-default text-left vc_custom_1688290277521 wd-width-enabled wd-underline-colored\" style=\"--wd-max-width: 90%;\">\n\t\t\t\n\t\t\t<div class=\"liner-continer\">\n\t\t\t\t<h4 class=\"woodmart-title-container title  wd-font-weight- wd-fontsize-xl\" >Producci\u00f3n centrada en la innovaci\u00f3n y la sostenibilidad<\/h4>\n\t\t\t\t\t\t\t<\/div>\n\t\t\t\n\t\t\t\n\t\t\t\n\t\t<\/div>\n\t\t\n\t\t[vc_custom_heading text=\u00bbOppali es una empresa reconocida especializada en la fabricaci\u00f3n de pomos de puerta de acero inoxidable.\u00bb font_container=\u00bbtag:p|font_size:20|text_align:left|color:rgba(255%2C255%2C255%2C0.8)\u00bb google_fonts=\u00bbfont_family:Lato%3A100%2C100italic%2C300%2C300italic%2Cregular%2Citalic%2C700%2C700italic%2C900%2C900italic|font_style:400%20regular%3A400%3Anormal\u00bb css=\u00bb.vc_custom_1688290284892{margin-top: -15px !important;margin-bottom: 15px !important;}\u00bb el_class=\u00bbhidden-sm hidden-xs\u00bb][vc_row_inner][vc_column_inner width=\u00bb1\/2&#8243; css=\u00bb.vc_custom_1494857398526{padding-top: 0px !important;}\u00bb][vc_column_text css=\u00bb.vc_custom_1688287709311{margin-bottom: 20px !important;}\u00bb woodmart_inline=\u00bbno\u00bb text_larger=\u00bbno\u00bb]Para empezar, Oppali se abastece de materiales de acero inoxidable de alta calidad conocidos por su durabilidad y resistencia a la corrosi\u00f3n. Estos materiales se inspeccionan meticulosamente para garantizar que cumplen las estrictas normas de calidad de la empresa. Una vez aprobado, el acero inoxidable se somete a un proceso de corte y moldeado de precisi\u00f3n con maquinaria de \u00faltima generaci\u00f3n.  <\/p>\n<p data-rm-block-id=\"block-5\">El siguiente paso consiste en aplicar diversas t\u00e9cnicas de acabado para realzar el atractivo est\u00e9tico de las manillas. Oppali emplea a h\u00e1biles artesanos que utilizan su experiencia para crear exquisitos dise\u00f1os y dibujos en la superficie de acero inoxidable. Estos dise\u00f1os pueden ser desde minimalistas y contempor\u00e1neos hasta intrincados y ornamentados, para satisfacer las diversas preferencias de los clientes.  <\/p>\n<p data-rm-block-id=\"block-6\">Tras la fase de dise\u00f1o, Oppali emplea t\u00e9cnicas avanzadas como el pulido, el abrillantado y la galvanoplastia para lograr un acabado impecable. Esta meticulosa atenci\u00f3n al detalle garantiza que cada manilla que sale de la f\u00e1brica de Oppali cumpla los m\u00e1s altos est\u00e1ndares de calidad y artesan\u00eda.[\/vc_column_text][\/vc_column_inner][vc_column_inner width=\u00bb1\/2&#8243; css=\u00bb.vc_custom_1494857394949{padding-top: 0px !important;}\u00bb][vc_column_text css=\u00bb.vc_custom_1688287726566{margin-bottom: 20px !important;}\u00bb woodmart_inline=\u00bbno\u00bb text_larger=\u00bbno\u00bb]A lo largo de todo el proceso de producci\u00f3n, Oppali da prioridad a la sostenibilidad y la responsabilidad medioambiental. La empresa aplica pr\u00e1cticas ecol\u00f3gicas, como el uso eficiente de la energ\u00eda y los sistemas de gesti\u00f3n de residuos, para minimizar su huella ecol\u00f3gica. <\/p>\n<p data-rm-block-id=\"block-7\">Una vez terminadas las manillas, Oppali realiza rigurosos controles de calidad para garantizar su funcionalidad y durabilidad. Estas minuciosas inspecciones garantizan que los productos no solo cumplen los exigentes est\u00e1ndares de la empresa, sino que tambi\u00e9n superan las expectativas de clientes de todo el mundo. <\/p>\n<p data-rm-block-id=\"block-8\">En conclusi\u00f3n, el proceso de producci\u00f3n de manillas de acero inoxidable de Oppali combina tecnolog\u00eda punta, artesan\u00eda especializada y compromiso con la calidad. Con un enfoque en la innovaci\u00f3n y la sostenibilidad, Oppali sigue ofreciendo productos superiores que a\u00f1aden un toque de elegancia y durabilidad a cualquier puerta.[\/vc_column_text][\/vc_column_inner][\/vc_row_inner][\/vc_column][vc_column width=\u00bb1\/6&#8243;][\/vc_column][\/vc_row][\/vc_section][vc_row css=\u00bb.vc_custom_1499600383384{margin-bottom: 8vh !important;}\u00bb][vc_column offset=\u00bbvc_col-lg-offset-2 vc_col-lg-8 vc_col-md-offset-2 vc_col-md-8 vc_col-sm-offset-0&#8243; css=\u00bb.vc_custom_1499599304156{padding-top: 0px !important;}\u00bb]\n\t\t<div id=\"wd-64a13c4f5c3ef\" class=\"title-wrapper wd-wpb wd-set-mb reset-last-child  wd-rs-64a13c4f5c3ef wd-title-color-default wd-title-style-default text-left vc_custom_1688288349117 wd-underline-colored\">\n\t\t\t\n\t\t\t<div class=\"liner-continer\">\n\t\t\t\t<h4 class=\"woodmart-title-container title  wd-font-weight- wd-fontsize-xxxl\" >Entrega puntual<\/h4>\n\t\t\t\t\t\t\t<\/div>\n\t\t\t\n\t\t\t\n\t\t\t\n\t\t<\/div>\n\t\t\n\t\t[vc_custom_heading text=\u00bbUna de las caracter\u00edsticas clave que distingue a Oppali de sus competidores es su velocidad de entrega excepcional.\u00bb font_container=\u00bbtag:p|font_size:22|text_align:left|color:%238e8e8e\u00bb google_fonts=\u00bbfont_family:Lato%3A100%2C100italic%2C300%2C300italic%2Cregular%2Citalic%2C700%2C700italic%2C900%2C900italic|font_style:300%20light%20italic%3A300%3Aitalic\u00bb][vc_row_inner][vc_column_inner width=\u00bb1\/2&#8243; css=\u00bb.vc_custom_1494857398526{padding-top: 0px !important;}\u00bb][vc_column_text css=\u00bb.vc_custom_1688288409039{margin-bottom: 20px !important;}\u00bb woodmart_inline=\u00bbno\u00bb text_larger=\u00bbno\u00bb]Con un equipo log\u00edstico especializado y procesos eficaces, Oppali garantiza la entrega r\u00e1pida de sus productos a clientes de todo el mundo.<\/p>\n<p data-rm-block-id=\"block-9\">El compromiso de la empresa con la entrega puntual se basa en sus valores fundamentales de satisfacci\u00f3n del cliente y fiabilidad. Oppali comprende la importancia de cumplir plazos ajustados y se esfuerza por superar las expectativas en este sentido. Tanto si se trata de un pedido peque\u00f1o como de un proyecto a gran escala, Oppali se enorgullece de su capacidad para procesar y enviar r\u00e1pidamente sus pomos de acero inoxidable de alta calidad.[\/vc_column_text][\/vc_column_inner][vc_column_inner width=\u00bb1\/2&#8243; css=\u00bb.vc_custom_1494857394949{padding-top: 0px !important;}\u00bb][vc_column_text css=\u00bb.vc_custom_1688288425369{margin-bottom: 20px !important;}\u00bb woodmart_inline=\u00bbno\u00bb text_larger=\u00bbno\u00bb]Al invertir en tecnolog\u00edas de producci\u00f3n avanzadas y racionalizar su cadena de suministro, Oppali optimiza su proceso de entrega. La maquinaria de \u00faltima generaci\u00f3n de la f\u00e1brica permite una fabricaci\u00f3n r\u00e1pida y precisa, con plazos de entrega cortos. Adem\u00e1s, Oppali mantiene s\u00f3lidas relaciones con sus socios transportistas, lo que garantiza un transporte fluido y r\u00e1pido desde la f\u00e1brica hasta la puerta del cliente.  <\/p>\n<p data-rm-block-id=\"block-10\">La excepcional rapidez del servicio de entrega de Oppali es un testimonio del compromiso de la empresa con la eficacia y la satisfacci\u00f3n del cliente. Con Oppali, los clientes pueden confiar en entregas puntuales, lo que les permite cumplir los plazos de sus proyectos y disfrutar de la calidad superior de los pomos de acero inoxidable producidos por esta f\u00e1brica l\u00edder del sector.[\/vc_column_text][\/vc_column_inner][\/vc_row_inner][vc_separator color=\u00bbcustom\u00bb accent_color=\u00bbrgba(10,10,10,0.12)\u00bb css=\u00bb.vc_custom_1499600318751{margin-bottom: 30px !important;padding-top: 10px !important;}\u00bb][\/vc_column][\/vc_row]<\/p>\n<\/div>","protected":false},"excerpt":{"rendered":"<p>[vc_row full_width=\u00bbstretch_row\u00bb el_class=\u00bbopacity-video-bg\u00bb css=\u00bb.vc_custom_1688290189574{margin-bottom: 8vh !important;padding-top: 5vh !important;padding-bottom: 24px !important;background-color: #0a0a0a !important;background-position: center !important;background-repeat: no-repeat !important;background-size: cover !important;}\u00bb woodmart_css_id=\u00bb64a1438487829&#8243; responsive_spacing=\u00bbeyJwYXJhbV90eXBlIjoid29vZG1hcnRfcmVzcG9uc2l2ZV9zcGFjaW5nIiwic2VsZWN0b3JfaWQiOiI2NGExNDM4NDg3ODI5Iiwic2hvcnRjb2RlIjoidmNfcm93IiwiZGF0YSI6eyJ0YWJsZXQiOnt9LCJtb2JpbGUiOnt9fX0=\u00bb<\/p>\n","protected":false},"author":1,"featured_media":0,"parent":0,"menu_order":0,"comment_status":"closed","ping_status":"closed","template":"","meta":{"footnotes":""},"class_list":["post-170062","page","type-page","status-publish","hentry"],"_links":{"self":[{"href":"https:\/\/oppali.com\/es\/wp-json\/wp\/v2\/pages\/170062","targetHints":{"allow":["GET"]}}],"collection":[{"href":"https:\/\/oppali.com\/es\/wp-json\/wp\/v2\/pages"}],"about":[{"href":"https:\/\/oppali.com\/es\/wp-json\/wp\/v2\/types\/page"}],"author":[{"embeddable":true,"href":"https:\/\/oppali.com\/es\/wp-json\/wp\/v2\/users\/1"}],"replies":[{"embeddable":true,"href":"https:\/\/oppali.com\/es\/wp-json\/wp\/v2\/comments?post=170062"}],"version-history":[{"count":0,"href":"https:\/\/oppali.com\/es\/wp-json\/wp\/v2\/pages\/170062\/revisions"}],"wp:attachment":[{"href":"https:\/\/oppali.com\/es\/wp-json\/wp\/v2\/media?parent=170062"}],"curies":[{"name":"wp","href":"https:\/\/api.w.org\/{rel}","templated":true}]}}