{"id":169656,"date":"2020-06-06T07:18:19","date_gmt":"2020-06-06T04:18:19","guid":{"rendered":"https:\/\/oppali.com\/informacion-sobre-entregas-y-devoluciones\/"},"modified":"2025-12-25T11:37:29","modified_gmt":"2025-12-25T09:37:29","slug":"informacion-sobre-entregas-y-devoluciones","status":"publish","type":"page","link":"https:\/\/oppali.com\/es\/informacion-sobre-entregas-y-devoluciones\/","title":{"rendered":"Informaci\u00f3n sobre entregas y devoluciones"},"content":{"rendered":"<div class=\"wpb-content-wrapper\"><p>[vc_row css=\u00bb.vc_custom_1496940694752{margin-bottom: 20px !important;}\u00bb][vc_column css=\u00bb.vc_custom_1484657273903{padding-top: 0px !important;}\u00bb]\n\t\t<div id=\"wd-5edb45d2136a5\" class=\"title-wrapper wd-wpb wd-set-mb reset-last-child  wd-rs-5edb45d2136a5 wd-title-color-default wd-title-style-underlined text-left vc_custom_1591428582725 wd-underline-colored\">\n\t\t\t\n\t\t\t<div class=\"liner-continer\">\n\t\t\t\t<h4 class=\"woodmart-title-container title  wd-font-weight- wd-fontsize-l\" >Informaci\u00f3n sobre entregas y devoluciones<\/h4>\n\t\t\t\t\t\t\t<\/div>\n\t\t\t\n\t\t\t\n\t\t\t\n\t\t<\/div>\n\t\t\n\t\t[\/vc_column][\/vc_row][vc_row equal_height=\u00bbyes\u00bb css=\u00bb.vc_custom_1496940708254{margin-bottom: 5vh !important;}\u00bb][vc_column width=\u00bb1\/2&#8243; css=\u00bb.vc_custom_1484657119633{padding-top: 0px !important;}\u00bb][vc_custom_heading text=\u00bb\u00bfHacen env\u00edos a todo el mundo?\u00bb font_container=\u00bbtag:h2|font_size:14|text_align:left\u00bb use_theme_fonts=\u00bbyes\u00bb][vc_column_text text_larger=\u00bbno\u00bb woodmart_inline=\u00bbno\u00bb]Actualmente suministramos nuestra gama de manillas y herrajes para puertas en todo el mundo con los mejores m\u00e9todos proporcionados.[\/vc_column_text][vc_custom_heading text=\u00bb\u00bfCu\u00e1nto tarda la entrega y cu\u00e1nto cuesta?\u00bb font_container=\u00bbtag:h2|font_size:14|text_align:left\u00bb use_theme_fonts=\u00bbyes\u00bb][vc_column_text text_larger=\u00bbno\u00bb woodmart_inline=\u00bbno\u00bb]<\/p>\n<ul>\n<li>\n<h6>Estados Unidos (US), Canad\u00e1<\/h6>\n<\/li>\n<\/ul>\n<p>Env\u00edo urgente 1-3 d\u00edas laborables &#8211; 18<\/p>\n<ul>\n<li>\n<h6>EU (B\u00e9lgica,Francia,Alemania,Italia,Luxemburgo,Pa\u00edses Bajos)<\/h6>\n<\/li>\n<\/ul>\n<p>Env\u00edo est\u00e1ndar 4-7 d\u00edas laborables &#8211; 10\u20ac.<\/p>\n<p>Env\u00edo urgente 1-2 d\u00edas laborables &#8211; 18<\/p>\n<ul>\n<li>\n<h6>EU (Austria, Bulgaria, Rep\u00fablica Checa, Dinamarca, Finlandia, Hungr\u00eda, Irlanda, Polonia, Portugal, Ruman\u00eda,Eslovaquia,Espa\u00f1a,Suecia)<\/h6>\n<\/li>\n<\/ul>\n<p>Env\u00edo est\u00e1ndar 4-7 d\u00edas laborables &#8211; 13\u20ac.<\/p>\n<p>Env\u00edo urgente 1-2 d\u00edas laborables &#8211; 20<\/p>\n<ul>\n<li>\n<h6>EU (Estonia, Letonia, Lituania, Eslovenia)<\/h6>\n<\/li>\n<\/ul>\n<p>Env\u00edo est\u00e1ndar 4-7 d\u00edas laborables &#8211; 19<\/p>\n<p>Env\u00edo urgente 1-2 d\u00edas laborables &#8211; 24<\/p>\n<ul>\n<li>\n<h6>Israel, Andorra, Liechtenstein, Malta, M\u00f3naco, Noruega, San Marino, Suiza, Turqu\u00eda<\/h6>\n<\/li>\n<\/ul>\n<p>Env\u00edo est\u00e1ndar 4-7 d\u00edas laborables &#8211; 24\u20ac.<\/p>\n<p>Env\u00edo urgente 1-2 d\u00edas laborables &#8211; 28<\/p>\n<ul>\n<li>\n<h6>Resto del mundo<\/h6>\n<\/li>\n<\/ul>\n<p>Env\u00edo est\u00e1ndar 6-12 d\u00edas laborables &#8211; 30\u20ac.<\/p>\n<p>Env\u00edo urgente 1-2 d\u00edas laborables &#8211; 35[\/vc_column_text][vc_custom_heading text=\u00bb\u00bfCu\u00e1l es su pol\u00edtica de ENV\u00cdO GRATUITO?\u00bb font_container=\u00bbtag:h2|font_size:14|text_align:left\u00bb use_theme_fonts=\u00bbyes\u00bb][vc_column_text text_larger=\u00bbno\u00bb woodmart_inline=\u00bbno\u00bb]<\/p>\n<ul>\n<li>\n<h6>Estados Unidos (US), Canad\u00e1: ENV\u00cdO GRATUITO En pedidos superiores a 100<\/h6>\n<\/li>\n<li>\n<h6>UE (B\u00e9lgica,Francia,Alemania,Italia,Luxemburgo,Pa\u00edses Bajos): ENV\u00cdO GRATUITO En pedidos superiores a 100\u20ac.<\/h6>\n<\/li>\n<li>\n<h6>EU (Austria, Bulgaria, Rep\u00fablica Checa, Dinamarca, Finlandia, Hungr\u00eda, Irlanda, Polonia, Portugal, Ruman\u00eda,Eslovaquia,Espa\u00f1a,Suecia): ENV\u00cdO GRATUITO En pedidos superiores a 100<\/h6>\n<\/li>\n<\/ul>\n<ul>\n<li>\n<h6>EU (Estonia, Letonia, Lituania, Eslovenia): ENV\u00cdO GRATUITO En pedidos superiores a 150\u20ac.<\/h6>\n<\/li>\n<li>\n<h6>Israel, Andorra, Liechtenstein, Malta, M\u00f3naco, Noruega, San Marino, Suiza, Turqu\u00eda: ENV\u00cdO GRATUITO En pedidos superiores a 150\u20ac.<\/h6>\n<\/li>\n<\/ul>\n<ul>\n<li>\n<h6>Resto del Mundo: ENV\u00cdO GRATUITO En pedidos superiores a 250<\/h6>\n<\/li>\n<\/ul>\n<p>En Oppali nuestro objetivo es ofrecer el mejor servicio al cliente, todos los art\u00edculos en stock ser\u00e1n enviados dentro de las 48 horas siguientes al pedido.  <strong>La mayor\u00eda de los pedidos se env\u00edan el mismo d\u00eda y se reciben al d\u00eda siguiente.<\/strong><\/p>\n<p><strong>Todos los plazos de entrega citados de 1 a 3 d\u00edas laborables y de 3 a 7 d\u00edas laborables excluyen fines de semana y d\u00edas festivos (puentes).<\/strong><\/p>\n<p>Tenga en cuenta que, una vez enviado el pedido, no podr\u00e1 cancelarlo, sino que deber\u00e1 devolverlo para obtener el reembolso. En caso de que se rechace una entrega, se aplicar\u00e1 un cargo de 8\u20ac.[\/vc_column_text][\/vc_column][vc_column width=\u00bb1\/2&#8243; css=\u00bb.vc_custom_1484657123074{padding-top: 0px !important;}\u00bb][vc_custom_heading text=\u00bb\u00bfC\u00f3mo puedo devolver un art\u00edculo?\u00bb font_container=\u00bbtag:h3|font_size:14|text_align:left\u00bb use_theme_fonts=\u00bbyes\u00bb][vc_column_text text_larger=\u00bbno\u00bb]Ofrecemos una garant\u00eda de devoluci\u00f3n del dinero de 30 d\u00edas.<br \/>\nEsto significa que puede devolver cualquier art\u00edculo no deseado en un plazo de 30 d\u00edas para obtener un reembolso completo.<\/p>\n<p>Todas las devoluciones y reembolsos est\u00e1n sujetos a las siguientes condiciones<\/p>\n<ul>\n<li>\n<ul>\n<li>Los art\u00edculos est\u00e1n intactos en su embalaje original y son aptos para la reventa.<\/li>\n<li>Los portes de devoluci\u00f3n corren a cargo del cliente.<\/li>\n<li>Todos los art\u00edculos se devuelven en un plazo de 30 d\u00edas a partir de la recepci\u00f3n del pedido.<\/li>\n<\/ul>\n<\/li>\n<\/ul>\n<p>Recuerde incluir una copia de su pedido de venta con la devoluci\u00f3n para que podamos identificar al remitente de la mercanc\u00eda.<\/p>\n<p>Abonaremos el importe en la cuenta de su tarjeta de pago en un plazo de 14 d\u00edas a partir de la recepci\u00f3n del producto devuelto.<\/p>\n<p>Para que podamos atender su llamada con rapidez y eficacia, le rogamos que nos facilite la siguiente informaci\u00f3n:<\/p>\n<p>N\u00famero de pedido<\/p>\n<p>C\u00f3digo del producto<\/p>\n<p>Motivo de la devoluci\u00f3n[\/vc_column_text][vc_custom_heading text=\u00bb\u00bfProductos necesarios al d\u00eda siguiente?\u00bb font_container=\u00bbtag:h3|font_size:14|text_align:left\u00bb use_theme_fonts=\u00bbyes\u00bb][vc_column_text text_larger=\u00bbno\u00bb]La entrega al d\u00eda siguiente es nuestro servicio de mensajer\u00eda est\u00e1ndar para los pedidos nacionales (griegos), sin embargo, p\u00f3ngase en contacto con nosotros primero para asegurarse de que tenemos suficiente stock para satisfacer sus necesidades de pedidos. Tenga en cuenta que tendr\u00e1 que estar en su direcci\u00f3n de entrega cuando se entreguen las mercanc\u00edas, ya que nuestro transportista le pedir\u00e1 un recibo firmado como prueba de entrega. Podemos realizar la entrega en una direcci\u00f3n alternativa si no va a estar en casa para recibir su pedido.<\/p>\n<p>Por favor, aseg\u00farese de que alguien puede recibir la mercanc\u00eda el d\u00eda de la entrega, se le notificar\u00e1 por correo electr\u00f3nico o texto (si lo solicita) con un ETA de la orden. Si el transportista no puede entregar la mercanc\u00eda porque no hay nadie disponible para aceptar la entrega, deber\u00e1 ponerse en contacto con nosotros para concertar una fecha de entrega adecuada. Si la entrega no se puede realizar o se rechaza, se cobrar\u00e1n otros gastos de entrega o se deducir\u00e1n de cualquier cr\u00e9dito para recuperar los gastos en los que hayamos incurrido.<\/p>\n<p>Podemos realizar la entrega en otra direcci\u00f3n si no se encuentra en casa durante el horario laboral.[\/vc_column_text][\/vc_column][\/vc_row]<\/p>\n<\/div>","protected":false},"excerpt":{"rendered":"<p>[vc_row css=\u00bb.vc_custom_1496940694752{margin-bottom: 20px !important;}\u00bb][vc_column css=\u00bb.vc_custom_1484657273903{padding-top: 0px !important;}\u00bb][\/vc_column][\/vc_row][vc_row equal_height=\u00bbyes\u00bb css=\u00bb.vc_custom_1496940708254{margin-bottom: 5vh !important;}\u00bb][vc_column width=\u00bb1\/2&#8243; css=\u00bb.vc_custom_1484657119633{padding-top: 0px !important;}\u00bb][vc_custom_heading text=\u00bb\u00bfHacen env\u00edos a todo el<\/p>\n","protected":false},"author":1,"featured_media":0,"parent":0,"menu_order":0,"comment_status":"closed","ping_status":"closed","template":"","meta":{"footnotes":""},"class_list":["post-169656","page","type-page","status-publish","hentry"],"_links":{"self":[{"href":"https:\/\/oppali.com\/es\/wp-json\/wp\/v2\/pages\/169656","targetHints":{"allow":["GET"]}}],"collection":[{"href":"https:\/\/oppali.com\/es\/wp-json\/wp\/v2\/pages"}],"about":[{"href":"https:\/\/oppali.com\/es\/wp-json\/wp\/v2\/types\/page"}],"author":[{"embeddable":true,"href":"https:\/\/oppali.com\/es\/wp-json\/wp\/v2\/users\/1"}],"replies":[{"embeddable":true,"href":"https:\/\/oppali.com\/es\/wp-json\/wp\/v2\/comments?post=169656"}],"version-history":[{"count":0,"href":"https:\/\/oppali.com\/es\/wp-json\/wp\/v2\/pages\/169656\/revisions"}],"wp:attachment":[{"href":"https:\/\/oppali.com\/es\/wp-json\/wp\/v2\/media?parent=169656"}],"curies":[{"name":"wp","href":"https:\/\/api.w.org\/{rel}","templated":true}]}}