{"id":169558,"date":"2020-06-06T07:55:10","date_gmt":"2020-06-06T04:55:10","guid":{"rendered":"https:\/\/oppali.com\/oferta-de-descuento\/"},"modified":"2025-12-25T11:45:35","modified_gmt":"2025-12-25T09:45:35","slug":"oferta-de-descuento","status":"publish","type":"page","link":"https:\/\/oppali.com\/es\/oferta-de-descuento\/","title":{"rendered":"Oferta de descuento"},"content":{"rendered":"<div class=\"wpb-content-wrapper\"><p>[vc_row][vc_column][vc_custom_heading text=\u00bb<strong>Descuentos al por menor y al por mayor<\/strong>\u00bb font_container=\u00bbtag:h2|font_size:52|text_align:center\u00bb use_theme_fonts=\u00bbyes\u00bb css=\u00bb\u00bb][\/vc_column][\/vc_row][vc_row css=\u00bb.vc_custom_1496940694752{margin-bottom: 20px !important;}\u00bb][vc_column css=\u00bb.vc_custom_1484657273903{padding-top: 0px !important;}\u00bb]\n\t\t<div id=\"wd-5edb4c0898d51\" class=\"title-wrapper wd-wpb wd-set-mb reset-last-child  wd-rs-5edb4c0898d51 wd-title-color-default wd-title-style-underlined text-left vc_custom_1591430164767 wd-underline-colored\">\n\t\t\t\n\t\t\t<div class=\"liner-continer\">\n\t\t\t\t<h4 class=\"woodmart-title-container title  wd-font-weight- wd-fontsize-l\" >Oferta de descuento<\/h4>\n\t\t\t\t\t\t\t<\/div>\n\t\t\t\n\t\t\t\n\t\t\t\n\t\t<\/div>\n\t\t\n\t\t[\/vc_column][\/vc_row][vc_row equal_height=\u00bbyes\u00bb css=\u00bb.vc_custom_1496940708254{margin-bottom: 5vh !important;}\u00bb][vc_column css=\u00bb.vc_custom_1484657119633{padding-top: 0px !important;}\u00bb][vc_custom_heading text=\u00bbDescuento adicional\u00bb font_container=\u00bbtag:h3|font_size:14|text_align:left\u00bb use_theme_fonts=\u00bbyes\u00bb][vc_column_text css=\u00bb\u00bb text_larger=\u00bbno\u00bb woodmart_inline=\u00bbno\u00bb]<\/p>\n<ul>\n<li>Los pedidos superiores a 180\u20ac tienen un descuento adicional del 5%.<\/li>\n<li>Los pedidos superiores a 50\u20ac tienen un descuento adicional del 8%.<\/li>\n<\/ul>\n<p>&nbsp;<\/p>\n<p>Este descuento se aplicar\u00e1 autom\u00e1ticamente al pasar por caja.<\/p>\n<div id=\"gtx-trans\" style=\"position: absolute; left: 529px; top: 286.333px;\">\n<div class=\"gtx-trans-icon\"><\/div>\n<\/div>\n<p>[\/vc_column_text][vc_custom_heading text=\u00bbCuentas mayoristas\u00bb font_container=\u00bbtag:h3|font_size:14|text_align:left\u00bb use_theme_fonts=\u00bbyes\u00bb][vc_column_text text_larger=\u00bbno\u00bb]Suministramos art\u00edculos de ferreter\u00eda de calidad a promotores inmobiliarios, constructores, contratistas, arquitectos, dise\u00f1adores de interiores y muchos otros profesionales del sector.<\/p>\n<p>Ll\u00e1menos ahora al +30 2103006868 o rellene el formulario de la \u00abP\u00e1gina de registro de mayoristas\u00bb para obtener nuestro servicio web B2B totalmente automatizado.<\/p>\n<p>\u00bfCliente mayorista? Benef\u00edciate de&#8230;<\/p>\n<ul>\n<li>Descuentos comerciales establecidos para usted, el cliente, en funci\u00f3n de sus necesidades.<\/li>\n<li>Asesoramiento especializado en proyectos a medida.<\/li>\n<li>Historial de pedidos detallado en su cuenta para facilitar los pedidos.<\/li>\n<li>Centros de llamadas: llame a nuestro experimentado personal, que estar\u00e1 encantado de ayudarle.<\/li>\n<\/ul>\n<p>[\/vc_column_text][\/vc_column][\/vc_row]<\/p>\n<\/div>","protected":false},"excerpt":{"rendered":"<p>[vc_row][vc_column][vc_custom_heading text=\u00bbDescuentos al por menor y al por mayor\u00bb font_container=\u00bbtag:h2|font_size:52|text_align:center\u00bb use_theme_fonts=\u00bbyes\u00bb css=\u00bb\u00bb][\/vc_column][\/vc_row][vc_row css=\u00bb.vc_custom_1496940694752{margin-bottom: 20px !important;}\u00bb][vc_column css=\u00bb.vc_custom_1484657273903{padding-top: 0px !important;}\u00bb][\/vc_column][\/vc_row][vc_row equal_height=\u00bbyes\u00bb css=\u00bb.vc_custom_1496940708254{margin-bottom:<\/p>\n","protected":false},"author":1,"featured_media":0,"parent":0,"menu_order":0,"comment_status":"closed","ping_status":"closed","template":"","meta":{"footnotes":""},"class_list":["post-169558","page","type-page","status-publish","hentry"],"_links":{"self":[{"href":"https:\/\/oppali.com\/es\/wp-json\/wp\/v2\/pages\/169558","targetHints":{"allow":["GET"]}}],"collection":[{"href":"https:\/\/oppali.com\/es\/wp-json\/wp\/v2\/pages"}],"about":[{"href":"https:\/\/oppali.com\/es\/wp-json\/wp\/v2\/types\/page"}],"author":[{"embeddable":true,"href":"https:\/\/oppali.com\/es\/wp-json\/wp\/v2\/users\/1"}],"replies":[{"embeddable":true,"href":"https:\/\/oppali.com\/es\/wp-json\/wp\/v2\/comments?post=169558"}],"version-history":[{"count":0,"href":"https:\/\/oppali.com\/es\/wp-json\/wp\/v2\/pages\/169558\/revisions"}],"wp:attachment":[{"href":"https:\/\/oppali.com\/es\/wp-json\/wp\/v2\/media?parent=169558"}],"curies":[{"name":"wp","href":"https:\/\/api.w.org\/{rel}","templated":true}]}}