{"id":169304,"date":"2017-06-26T14:07:05","date_gmt":"2017-06-26T11:07:05","guid":{"rendered":"https:\/\/oppali.com\/contacto\/"},"modified":"2025-10-02T05:55:12","modified_gmt":"2025-10-02T02:55:12","slug":"contacto","status":"publish","type":"page","link":"https:\/\/oppali.com\/es\/contacto\/","title":{"rendered":"Contacto"},"content":{"rendered":"<div class=\"wpb-content-wrapper\"><p>[vc_row full_width=\u00bbstretch_row_content_no_spaces\u00bb css_animation=\u00bbnone\u00bb css=\u00bb.vc_custom_1496927007057{margin-top: -40px !important;margin-bottom: 8vh !important;}\u00bb][vc_column]\t\t<div class=\"promo-banner-wrapper  wd-rs-5eda96a11f189 \">\n\t\t\t<div id=\"wd-5eda96a11f189\" class=\"promo-banner  banner- banner-hover-none color-scheme-light banner-btn-size-default banner-btn-style-default  wd-underline-colored\">\n\t\t\t\t<div class=\"main-wrapp-img\">\n\t\t\t\t\t<div class=\"banner-image wd-bg-position-center\" >\n\t\t\t\t\t\t\t\t\t\t\t<\/div>\n\t\t\t\t<\/div>\n\n\t\t\t\t<div class=\"wrapper-content-banner wd-fill  wd-items-top wd-justify-left\">\n\t\t\t\t\t<div class=\"content-banner  text-left\">\n\t\t\t\t\t\t\t\t\t\t\t\t\n\t\t\t\t\t\t\n\t\t\t\t\t\t\t\t\t\t\t<\/div>\n\t\t\t\t<\/div>\n\n\t\t\t\t\n\t\t\t\t\t\t\t<\/div>\n\t\t<\/div>\n\n\t\t[\/vc_column][\/vc_row][vc_row equal_height=\u00bbyes\u00bb css_animation=\u00bbnone\u00bb css=\u00bb.vc_custom_1496926452255{margin-right: -50px !important;margin-left: -50px !important;}\u00bb][vc_column css=\u00bb.vc_custom_1496927710186{border-right-width: 1px !important;padding-top: 20px !important;padding-right: 50px !important;padding-bottom: 10px !important;padding-left: 50px !important;border-right-color: #e8e8e8 !important;border-right-style: solid !important;}\u00bb offset=\u00bbvc_col-lg-6 vc_col-md-6&#8243;]\n\t\t<div id=\"wd-69e539dc8b1b7\" class=\"title-wrapper wd-wpb wd-set-mb reset-last-child  wd-title-color-default wd-title-style-default text-left  wd-underline-colored\">\n\t\t\t\t\t\t\t\n\t\t\t\t<div class=\"title-subtitle  subtitle-color-default font-default subtitle-style-default wd-font-weight- wd-fontsize-xs\">PREGUNTAS INFORMATIVAS<\/div>\n\t\t\t\n\t\t\t<div class=\"liner-continer\">\n\t\t\t\t<h4 class=\"woodmart-title-container title  wd-font-weight- wd-fontsize-l\" >PREGUNTAS M\u00c1S FRECUENTES<\/h4>\n\t\t\t\t\t\t\t<\/div>\n\t\t\t\n\t\t\t\n\t\t\t\n\t\t<\/div>\n\t\t\n\t\t[vc_tta_accordion shape=\u00bbsquare\u00bb color=\u00bbwhite\u00bb c_icon=\u00bbchevron\u00bb c_position=\u00bbright\u00bb active_section=\u00bb1&#8243; no_fill=\u00bbtrue\u00bb collapsible_all=\u00bbtrue\u00bb][vc_tta_section title=\u00bb\u00bfC\u00f3mo puedo ponerme en contacto con usted?\u00bb tab_id=\u00bb1484056430132-f06cc1b5-a7ca\u00bb][vc_column_text text_larger=\u00bbno\u00bb]Encontrar\u00e1 todos nuestros datos de contacto en la p\u00e1gina <a href=\"https:\/\/oppali.com\/es\/contacto\/\">\u00abContacto<\/a> \u00ab. Puede ponerse en contacto con nosotros por los siguientes medios.<\/p>\n<p>Por tel\u00e9fono, de 9.00 a 17.00 horas de lunes a viernes y de 9.00 a 15.00 horas los s\u00e1bados.<\/p>\n<p><strong>+30 210 3006868<\/strong><\/p>\n<p>Por correo electr\u00f3nico, nuestras principales direcciones son<\/p>\n<p><a href=\"mailto:sales@oppali.com\">sales@oppali.com<\/a><\/p>\n<p><a href=\"mailto:support@oppali.com\">support@oppali.com<\/a>[\/vc_column_text][\/vc_tta_section][vc_tta_section title=\u00bb\u00bfHacen env\u00edos a todo el mundo?\u00bb tab_id=\u00bb1591389349257-25a5b298-2170&#8243;][vc_column_text text_larger=\u00bbno\u00bb woodmart_inline=\u00bbno\u00bb]Actualmente suministramos nuestra gama de manillas y herrajes a todo el mundo[\/vc_column_text][\/vc_tta_section][vc_tta_section title=\u00bb\u00bfCu\u00e1nto tarda la entrega y cu\u00e1nto cuesta?\u00bb tab_id=\u00bb1591389869123-0d28de7d-92cc\u00bb][vc_column_text text_larger=\u00bbno\u00bb woodmart_inline=\u00bbno\u00bb]<\/p>\n<ul>\n<li>\n<h6>UE &#8211; 12\u20ac &#8211; 1-3 d\u00edas<\/h6>\n<\/li>\n<li>\n<h6>Europa &#8211; 14\u20ac &#8211; 1-3 d\u00edas<\/h6>\n<\/li>\n<li>\n<h6>Estados Unidos, Canad\u00e1 &#8211; 18\u20ac &#8211; 1-3 d\u00edas<\/h6>\n<\/li>\n<li>\n<h6>Australia, Nueva Zelanda &#8211; 25\u20ac &#8211; 1-3 d\u00edas<\/h6>\n<\/li>\n<li>\n<h6>Am\u00e9rica Central y del Sur &#8211; 25\u20ac &#8211; 1-3 d\u00edas<\/h6>\n<\/li>\n<li>\n<h6>Asia, \u00c1frica &#8211; 18\u20ac &#8211; 1-3 d\u00edas<\/h6>\n<\/li>\n<\/ul>\n<p>[\/vc_column_text][\/vc_tta_section][vc_tta_section title=\u00bb\u00bfC\u00f3mo puedo devolver un art\u00edculo?\u00bb tab_id=\u00bb1484049984302-e0b553b6-82dc\u00bb][vc_column_text text_larger=\u00bbno\u00bb]Ofrecemos una garant\u00eda de devoluci\u00f3n del dinero de 30 d\u00edas.<br \/>\nEsto significa que puede devolver cualquier art\u00edculo no deseado en un plazo de 30 d\u00edas para obtener un reembolso completo.<\/p>\n<p>Todas las devoluciones y reembolsos est\u00e1n sujetos a las siguientes condiciones<\/p>\n<ul>\n<li style=\"list-style-type: none;\">\n<ul>\n<li>Los art\u00edculos est\u00e1n intactos en su embalaje original y son aptos para la reventa.<\/li>\n<li>Los portes de devoluci\u00f3n corren a cargo del cliente.<\/li>\n<li>Todos los art\u00edculos se devuelven en un plazo de 30 d\u00edas a partir de la recepci\u00f3n del pedido.<\/li>\n<\/ul>\n<\/li>\n<\/ul>\n<p>Recuerde incluir una copia de su pedido de venta con la devoluci\u00f3n para que podamos identificar al remitente de la mercanc\u00eda.<\/p>\n<p>Abonaremos el importe en la cuenta de su tarjeta de pago en un plazo de 14 d\u00edas a partir de la recepci\u00f3n del producto devuelto.<\/p>\n<p>Para que podamos atender su llamada con rapidez y eficacia, le rogamos que nos facilite la siguiente informaci\u00f3n:<\/p>\n<p>N\u00famero de pedido<\/p>\n<p>C\u00f3digo del producto<\/p>\n<p>Motivo de la devoluci\u00f3n[\/vc_column_text][\/vc_tta_section][vc_tta_section title=\u00bb\u00bfSus precios incluyen el IVA?\u00bb tab_id=\u00bb1484057271889-b3b2ad15-15f7&#8243;][vc_column_text text_larger=\u00bbno\u00bb]S\u00ed, todos los precios incluyen el I.V.A. al tipo actual del 24%. Para fuera de la UE no se calcula el IVA.[\/vc_column_text][\/vc_tta_section][vc_tta_section title=\u00bb\u00bfProductos necesarios al d\u00eda siguiente?\u00bb tab_id=\u00bb1484056425804-e857e9fe-0c57&#8243;][vc_column_text text_larger=\u00bbno\u00bb]La entrega al d\u00eda siguiente es nuestro servicio de mensajer\u00eda est\u00e1ndar para los pedidos nacionales (griegos), sin embargo, p\u00f3ngase en contacto con nosotros primero para asegurarse de que tenemos suficiente stock para satisfacer sus necesidades de pedidos. Tenga en cuenta que tendr\u00e1 que estar en su direcci\u00f3n de entrega cuando se entreguen las mercanc\u00edas, ya que nuestro transportista le pedir\u00e1 un recibo firmado como prueba de entrega. Podemos realizar la entrega en una direcci\u00f3n alternativa si no va a estar en casa para recibir su pedido.<\/p>\n<p>Por favor, aseg\u00farese de que alguien puede recibir la mercanc\u00eda el d\u00eda de la entrega, se le notificar\u00e1 por correo electr\u00f3nico o texto (si lo solicita) con un ETA de la orden. Si el transportista no puede entregar la mercanc\u00eda porque no hay nadie disponible para aceptar la entrega, deber\u00e1 ponerse en contacto con nosotros para concertar una fecha de entrega adecuada. Si la entrega no se puede realizar o se rechaza, se cobrar\u00e1n otros gastos de entrega o se deducir\u00e1n de cualquier cr\u00e9dito para recuperar los gastos en los que hayamos incurrido.<\/p>\n<p>Podemos realizar la entrega en otra direcci\u00f3n si no se encuentra en casa durante el horario laboral.[\/vc_column_text][\/vc_tta_section][\/vc_tta_accordion][\/vc_column][vc_column css=\u00bb.vc_custom_1496927688909{padding-top: 20px !important;padding-right: 50px !important;padding-bottom: 10px !important;padding-left: 50px !important;}\u00bb offset=\u00bbvc_col-lg-6 vc_col-md-6&#8243;]\n\t\t<div id=\"wd-69e539dc8b21a\" class=\"title-wrapper wd-wpb wd-set-mb reset-last-child  wd-title-color-default wd-title-style-default text-left  wd-underline-colored\">\n\t\t\t\t\t\t\t\n\t\t\t\t<div class=\"title-subtitle  subtitle-color-default font-default subtitle-style-default wd-font-weight- wd-fontsize-xs\">INFORMACI\u00d3N SOBRE NOSOTROS<\/div>\n\t\t\t\n\t\t\t<div class=\"liner-continer\">\n\t\t\t\t<h4 class=\"woodmart-title-container title  wd-font-weight- wd-fontsize-l\" >P\u00d3NGASE EN CONTACTO CON NOSOTROS<\/h4>\n\t\t\t\t\t\t\t<\/div>\n\t\t\t\n\t\t\t\n\t\t\t\n\t\t<\/div>\n\t\t\n\t\t\n<div class=\"wpcf7 no-js\" id=\"wpcf7-f169294-o1\" lang=\"es-ES\" dir=\"ltr\" data-wpcf7-id=\"169294\">\n<div class=\"screen-reader-response\"><p role=\"status\" aria-live=\"polite\" aria-atomic=\"true\"><\/p> <ul><\/ul><\/div>\n<form action=\"\/es\/wp-json\/wp\/v2\/pages\/169304#wpcf7-f169294-o1\" method=\"post\" class=\"wpcf7-form init\" aria-label=\"Formulario de contacto\" novalidate=\"novalidate\" data-status=\"init\">\n<fieldset class=\"hidden-fields-container\"><input type=\"hidden\" name=\"_wpcf7\" value=\"169294\" \/><input type=\"hidden\" name=\"_wpcf7_version\" value=\"6.1.5\" \/><input type=\"hidden\" name=\"_wpcf7_locale\" value=\"es_ES\" \/><input type=\"hidden\" name=\"_wpcf7_unit_tag\" value=\"wpcf7-f169294-o1\" \/><input type=\"hidden\" name=\"_wpcf7_container_post\" value=\"0\" \/><input type=\"hidden\" name=\"_wpcf7_posted_data_hash\" value=\"\" \/>\n<\/fieldset>\n<div class=\"row\">\n\t<div class=\"col-md-6\" style=\"margin-bottom:20px;\">\n\t\t<p><label>Su nombre<\/label><span class=\"wpcf7-form-control-wrap\" data-name=\"your-name\"><input size=\"40\" maxlength=\"400\" class=\"wpcf7-form-control wpcf7-text wpcf7-validates-as-required\" aria-required=\"true\" aria-invalid=\"false\" value=\"\" type=\"text\" name=\"your-name\" \/><\/span>\n\t\t<\/p>\n\t<\/div>\n\t<div class=\"col-md-6\" style=\"margin-bottom:20px;\">\n\t\t<p><label>Su correo electr\u00f3nico<\/label><span class=\"wpcf7-form-control-wrap\" data-name=\"your-email\"><input size=\"40\" maxlength=\"400\" class=\"wpcf7-form-control wpcf7-email wpcf7-validates-as-required wpcf7-text wpcf7-validates-as-email\" aria-required=\"true\" aria-invalid=\"false\" value=\"\" type=\"email\" name=\"your-email\" \/><\/span>\n\t\t<\/p>\n\t<\/div>\n<\/div>\n<div class=\"row\">\n\t<div class=\"col-md-6\" style=\"margin-bottom:20px;\">\n\t\t<p><label>N\u00famero de tel\u00e9fono<\/label><span class=\"wpcf7-form-control-wrap\" data-name=\"tel-767\"><input size=\"40\" maxlength=\"400\" class=\"wpcf7-form-control wpcf7-tel wpcf7-text wpcf7-validates-as-tel\" aria-invalid=\"false\" value=\"\" type=\"tel\" name=\"tel-767\" \/><\/span>\n\t\t<\/p>\n\t<\/div>\n\t<div class=\"col-md-6\" style=\"margin-bottom:20px;\">\n\t\t<p><label>Empresa<\/label><span class=\"wpcf7-form-control-wrap\" data-name=\"text-1\"><input size=\"40\" maxlength=\"400\" class=\"wpcf7-form-control wpcf7-text\" aria-invalid=\"false\" value=\"\" type=\"text\" name=\"text-1\" \/><\/span>\n\t\t<\/p>\n\t<\/div>\n\t<div class=\"col-md-12\" style=\"margin-bottom:40px;\">\n\t\t<p><label>Asunto<\/label><span class=\"wpcf7-form-control-wrap\" data-name=\"your-subject\"><input size=\"40\" maxlength=\"400\" class=\"wpcf7-form-control wpcf7-text\" aria-invalid=\"false\" value=\"\" type=\"text\" name=\"your-subject\" \/><\/span>\n\t\t<\/p>\n\t<\/div>\n<\/div>\n<p><label>Su mensaje<\/label><span class=\"wpcf7-form-control-wrap\" data-name=\"your-message\"><textarea cols=\"40\" rows=\"10\" maxlength=\"2000\" class=\"wpcf7-form-control wpcf7-textarea\" aria-invalid=\"false\" name=\"your-message\"><\/textarea><\/span>\n<\/p>\n<p><input class=\"wpcf7-form-control wpcf7-submit has-spinner btn-color-black\" type=\"submit\" value=\"ASK A QUESTION\" \/>\n<\/p><input type=\"hidden\" id=\"ct_checkjs_cf7_b4a528955b84f584974e92d025a75d1f\" name=\"ct_checkjs_cf7\" value=\"0\" \/><input\n                    class=\"apbct_special_field apbct_email_id__wp_contact_form_7\"\n                    name=\"apbct__email_id__wp_contact_form_7\"\n                    aria-label=\"apbct__label_id__wp_contact_form_7\"\n                    type=\"text\" size=\"30\" maxlength=\"200\" autocomplete=\"off\"\n                    value=\"\"\n                \/><div class=\"wpcf7-response-output\" aria-hidden=\"true\"><\/div>\n<\/form>\n<\/div>\n\n\t\t<div id=\"wd-66724ccdc2763\" class=\"title-wrapper wd-wpb wd-set-mb reset-last-child  wd-rs-66724ccdc2763 wd-title-color-default wd-title-style-default text-left  wd-underline-colored\">\n\t\t\t\n\t\t\t<div class=\"liner-continer\">\n\t\t\t\t<h4 class=\"woodmart-title-container title  wd-font-weight- wd-fontsize-m\" >Oppali Creative Monoprosopi IKE<\/h4>\n\t\t\t\t\t\t\t<\/div>\n\t\t\t\n\t\t\t\n\t\t\t\n\t\t<\/div>\n\t\t\n\t\t\t\t<div id=\"wd-68dde8076a2a8\" class=\"wd-text-block wd-wpb reset-last-child wd-rs-68dde8076a2a8 text-left \">\n\t\t\t<p>Ermou 1<br \/>\n14452 Metamorfosi Attiki-Grecia<\/p>\n<p>N\u00famero de registro (GEMI): 162599201000<\/p>\n<p>N\u00ba IVA: EL801747421<\/p>\n<p>Tel. +30 2103006868 Fax. +30 2103009420<\/p>\n\t\t<\/div>\n\t\t[\/vc_column][\/vc_row]<\/p>\n<\/div>","protected":false},"excerpt":{"rendered":"<p>[vc_row full_width=\u00bbstretch_row_content_no_spaces\u00bb css_animation=\u00bbnone\u00bb css=\u00bb.vc_custom_1496927007057{margin-top: -40px !important;margin-bottom: 8vh !important;}\u00bb][vc_column][\/vc_column][\/vc_row][vc_row equal_height=\u00bbyes\u00bb css_animation=\u00bbnone\u00bb css=\u00bb.vc_custom_1496926452255{margin-right: -50px !important;margin-left: -50px !important;}\u00bb][vc_column css=\u00bb.vc_custom_1496927710186{border-right-width: 1px !important;padding-top: 20px !important;padding-right:<\/p>\n","protected":false},"author":1,"featured_media":0,"parent":0,"menu_order":0,"comment_status":"closed","ping_status":"closed","template":"","meta":{"footnotes":""},"class_list":["post-169304","page","type-page","status-publish","hentry"],"_links":{"self":[{"href":"https:\/\/oppali.com\/es\/wp-json\/wp\/v2\/pages\/169304","targetHints":{"allow":["GET"]}}],"collection":[{"href":"https:\/\/oppali.com\/es\/wp-json\/wp\/v2\/pages"}],"about":[{"href":"https:\/\/oppali.com\/es\/wp-json\/wp\/v2\/types\/page"}],"author":[{"embeddable":true,"href":"https:\/\/oppali.com\/es\/wp-json\/wp\/v2\/users\/1"}],"replies":[{"embeddable":true,"href":"https:\/\/oppali.com\/es\/wp-json\/wp\/v2\/comments?post=169304"}],"version-history":[{"count":0,"href":"https:\/\/oppali.com\/es\/wp-json\/wp\/v2\/pages\/169304\/revisions"}],"wp:attachment":[{"href":"https:\/\/oppali.com\/es\/wp-json\/wp\/v2\/media?parent=169304"}],"curies":[{"name":"wp","href":"https:\/\/api.w.org\/{rel}","templated":true}]}}