{"id":169254,"date":"2019-05-12T15:57:11","date_gmt":"2019-05-12T15:57:11","guid":{"rendered":"https:\/\/oppali.com\/privacy-policy\/"},"modified":"2025-11-22T10:57:57","modified_gmt":"2025-11-22T08:57:57","slug":"politica-de-privacidad","status":"publish","type":"page","link":"https:\/\/oppali.com\/es\/politica-de-privacidad\/","title":{"rendered":"Pol\u00edtica de privacidad"},"content":{"rendered":"<div class=\"wpb-content-wrapper\"><p>[vc_row][vc_column][vc_column_text woodmart_inline=\u00bbno\u00bb text_larger=\u00bbno\u00bb]<\/p>\n<h2 style=\"text-align: center;\">Pol\u00edtica de privacidad<\/h2>\n<p>Oppali Creative MONOPROSOPI IKE (\u00abnosotros\u00bb, \u00abnos\u00bb o \u00abnuestro\u00bb) opera el sitio web Oppali (el \u00abServicio\u00bb).<\/p>\n<p>Esta p\u00e1gina le informa sobre nuestras pol\u00edticas con respecto a la recopilaci\u00f3n, el uso y la divulgaci\u00f3n de informaci\u00f3n personal cuando utiliza nuestro Servicio.<\/p>\n<p>No utilizaremos ni compartiremos su informaci\u00f3n con nadie, salvo en los casos descritos en esta Pol\u00edtica de privacidad.<\/p>\n<p>Utilizamos su informaci\u00f3n personal para proporcionar y mejorar el Servicio. Al utilizar el Servicio, usted acepta la recopilaci\u00f3n y el uso de informaci\u00f3n de acuerdo con esta pol\u00edtica. A menos que se defina lo contrario en esta Pol\u00edtica de privacidad, los t\u00e9rminos utilizados en esta Pol\u00edtica de privacidad tienen el mismo significado que en nuestros T\u00e9rminos y condiciones, disponibles en https:\/\/oppali.com.<\/p>\n<h2>Recopilaci\u00f3n y uso de informaci\u00f3n<\/h2>\n<p>Mientras utiliza nuestro Servicio, es posible que le solicitemos que nos proporcione cierta informaci\u00f3n de identificaci\u00f3n personal que pueda utilizarse para contactarle o identificarle. La informaci\u00f3n de identificaci\u00f3n personal (\u00abInformaci\u00f3n personal\u00bb) puede incluir, entre otros datos:<\/p>\n<ul>\n<li>Nombre<\/li>\n<li>Direcci\u00f3n de correo electr\u00f3nico<\/li>\n<li>N\u00famero de tel\u00e9fono<\/li>\n<li>Direcci\u00f3n<\/li>\n<\/ul>\n<h2>Datos de registro<\/h2>\n<p>Recopilamos la informaci\u00f3n que env\u00eda su navegador cada vez que visita nuestro Servicio (\u00abDatos de registro\u00bb). Estos datos de registro pueden incluir informaci\u00f3n como la direcci\u00f3n del Protocolo de Internet (\u00abIP\u00bb) de su ordenador, el tipo de navegador, la versi\u00f3n del navegador, las p\u00e1ginas de nuestro Servicio que visita, la hora y la fecha de su visita, el tiempo que pasa en esas p\u00e1ginas y otras estad\u00edsticas.<\/p>\n<h2>Cookies<\/h2>\n<p>Las cookies son archivos con una peque\u00f1a cantidad de datos, que pueden incluir un identificador \u00fanico an\u00f3nimo. Las cookies se env\u00edan a su navegador desde un sitio web y se almacenan en el disco duro de su ordenador.<\/p>\n<p>Utilizamos \u00abcookies\u00bb para recopilar informaci\u00f3n. Puede configurar su navegador para que rechace todas las cookies o para que le avise cuando se env\u00eda una cookie. Sin embargo, si no acepta las cookies, es posible que no pueda utilizar algunas partes de nuestro Servicio.<\/p>\n<h2>Proveedores de servicios<\/h2>\n<p>Podemos contratar a terceras empresas y personas para facilitar nuestro Servicio, prestar el Servicio en nuestro nombre, realizar servicios relacionados con el Servicio o ayudarnos a analizar c\u00f3mo se utiliza nuestro Servicio.<\/p>\n<p>Estos terceros tienen acceso a su informaci\u00f3n personal \u00fanicamente para realizar estas tareas en nuestro nombre y est\u00e1n obligados a no divulgarla ni utilizarla para ning\u00fan otro fin.<\/p>\n<h2>Seguridad<\/h2>\n<p>La seguridad de su informaci\u00f3n personal es importante para nosotros, pero recuerde que ning\u00fan m\u00e9todo de transmisi\u00f3n por Internet ni m\u00e9todo de almacenamiento electr\u00f3nico es 100 % seguro. Aunque nos esforzamos por utilizar medios comercialmente aceptables para proteger su informaci\u00f3n personal, no podemos garantizar su seguridad absoluta.<\/p>\n<h2>Enlaces a otros sitios web<\/h2>\n<p>Nuestro Servicio puede contener enlaces a otros sitios que no son operados por nosotros. Si hace clic en un enlace de un tercero, se le redirigir\u00e1 al sitio web de dicho tercero. Le recomendamos encarecidamente que revise la Pol\u00edtica de privacidad de cada sitio web que visite.<\/p>\n<p>No tenemos control ni asumimos ninguna responsabilidad por el contenido, las pol\u00edticas de privacidad o las pr\u00e1cticas de los sitios o servicios de terceros.<\/p>\n<h2>Privacidad infantil<\/h2>\n<p>Nuestro Servicio no est\u00e1 dirigido a menores de 18 a\u00f1os (\u00abNi\u00f1os\u00bb).<\/p>\n<p>No recopilamos deliberadamente informaci\u00f3n personal identificable de menores de 18 a\u00f1os. Si usted es padre, madre o tutor y sabe que su hijo nos ha proporcionado informaci\u00f3n personal, p\u00f3ngase en contacto con nosotros. Si descubrimos que un menor de 18 a\u00f1os nos ha proporcionado informaci\u00f3n personal, eliminaremos dicha informaci\u00f3n de nuestros servidores inmediatamente.<\/p>\n<h2>Cumplimiento de las leyes<\/h2>\n<p>Divulgaremos su informaci\u00f3n personal cuando as\u00ed lo exija la ley o una citaci\u00f3n judicial.<\/p>\n<h2>Cambios en esta pol\u00edtica de privacidad<\/h2>\n<p>Podemos actualizar nuestra Pol\u00edtica de privacidad peri\u00f3dicamente. Le notificaremos cualquier cambio mediante la publicaci\u00f3n de la nueva Pol\u00edtica de privacidad en esta p\u00e1gina.<\/p>\n<p>Se recomienda revisar peri\u00f3dicamente esta Pol\u00edtica de privacidad para estar al tanto de cualquier cambio. Los cambios en esta Pol\u00edtica de privacidad entran en vigor cuando se publican en esta p\u00e1gina.<\/p>\n<h2>Contacto<\/h2>\n<p>Si tiene alguna pregunta sobre esta Pol\u00edtica de privacidad, p\u00f3ngase en contacto con nosotros.[\/vc_column_text][\/vc_column][\/vc_row]<\/p>\n<\/div>","protected":false},"excerpt":{"rendered":"<p>[vc_row][vc_column][vc_column_text woodmart_inline=\u00bbno\u00bb text_larger=\u00bbno\u00bb] Pol\u00edtica de privacidad Oppali Creative MONOPROSOPI IKE (\u00abnosotros\u00bb, \u00abnos\u00bb o \u00abnuestro\u00bb) opera el sitio web Oppali (el<\/p>\n","protected":false},"author":1,"featured_media":0,"parent":0,"menu_order":0,"comment_status":"closed","ping_status":"open","template":"","meta":{"footnotes":""},"class_list":["post-169254","page","type-page","status-publish","hentry"],"_links":{"self":[{"href":"https:\/\/oppali.com\/es\/wp-json\/wp\/v2\/pages\/169254","targetHints":{"allow":["GET"]}}],"collection":[{"href":"https:\/\/oppali.com\/es\/wp-json\/wp\/v2\/pages"}],"about":[{"href":"https:\/\/oppali.com\/es\/wp-json\/wp\/v2\/types\/page"}],"author":[{"embeddable":true,"href":"https:\/\/oppali.com\/es\/wp-json\/wp\/v2\/users\/1"}],"replies":[{"embeddable":true,"href":"https:\/\/oppali.com\/es\/wp-json\/wp\/v2\/comments?post=169254"}],"version-history":[{"count":0,"href":"https:\/\/oppali.com\/es\/wp-json\/wp\/v2\/pages\/169254\/revisions"}],"wp:attachment":[{"href":"https:\/\/oppali.com\/es\/wp-json\/wp\/v2\/media?parent=169254"}],"curies":[{"name":"wp","href":"https:\/\/api.w.org\/{rel}","templated":true}]}}