{"id":265543,"date":"2026-02-08T16:27:23","date_gmt":"2026-02-08T14:27:23","guid":{"rendered":"https:\/\/oppali.com\/product\/oppali-schwarz-edelstahl-304-eingangs-tuergriff-art-526-offset-pull-handle-quadratischer-t-bar-2\/"},"modified":"2026-02-27T12:22:21","modified_gmt":"2026-02-27T10:22:21","slug":"oppali-schwarz-edelstahl-304-eingangs-tuergriff-art-526-offset-pull-handle-quadratischer-t-bar-2","status":"publish","type":"product","link":"https:\/\/oppali.com\/de\/produkt\/oppali-schwarz-edelstahl-304-eingangs-tuergriff-art-526-offset-pull-handle-quadratischer-t-bar-2\/","title":{"rendered":"Oppali Schwarz Edelstahl 304 Eingangs-T\u00fcrgriff Art.526 | Offset Pull Handle | Quadratischer T-Bar"},"content":{"rendered":"<div class=\"wpb-content-wrapper\"><p>[vc_row][vc_column][vc_column_text css=&#8220;&#8220; woodmart_inline=&#8220;no&#8220; text_larger=&#8220;no&#8220;]Oppali-Eingangst\u00fcrgriffe aus Edelstahl eignen sich f\u00fcr T\u00fcren aus Holz, Glas, Glasfaser und Metall und sind in verschiedenen Designs\/Ausf\u00fchrungen mit einer L\u00e4nge von 30 cm (1,8 Zoll) bis 120 cm (47 Zoll) erh\u00e4ltlich. Hochwertige 304er-Materialien und eine sch\u00f6ne Oberfl\u00e4chenbearbeitung erm\u00f6glichen die Installation in Au\u00dfenbereichen wie Toren, Eingangst\u00fcren, Ladenlokalen sowie in Innenbereichen wie Sitzungss\u00e4len, Glast\u00fcren in Duschen, Konferenzr\u00e4umen, Badezimmern und Schlafzimmern. Inklusive passender Montagebeschl\u00e4ge f\u00fcr Back to Back f\u00fcr Schaufensterglast\u00fcren, Duschglast\u00fcren, Schiebet\u00fcren, Badezimmer (Ein Griff wird an der Au\u00dfenseite der T\u00fcr befestigt und mit einem anderen Griff verbunden, der an der Innenseite der T\u00fcr montiert wird). Kann auch an Aluminiumt\u00fcren &#8211; Metallt\u00fcren &#8211; Schiebet\u00fcren &#8211; Glast\u00fcren &#8211; Duscht\u00fcren oder Kunststofft\u00fcren als Stangengriffpaar, Holz- und Sicherheitseingangst\u00fcr montiert werden. 6 L\u00e4ngen: 40cm(16 Inches), 50cm(19,7 Inches) 60cm(24 Inches), 80cm(32 Inches), 100cm(40 Inches), 120cm(47 Inches).<\/p>\n<ul>\n<li>Alle Teile sind aus rostfreiem Stahl 304 gefertigt<\/li>\n<li>Geb\u00fcrsteter Edelstahl, Schwarz, Wei\u00df matt, Messing matt.<\/li>\n<li>Paar f\u00fcr R\u00fccken an R\u00fccken Installation (Shop Glast\u00fcren, Dusche Glast\u00fcren, Schiebet\u00fcren, Badezimmer) und St\u00fcck f\u00fcr eine Seite Installation (Holz und und Sicherheit Eingangst\u00fcr, Tore, Schlafzimmer)<\/li>\n<li>6 L\u00e4ngen: 40cm(16 Inches), 50cm(19,7 Inches) 60cm(24 Inches), 80cm(32 Inches), 100cm(40 Inches), 120cm(47 Inches)<\/li>\n<li>Inklusive passender Montagebeschl\u00e4ge f\u00fcr Back to Back (ein Griff wird an der T\u00fcrau\u00dfenseite befestigt und mit einem weiteren, an der Innenseite der T\u00fcr montierten Griff verbunden).<\/li>\n<\/ul>\n<p><strong>Abstand der L\u00f6cher:  <\/strong><\/p>\n<p><strong>Material:  <\/strong><strong><br \/>\n<\/strong>[\/vc_column_text][\/vc_column][\/vc_row]<\/p>\n<\/div>","protected":false},"excerpt":{"rendered":"<p>Oppali Schwarzer Edelstahl-Zuggriff, L\u00e4nge 200 cm<\/p>\n","protected":false},"featured_media":265240,"comment_status":"open","ping_status":"closed","template":"","meta":[],"product_brand":[],"product_cat":[278],"product_tag":[1429,857,809],"class_list":{"0":"post-265543","1":"product","2":"type-product","3":"status-publish","4":"has-post-thumbnail","6":"product_cat-hausturgriff-aus-edelstahl","7":"product_tag-art_526_de","8":"product_tag-offset-geneigt-edelstahl-turgriffe","9":"product_tag-quadratischen-turgriffe-aus-edelstahl","10":"pa_length-100cm-393in-laenge","11":"pa_length-120cm-472in-laenge","12":"pa_length-40cm-157in-laenge","13":"pa_length-50cm-196in-laenge","14":"pa_length-60cm-236in-laenge","15":"pa_length-80cm-314in-laenge","16":"pa_pack-einzelgriff","17":"pa_pack-paar-griffe","18":"wcpa_has_options","20":"first","21":"instock","22":"taxable","23":"shipping-taxable","24":"purchasable","25":"product-type-variable"},"wcpa_form_fields":null,"_links":{"self":[{"href":"https:\/\/oppali.com\/de\/wp-json\/wp\/v2\/product\/265543","targetHints":{"allow":["GET"]}}],"collection":[{"href":"https:\/\/oppali.com\/de\/wp-json\/wp\/v2\/product"}],"about":[{"href":"https:\/\/oppali.com\/de\/wp-json\/wp\/v2\/types\/product"}],"replies":[{"embeddable":true,"href":"https:\/\/oppali.com\/de\/wp-json\/wp\/v2\/comments?post=265543"}],"wp:featuredmedia":[{"embeddable":true,"href":"https:\/\/oppali.com\/de\/wp-json\/wp\/v2\/media\/265240"}],"wp:attachment":[{"href":"https:\/\/oppali.com\/de\/wp-json\/wp\/v2\/media?parent=265543"}],"wp:term":[{"taxonomy":"product_brand","embeddable":true,"href":"https:\/\/oppali.com\/de\/wp-json\/wp\/v2\/product_brand?post=265543"},{"taxonomy":"product_cat","embeddable":true,"href":"https:\/\/oppali.com\/de\/wp-json\/wp\/v2\/product_cat?post=265543"},{"taxonomy":"product_tag","embeddable":true,"href":"https:\/\/oppali.com\/de\/wp-json\/wp\/v2\/product_tag?post=265543"}],"curies":[{"name":"wp","href":"https:\/\/api.w.org\/{rel}","templated":true}]}}