{"id":254171,"date":"2024-04-28T05:29:45","date_gmt":"2024-04-28T02:29:45","guid":{"rendered":"https:\/\/oppali.com\/product\/oppali-weisse-matte-rostfreier-stahl-quadrat-rechteck-haustuer-beschlag-stossgriffe-ziehgriff-art-580-rechteck-t-bar\/"},"modified":"2024-05-29T11:28:40","modified_gmt":"2024-05-29T08:28:40","slug":"oppali-weisse-matte-rostfreier-stahl-quadrat-rechteck-haustuer-beschlag-stossgriffe-ziehgriff-art-580-rechteck-t-bar","status":"publish","type":"product","link":"https:\/\/oppali.com\/de\/produkt\/oppali-weisse-matte-rostfreier-stahl-quadrat-rechteck-haustuer-beschlag-stossgriffe-ziehgriff-art-580-rechteck-t-bar\/","title":{"rendered":"Oppali Wei\u00dfe Matte Rostfreier Stahl Quadrat Rechteck Haust\u00fcr-Beschlag Sto\u00dfgriffe Ziehgriff Art.580 | Rechteck T-Bar"},"content":{"rendered":"<p>Oppali Haust\u00fcr-Zuggriffe aus Edelstahl eignen sich f\u00fcr Holz-, Glas-, Glasfaser- und Metallt\u00fcren und sind in verschiedenen Designs\/Finishs mit L\u00e4ngen von 30 cm (1,8 Zoll) bis 200 cm (78,7 Zoll) erh\u00e4ltlich. Hochentwickelte Materialien der G\u00fcteklasse 304 und eine sch\u00f6ne Oberfl\u00e4chenveredelung erm\u00f6glichen die Installation in Au\u00dfenbereichen wie Toren, Eingangst\u00fcren, Ladenlokalen bis hin zu Innenbereichen wie Sitzungss\u00e4len, Duschglast\u00fcren, Konferenzr\u00e4umen, Badezimmern und Schlafzimmern Inklusive passender Montagebeschl\u00e4ge f\u00fcr Back to Back f\u00fcr Shop-Glast\u00fcren, Dusch-Glast\u00fcren, Schiebet\u00fcren, Badezimmer (ein Griff wird an der T\u00fcrau\u00dfenseite befestigt und wird an einem weiteren an der T\u00fcrinnenseite montierten Griff befestigt). Kann auch an Aluminiumt\u00fcren &#8211; Metallt\u00fcren &#8211; Schiebet\u00fcren &#8211; Glast\u00fcren &#8211; Duscht\u00fcren oder Kunststofft\u00fcren als Paar Stangengriffe, Holz- und Sicherheitseingangst\u00fcren montiert werden. 10 L\u00e4ngen: 40 cm (16 Zoll), 50 cm (19,7 Zoll) 60 cm (24 Zoll), 80 cm (32 Zoll), 100 cm (40 Zoll), 120 cm (47 Zoll), 150 cm (59 Zoll), 160 cm (63 Zoll) ), 180 cm (71 Zoll), 200 cm (78,7 Zoll). Alle Teile sind aus Edelstahl 304 gefertigt.<\/p>\n<ul>\n<li>Alle Teile sind aus Edelstahl 304<\/li>\n<li>Geb\u00fcrsteter Edelstahl, Schwarz, Oro Mat-Oberfl\u00e4chen.<\/li>\n<li>Paar f\u00fcr Back-to-Back-Installation (Gesch\u00e4ftsglast\u00fcren, Duschglast\u00fcren, Schiebet\u00fcren, Badezimmer) und St\u00fcck f\u00fcr eine einseitige Installation (Holz- und Sicherheitseingangst\u00fcr, Tore, Schlafzimmer)<\/li>\n<li>10 L\u00e4ngen: 40 cm (16 Zoll), 50 cm (19,7 Zoll), 60 cm (24 Zoll), 80 cm (32 Zoll), 100 cm (40 Zoll), 120 cm (47 Zoll), 150 cm (59 Zoll), 160 cm (63 Zoll) ), 180 cm (71 Zoll), 200 cm (78,7 Zoll)<\/li>\n<li>Inklusive passender Montagebeschl\u00e4ge f\u00fcr Back to Back (Ein Griff wird au\u00dfen an der T\u00fcr befestigt und wird an einem anderen an der Innenseite der T\u00fcr montierten Griff befestigt).<\/li>\n<\/ul>\n<p><strong>Hole Spacing: <\/strong><\/p>\n<p><strong>Material: <\/strong><strong><br \/>\n<\/strong><\/p>\n<p>&nbsp;<\/p>\n<p>&nbsp;<\/p>\n","protected":false},"excerpt":{"rendered":"<p>Oppali Haust\u00fcr-Zuggriffe aus Edelstahl eignen sich f\u00fcr Holz-, Glas-, Glasfaser- und Metallt\u00fcren und sind in verschiedenen Designs\/Finishs mit L\u00e4ngen von<\/p>\n","protected":false},"featured_media":234788,"comment_status":"open","ping_status":"open","template":"","meta":[],"product_brand":[1202],"product_cat":[278,252],"product_tag":[1370,801],"class_list":{"0":"post-254171","1":"product","2":"type-product","3":"status-publish","4":"has-post-thumbnail","6":"product_brand-oppali","7":"product_cat-hausturgriff-aus-edelstahl","8":"product_cat-turgriffe-und-knopfe","9":"product_tag-art_580","10":"product_tag-rechteckige-turgriffe-aus-edelstahl","11":"pa_length-100cm-393in-laenge","12":"pa_length-120cm-472in-laenge","13":"pa_length-150cm-59in-laenge","14":"pa_length-160cm-629in-laenge","15":"pa_length-180cm-708in-laenge","16":"pa_length-200cm-787in-laenge","17":"pa_length-40cm-157in-laenge","18":"pa_length-50cm-196in-laenge","19":"pa_length-60cm-236in-laenge","20":"pa_length-80cm-314in-laenge","21":"pa_pack-einzelgriff","22":"pa_pack-paar-griffe","23":"wcpa_has_options","25":"first","26":"instock","27":"taxable","28":"shipping-taxable","29":"purchasable","30":"product-type-variable"},"wcpa_form_fields":null,"_links":{"self":[{"href":"https:\/\/oppali.com\/de\/wp-json\/wp\/v2\/product\/254171","targetHints":{"allow":["GET"]}}],"collection":[{"href":"https:\/\/oppali.com\/de\/wp-json\/wp\/v2\/product"}],"about":[{"href":"https:\/\/oppali.com\/de\/wp-json\/wp\/v2\/types\/product"}],"replies":[{"embeddable":true,"href":"https:\/\/oppali.com\/de\/wp-json\/wp\/v2\/comments?post=254171"}],"wp:featuredmedia":[{"embeddable":true,"href":"https:\/\/oppali.com\/de\/wp-json\/wp\/v2\/media\/234788"}],"wp:attachment":[{"href":"https:\/\/oppali.com\/de\/wp-json\/wp\/v2\/media?parent=254171"}],"wp:term":[{"taxonomy":"product_brand","embeddable":true,"href":"https:\/\/oppali.com\/de\/wp-json\/wp\/v2\/product_brand?post=254171"},{"taxonomy":"product_cat","embeddable":true,"href":"https:\/\/oppali.com\/de\/wp-json\/wp\/v2\/product_cat?post=254171"},{"taxonomy":"product_tag","embeddable":true,"href":"https:\/\/oppali.com\/de\/wp-json\/wp\/v2\/product_tag?post=254171"}],"curies":[{"name":"wp","href":"https:\/\/api.w.org\/{rel}","templated":true}]}}