{"id":254108,"date":"2024-04-28T05:24:20","date_gmt":"2024-04-28T02:24:20","guid":{"rendered":"https:\/\/oppali.com\/product\/oppali-schwarz-gebuerstet-rostfreier-stahl-304-haustuer-beschlag-stossgriffe-ziehgriff-stangen-griff-durchmesser-30mm-runden-t-bar\/"},"modified":"2025-11-18T05:49:48","modified_gmt":"2025-11-18T03:49:48","slug":"oppali-schwarz-gebuerstet-rostfreier-stahl-304-haustuer-beschlag-stossgriffe-ziehgriff-stangen-griff-durchmesser-30mm-runden-t-bar","status":"publish","type":"product","link":"https:\/\/oppali.com\/de\/produkt\/oppali-schwarz-gebuerstet-rostfreier-stahl-304-haustuer-beschlag-stossgriffe-ziehgriff-stangen-griff-durchmesser-30mm-runden-t-bar\/","title":{"rendered":"Oppali Schwarz-Geb\u00fcrstet Rostfreier Stahl 304 Haust\u00fcr-Beschlag Sto\u00dfgriffe Ziehgriff Art.560 | Stangen-Griff Durchmesser 30mm | Runden T-Bar"},"content":{"rendered":"<p>Oppali Haust\u00fcrgriffe aus Edelstahl eignen sich f\u00fcr Holz-, Glas-, Glasfaser- und Metallt\u00fcren und sind in verschiedenen Ausf\u00fchrungen erh\u00e4ltlich, die in einer L\u00e4nge von 30 cm bis 200 cm reichen. Hochwertige 304er-Materialien und eine sch\u00f6ne Oberfl\u00e4chenbearbeitung erm\u00f6glichen die Installation in Au\u00dfenbereichen wie Toren, Eingangst\u00fcren, Ladenlokalen sowie in Innenbereichen wie Sitzungss\u00e4len, Glast\u00fcren in Duschen, Konferenzr\u00e4umen, Badezimmern und Schlafzimmern. Inklusive passender Montagebeschl\u00e4ge f\u00fcr Back to Back f\u00fcr Schaufensterglast\u00fcren, Duschglast\u00fcren, Schiebet\u00fcren, Badezimmer (Ein Griff wird an der Au\u00dfenseite der T\u00fcr befestigt und mit einem anderen Griff verbunden, der an der Innenseite der T\u00fcr montiert wird). Kann auch an Aluminiumt\u00fcren &#8211; Metallt\u00fcren &#8211; Schiebet\u00fcren &#8211; Glast\u00fcren &#8211; Duscht\u00fcren oder Kunststofft\u00fcren als Stangengriffpaar, Holz- und Sicherheitseingangst\u00fcr montiert werden. 10 L\u00e4ngen: 40cm (16 Zoll), 50cm (19,7 Zoll) 60cm (24 Zoll), 80cm (32 Zoll), 100cm (40 Zoll), 120cm (47 Zoll), 150cm (59 Zoll), 160cm (63 Zoll), 180cm (71 Zoll), 200cm (78,7 Zoll). Alle Teile sind aus Edelstahl 304 gefertigt.<\/p>\n<ul>\n<li>Alle Teile sind aus rostfreiem Stahl 304 gefertigt<\/li>\n<li>Geb\u00fcrsteter Edelstahl, Schwarz, Wei\u00df matt, Messing matt.<\/li>\n<li>Paar f\u00fcr R\u00fccken an R\u00fccken Installation (Shop Glast\u00fcren, Dusche Glast\u00fcren, Schiebet\u00fcren, Badezimmer) und St\u00fcck f\u00fcr eine Seite Installation (Holz und und Sicherheit Eingangst\u00fcr, Tore, Schlafzimmer)<\/li>\n<li>10 L\u00e4ngen: 40cm(16 Inches), 50cm(19,7 Inches) 60cm(24 Inches), 80cm(32 Inches), 100cm(40 Inches), 120cm(47 Inches), 150cm(59 Inches), 160cm(63 Inches), 180cm(71 Inches), 200cm(78,7 Inches)<\/li>\n<li>Inklusive passender Montagebeschl\u00e4ge f\u00fcr Back to Back (ein Griff wird an der T\u00fcrau\u00dfenseite befestigt und mit einem weiteren, an der Innenseite der T\u00fcr montierten Griff verbunden).<\/li>\n<\/ul>\n<p><strong>Abstand der L\u00f6cher:  <\/strong><\/p>\n<p><strong>Material:  <\/strong><strong><br \/>\n<\/strong><\/p>\n<p>&nbsp;<\/p>\n<p>&nbsp;<\/p>\n","protected":false},"excerpt":{"rendered":"<p>Oppali Haust\u00fcrgriffe aus Edelstahl eignen sich f\u00fcr Holz-, Glas-, Glasfaser- und Metallt\u00fcren und sind in verschiedenen Ausf\u00fchrungen erh\u00e4ltlich, die in<\/p>\n","protected":false},"featured_media":234425,"comment_status":"open","ping_status":"closed","template":"","meta":[],"product_brand":[1202],"product_cat":[278,252],"product_tag":[1368,805],"class_list":{"0":"post-254108","1":"product","2":"type-product","3":"status-publish","4":"has-post-thumbnail","6":"product_brand-oppali","7":"product_cat-hausturgriff-aus-edelstahl","8":"product_cat-turgriffe-und-knopfe","9":"product_tag-art_560","10":"product_tag-zylindrische-turgriffe-aus-edelstahl","11":"pa_length-100cm-393in-laenge","12":"pa_length-120cm-472in-laenge","13":"pa_length-150cm-59in-laenge","14":"pa_length-160cm-629in-laenge","15":"pa_length-180cm-708in-laenge","16":"pa_length-200cm-787in-laenge","17":"pa_length-40cm-157in-laenge","18":"pa_length-50cm-196in-laenge","19":"pa_length-60cm-236in-laenge","20":"pa_length-80cm-314in-laenge","21":"pa_pack-einzelgriff","22":"pa_pack-paar-griffe","23":"wcpa_has_options","25":"first","26":"instock","27":"taxable","28":"shipping-taxable","29":"purchasable","30":"product-type-variable"},"wcpa_form_fields":null,"_links":{"self":[{"href":"https:\/\/oppali.com\/de\/wp-json\/wp\/v2\/product\/254108","targetHints":{"allow":["GET"]}}],"collection":[{"href":"https:\/\/oppali.com\/de\/wp-json\/wp\/v2\/product"}],"about":[{"href":"https:\/\/oppali.com\/de\/wp-json\/wp\/v2\/types\/product"}],"replies":[{"embeddable":true,"href":"https:\/\/oppali.com\/de\/wp-json\/wp\/v2\/comments?post=254108"}],"wp:featuredmedia":[{"embeddable":true,"href":"https:\/\/oppali.com\/de\/wp-json\/wp\/v2\/media\/234425"}],"wp:attachment":[{"href":"https:\/\/oppali.com\/de\/wp-json\/wp\/v2\/media?parent=254108"}],"wp:term":[{"taxonomy":"product_brand","embeddable":true,"href":"https:\/\/oppali.com\/de\/wp-json\/wp\/v2\/product_brand?post=254108"},{"taxonomy":"product_cat","embeddable":true,"href":"https:\/\/oppali.com\/de\/wp-json\/wp\/v2\/product_cat?post=254108"},{"taxonomy":"product_tag","embeddable":true,"href":"https:\/\/oppali.com\/de\/wp-json\/wp\/v2\/product_tag?post=254108"}],"curies":[{"name":"wp","href":"https:\/\/api.w.org\/{rel}","templated":true}]}}