{"id":256018,"date":"2019-07-17T05:33:03","date_gmt":"2019-07-17T05:33:03","guid":{"rendered":"https:\/\/oppali.com\/grosshandels-dankeschoen-seite\/"},"modified":"2019-07-17T05:33:03","modified_gmt":"2019-07-17T05:33:03","slug":"grosshandels-dankeschoen-seite","status":"publish","type":"page","link":"https:\/\/oppali.com\/de\/grosshandels-dankeschoen-seite\/","title":{"rendered":"Gro\u00dfhandels-Dankesch\u00f6n-Seite"},"content":{"rendered":"<p>Vielen Dank f\u00fcr Ihre Anmeldung. Wir werden uns in K\u00fcrze mit Ihnen in Verbindung setzen, um Ihr Konto zu besprechen.<\/p>\n","protected":false},"excerpt":{"rendered":"<p>Vielen Dank f\u00fcr Ihre Anmeldung. Wir werden uns in K\u00fcrze mit Ihnen in Verbindung setzen, um Ihr Konto zu besprechen.<\/p>\n","protected":false},"author":1,"featured_media":0,"parent":0,"menu_order":0,"comment_status":"closed","ping_status":"closed","template":"","meta":{"footnotes":""},"class_list":["post-256018","page","type-page","status-publish","hentry"],"_links":{"self":[{"href":"https:\/\/oppali.com\/de\/wp-json\/wp\/v2\/pages\/256018","targetHints":{"allow":["GET"]}}],"collection":[{"href":"https:\/\/oppali.com\/de\/wp-json\/wp\/v2\/pages"}],"about":[{"href":"https:\/\/oppali.com\/de\/wp-json\/wp\/v2\/types\/page"}],"author":[{"embeddable":true,"href":"https:\/\/oppali.com\/de\/wp-json\/wp\/v2\/users\/1"}],"replies":[{"embeddable":true,"href":"https:\/\/oppali.com\/de\/wp-json\/wp\/v2\/comments?post=256018"}],"version-history":[{"count":0,"href":"https:\/\/oppali.com\/de\/wp-json\/wp\/v2\/pages\/256018\/revisions"}],"wp:attachment":[{"href":"https:\/\/oppali.com\/de\/wp-json\/wp\/v2\/media?parent=256018"}],"curies":[{"name":"wp","href":"https:\/\/api.w.org\/{rel}","templated":true}]}}