{"id":170056,"date":"2017-07-13T06:58:00","date_gmt":"2017-07-13T03:58:00","guid":{"rendered":"https:\/\/oppali.com\/ueber-uns\/"},"modified":"2025-12-26T07:59:28","modified_gmt":"2025-12-26T05:59:28","slug":"turgriffe-aus-edelstahl-oppali","status":"publish","type":"page","link":"https:\/\/oppali.com\/de\/turgriffe-aus-edelstahl-oppali\/","title":{"rendered":"\u00dcber uns"},"content":{"rendered":"<div class=\"wpb-content-wrapper\"><p data-rm-block-id=\"block-1\">[vc_row full_width=&#8220;stretch_row&#8220; el_class=&#8220;opacity-video-bg&#8220; css=&#8220;.vc_custom_1688290189574{margin-bottom: 8vh !important;padding-top: 5vh !important;padding-bottom: 24px !important;background-color: #0a0a0a !important;background-position: center !important;background-repeat: no-repeat !important;background-size: cover !important;}&#8220; woodmart_css_id=&#8220;64a1438487829&#8243; responsive_spacing=&#8220;eyJwYXJhbV90eXBlIjoid29vZG1hcnRfcmVzcG9uc2l2ZV9zcGFjaW5nIiwic2VsZWN0b3JfaWQiOiI2NGExNDM4NDg3ODI5Iiwic2hvcnRjb2RlIjoidmNfcm93IiwiZGF0YSI6eyJ0YWJsZXQiOnt9LCJtb2JpbGUiOnt9fX0=&#8220; mobile_bg_img_hidden=&#8220;no&#8220; tablet_bg_img_hidden=&#8220;no&#8220; woodmart_parallax=&#8220;0&#8243; woodmart_gradient_switch=&#8220;no&#8220; woodmart_box_shadow=&#8220;no&#8220; wd_z_index=&#8220;no&#8220; woodmart_disable_overflow=&#8220;0&#8243; row_reverse_mobile=&#8220;0&#8243; row_reverse_tablet=&#8220;0&#8243;][vc_column css=&#8220;.vc_custom_1499517305703{padding-top: 0px !important;}&#8220; el_class=&#8220;text-center&#8220;]\n\t\t<div id=\"wd-64a14353e696d\" class=\"title-wrapper wd-wpb wd-set-mb reset-last-child  wd-rs-64a14353e696d wd-title-color-white wd-title-style-default text-center  wd-underline-colored\">\n\t\t\t\n\t\t\t<div class=\"liner-continer\">\n\t\t\t\t<h4 class=\"woodmart-title-container title  wd-font-weight- wd-fontsize-xxl\" >Die Erfolgsgeschichte unseres Unternehmens<\/h4>\n\t\t\t\t\t\t\t<\/div>\n\t\t\t\n\t\t\t\t\t\t\t<div class=\"title-after_title reset-last-child  wd-fontsize-s\">Verleihen Sie Ihren T\u00fcren mit Oppali eine edle Optik, wo Handwerkskunst auf Innovation trifft.<\/div>\n\t\t\t\n\t\t\t\n\t\t<\/div>\n\t\t\n\t\t[\/vc_column][\/vc_row][vc_row css=&#8220;.vc_custom_1499600383384{margin-bottom: 8vh !important;}&#8220;][vc_column offset=&#8220;vc_col-lg-offset-2 vc_col-lg-8 vc_col-md-offset-2 vc_col-md-8 vc_col-sm-offset-0&#8243; css=&#8220;.vc_custom_1499599304156{padding-top: 0px !important;}&#8220;]\n\t\t<div id=\"wd-64a1343faa40e\" class=\"title-wrapper wd-wpb wd-set-mb reset-last-child  wd-rs-64a1343faa40e wd-title-color-default wd-title-style-default text-left vc_custom_1688286303790 wd-underline-colored\">\n\t\t\t\n\t\t\t<div class=\"liner-continer\">\n\t\t\t\t<h4 class=\"woodmart-title-container title  wd-font-weight- wd-fontsize-xxxl\" >\u00dcber unser Unternehmen<\/h4>\n\t\t\t\t\t\t\t<\/div>\n\t\t\t\n\t\t\t\n\t\t\t\n\t\t<\/div>\n\t\t\n\t\t[vc_custom_heading text=&#8220;Verleihen Sie Ihren T\u00fcren mit Oppali eine edle Optik, wo Handwerkskunst auf Innovation trifft.&#8220; font_container=&#8220;tag:p|font_size:20|text_align:left|color:%23777777&#8243; google_fonts=&#8220;font_family:Lato%3A100%2C100italic%2C300%2C300italic%2Cregular%2Citalic%2C700%2C700italic%2C900%2C900italic|font_style:400%20regular%3A400%3Anormal&#8220; css=&#8220;.vc_custom_1688286492851{margin-top: -25px !important;}&#8220; el_class=&#8220;hidden-sm hidden-xs&#8220;][vc_custom_heading text=&#8220;Oppali ist ein renommiertes Unternehmen, das sich auf die Herstellung von Edelstahl-T\u00fcrgriffen spezialisiert hat. Mit einem Bekenntnis zur Qualit\u00e4t und Innovation hat sich Oppali als vertrauensw\u00fcrdiger Hersteller in der Branche etabliert.&#8220; font_container=&#8220;tag:p|font_size:22|text_align:left|color:%238e8e8e&#8220; google_fonts=&#8220;font_family:Lato%3A100%2C100italic%2C300%2C300italic%2Cregular%2Citalic%2C700%2C700italic%2C900%2C900italic|font_style:300%20light%20italic%3A300%3Aitalic&#8220;][vc_row_inner][vc_column_inner width=&#8220;1\/2&#8243; css=&#8220;.vc_custom_1494857398526{padding-top: 0px !important;}&#8220;][vc_column_text css=&#8220;.vc_custom_1688286429089{margin-bottom: 20px !important;}&#8220; woodmart_inline=&#8220;no&#8220; text_larger=&#8220;no&#8220;]Bei Oppali verstehen wir, dass T\u00fcrgriffe nicht nur funktionale Komponenten sind, sondern auch wichtige Designelemente, die die \u00e4sthetische Anziehungskraft eines Raumes erh\u00f6hen. Deshalb sind wir stolz darauf, exquisite Edelstahl-T\u00fcrgriffe herzustellen, die Funktionalit\u00e4t, Langlebigkeit und zeitlose Eleganz vereinen.<\/p>\n<p data-rm-block-id=\"block-2\">Unser Team aus erfahrenen Handwerkern und Ingenieuren entwirft und fertigt jede T\u00fcrklinke sorgf\u00e4ltig, um eine makellose Qualit\u00e4t und Pr\u00e4zision zu gew\u00e4hrleisten. Wir verwenden hochwertige Edelstahlmaterialien, die f\u00fcr ihre Festigkeit, Korrosionsbest\u00e4ndigkeit und Langlebigkeit bekannt sind. . Durch pr\u00e4zises Handwerk und Liebe zum Detail schaffen wir T\u00fcrgriffe, die Raffinesse ausstrahlen und den Zahn der Zeit \u00fcberstehen.[\/vc_column_text][\/vc_column_inner][vc_column_inner width=&#8220;1\/2&#8243; css=&#8220;.vc_custom_1494857394949{padding-top: 0px !important;}&#8220;][vc_column_text css=&#8220;.vc_custom_1688286381409{margin-bottom: 20px !important;}&#8220; woodmart_inline=&#8220;no&#8220; text_larger=&#8220;no&#8220;]Egal, ob Sie nach schlanken und modernen Designs oder klassischen und traditionellen Stilen suchen, Oppali bietet eine vielf\u00e4ltige Auswahl, um jedem Geschmack und jeder Vorliebe gerecht zu werden. Unsere T\u00fcrgriffe f\u00fcgen sich nahtlos in verschiedene architektonische Stile ein und verleihen Wohn- und Gesch\u00e4ftsr\u00e4umen einen Hauch von Luxus.<\/p>\n<p data-rm-block-id=\"block-3\">Die Zufriedenheit unserer Kunden hat f\u00fcr uns h\u00f6chste Priorit\u00e4t, und wir streben danach, Erwartungen mit unseren hochwertigen Produkten und au\u00dfergew\u00f6hnlichem Service zu \u00fcbertreffen. Unser engagiertes Team steht Ihnen jederzeit zur Verf\u00fcgung, um Ihnen bei der Auswahl der perfekten Edelstahl-T\u00fcrgriffe zu helfen, die Ihre Inneneinrichtungsvision erg\u00e4nzen.<\/p>\n<p data-rm-block-id=\"block-4\">W\u00e4hlen Sie Oppali f\u00fcr hochwertige, stilvolle Edelstahl-T\u00fcrgriffe, die Funktionalit\u00e4t und \u00c4sthetik in perfekter Harmonie vereinen. Verleihen Sie Ihren T\u00fcren mit Oppali eine edle Optik, wo Handwerkskunst auf Innovation trifft.[\/vc_column_text][\/vc_column_inner][\/vc_row_inner][vc_separator color=&#8220;custom&#8220; accent_color=&#8220;rgba(10,10,10,0.12)&#8220; css=&#8220;.vc_custom_1499600318751{margin-bottom: 30px !important;padding-top: 10px !important;}&#8220;][vc_row_inner content_placement=&#8220;middle&#8220; css=&#8220;.vc_custom_1499600064550{padding-top: 0px !important;}&#8220;][vc_column_inner width=&#8220;1\/2&#8243; css=&#8220;.vc_custom_1499599961071{margin-bottom: 20px !important;padding-top: 0px !important;}&#8220;][vc_column_text css=&#8220;.vc_custom_1688286742266{margin-bottom: 0px !important;}&#8220; woodmart_inline=&#8220;no&#8220; text_larger=&#8220;no&#8220;]<a href=\"http:\/\/oppali.com\"><strong><em>Developed by <span style=\"color: #bfcfcf;\">Oppali<\/span> @ 2023.<\/em><\/strong><\/a>[\/vc_column_text][\/vc_column_inner][vc_column_inner width=&#8220;1\/2&#8243; css=&#8220;.vc_custom_1499599970647{margin-bottom: 20px !important;padding-top: 0px !important;}&#8220;]\t\t\t<div\n\t\t\t\t\t\tclass=\" wd-social-icons  wd-style-bordered wd-size-small social-share wd-shape-circle text-right\">\n\t\t\t\t\n\t\t\t\t\n\t\t\t\t\t\t\t\t\t<a rel=\"noopener noreferrer nofollow\" href=\"https:\/\/www.facebook.com\/sharer\/sharer.php?u=https:\/\/oppali.com\/de\/turgriffe-aus-edelstahl-oppali\/\" target=\"_blank\" class=\" wd-social-icon social-facebook\" aria-label=\"Facebook social link\">\n\t\t\t\t\t\t<span class=\"wd-icon\"><\/span>\n\t\t\t\t\t\t\t\t\t\t\t<\/a>\n\t\t\t\t\n\t\t\t\t\t\t\t\t\t<a rel=\"noopener noreferrer nofollow\" href=\"https:\/\/x.com\/share?url=https:\/\/oppali.com\/de\/turgriffe-aus-edelstahl-oppali\/\" target=\"_blank\" class=\" wd-social-icon social-twitter\" aria-label=\"X social link\">\n\t\t\t\t\t\t<span class=\"wd-icon\"><\/span>\n\t\t\t\t\t\t\t\t\t\t\t<\/a>\n\t\t\t\t\n\t\t\t\t\n\t\t\t\t\n\t\t\t\t\n\t\t\t\t\n\t\t\t\t\n\t\t\t\t\t\t\t\t\t<a rel=\"noopener noreferrer nofollow\" href=\"https:\/\/pinterest.com\/pin\/create\/button\/?url=https:\/\/oppali.com\/de\/turgriffe-aus-edelstahl-oppali\/&#038;media=https:\/\/oppali.com\/wp-includes\/images\/media\/default.svg&#038;description=%C3%9Cber%20uns\" target=\"_blank\" class=\" wd-social-icon social-pinterest\" aria-label=\"Pinterest social link\">\n\t\t\t\t\t\t<span class=\"wd-icon\"><\/span>\n\t\t\t\t\t\t\t\t\t\t\t<\/a>\n\t\t\t\t\n\t\t\t\t\n\t\t\t\t\t\t\t\t\t<a rel=\"noopener noreferrer nofollow\" href=\"https:\/\/www.linkedin.com\/shareArticle?mini=true&#038;url=https:\/\/oppali.com\/de\/turgriffe-aus-edelstahl-oppali\/\" target=\"_blank\" class=\" wd-social-icon social-linkedin\" aria-label=\"Linkedin social link\">\n\t\t\t\t\t\t<span class=\"wd-icon\"><\/span>\n\t\t\t\t\t\t\t\t\t\t\t<\/a>\n\t\t\t\t\n\t\t\t\t\n\t\t\t\t\n\t\t\t\t\n\t\t\t\t\n\t\t\t\t\n\t\t\t\t\n\t\t\t\t\n\t\t\t\t\n\t\t\t\t\n\t\t\t\t\n\t\t\t\t\n\t\t\t\t\n\t\t\t\t\n\t\t\t\t\n\t\t\t\t\t\t\t\t\t<a rel=\"noopener noreferrer nofollow\" href=\"https:\/\/telegram.me\/share\/url?url=https:\/\/oppali.com\/de\/turgriffe-aus-edelstahl-oppali\/\" target=\"_blank\" class=\" wd-social-icon social-tg\" aria-label=\"Telegram social link\">\n\t\t\t\t\t\t<span class=\"wd-icon\"><\/span>\n\t\t\t\t\t\t\t\t\t\t\t<\/a>\n\t\t\t\t\n\t\t\t\t\n\t\t\t<\/div>\n\n\t\t[\/vc_column_inner][\/vc_row_inner][\/vc_column][\/vc_row][vc_section full_width=&#8220;stretch_row&#8220; css=&#8220;.vc_custom_1499928137828{margin-bottom: 10vh !important;padding-top: 8vh !important;padding-bottom: 8vh !important;background-image: url(http:\/\/dummy.xtemos.com\/woodmart\/demos\/wp-content\/uploads\/sites\/2\/2017\/06\/wood-main-dark-bg.jpg?id=246) !important;background-position: center !important;background-repeat: no-repeat !important;background-size: cover !important;}&#8220;][vc_row equal_height=&#8220;yes&#8220; content_placement=&#8220;middle&#8220; css=&#8220;.vc_custom_1499604445501{margin-right: -25px !important;margin-left: -25px !important;}&#8220;][vc_column width=&#8220;1\/6&#8243; css=&#8220;.vc_custom_1499604620360{padding-top: 10px !important;padding-right: 35px !important;padding-bottom: 10px !important;padding-left: 35px !important;}&#8220;][\/vc_column][vc_column width=&#8220;2\/3&#8243;]\n\t\t<div id=\"wd-64a143d13ad0e\" class=\"title-wrapper wd-wpb wd-set-mb reset-last-child  wd-rs-64a143d13ad0e wd-title-color-white wd-title-style-default text-left vc_custom_1688290277521 wd-width-enabled wd-underline-colored\" style=\"--wd-max-width: 90%;\">\n\t\t\t\n\t\t\t<div class=\"liner-continer\">\n\t\t\t\t<h4 class=\"woodmart-title-container title  wd-font-weight- wd-fontsize-xl\" >Produktion mit Schwerpunkt auf Innovation und Nachhaltigkeit<\/h4>\n\t\t\t\t\t\t\t<\/div>\n\t\t\t\n\t\t\t\n\t\t\t\n\t\t<\/div>\n\t\t\n\t\t[vc_custom_heading text=&#8220;Der Produktionsprozess bei Oppali kombiniert modernste Technologie mit handwerklichem Geschick.&#8220; font_container=&#8220;tag:p|font_size:20|text_align:left|color:rgba(255%2C255%2C255%2C0.8)&#8220; google_fonts=&#8220;font_family:Lato%3A100%2C100italic%2C300%2C300italic%2Cregular%2Citalic%2C700%2C700italic%2C900%2C900italic|font_style:400%20regular%3A400%3Anormal&#8220; css=&#8220;.vc_custom_1688290284892{margin-top: -15px !important;margin-bottom: 15px !important;}&#8220; el_class=&#8220;hidden-sm hidden-xs&#8220;][vc_row_inner][vc_column_inner width=&#8220;1\/2&#8243; css=&#8220;.vc_custom_1494857398526{padding-top: 0px !important;}&#8220;][vc_column_text css=&#8220;.vc_custom_1688287709311{margin-bottom: 20px !important;}&#8220; woodmart_inline=&#8220;no&#8220; text_larger=&#8220;no&#8220;]Zu Beginn bezieht Oppali hochwertigen rostfreien Stahl, der f\u00fcr seine Langlebigkeit und Korrosionsbest\u00e4ndigkeit bekannt ist. Diese Materialien werden sorgf\u00e4ltig gepr\u00fcft, um sicherzustellen, dass sie den strengen Qualit\u00e4tsstandards des Unternehmens entsprechen. . Sobald sie genehmigt sind, wird der rostfreie Stahl mit modernsten Maschinen pr\u00e4zise zugeschnitten und geformt.  <\/p>\n<p data-rm-block-id=\"block-5\">Im n\u00e4chsten Schritt werden verschiedene Veredelungstechniken angewendet, um die \u00c4sthetik der T\u00fcrgriffe zu verbessern. Oppali besch\u00e4ftigt erfahrene Handwerker, die ihr Fachwissen einsetzen, um exquisite Designs und Muster auf der Oberfl\u00e4che des rostfreien Stahls zu schaffen. Diese Designs k\u00f6nnen von minimalistisch und zeitgen\u00f6ssisch bis hin zu aufwendig und dekorativ reichen und die vielf\u00e4ltigen Vorlieben der Kunden abdecken.  <\/p>\n<p data-rm-block-id=\"block-6\">Nach der Designphase setzt Oppali fortschrittliche Techniken wie Polieren, Glanzveredelung und Galvanisierung ein, um eine makellose Oberfl\u00e4che zu erreichen. Diese sorgf\u00e4ltige Liebe zum Detail stellt sicher, dass jeder T\u00fcrgriff, der das Oppali-Werk verl\u00e4sst, h\u00f6chste Qualit\u00e4ts- und Handwerksstandards erf\u00fcllt.[\/vc_column_text][\/vc_column_inner][vc_column_inner width=&#8220;1\/2&#8243; css=&#8220;.vc_custom_1494857394949{padding-top: 0px !important;}&#8220;][vc_column_text css=&#8220;.vc_custom_1688287726566{margin-bottom: 20px !important;}&#8220; woodmart_inline=&#8220;no&#8220; text_larger=&#8220;no&#8220;]W\u00e4hrend des gesamten Produktionsprozesses legt Oppali gro\u00dfen Wert auf Nachhaltigkeit und Umweltverantwortung. Das Unternehmen setzt umweltfreundliche Praktiken ein, wie die effiziente Nutzung von Energie und Abfallmanagementsysteme, um den \u00f6kologischen Fu\u00dfabdruck zu minimieren. <\/p>\n<p data-rm-block-id=\"block-7\">Sobald die T\u00fcrgriffe fertiggestellt sind, f\u00fchrt Oppali strenge Qualit\u00e4tskontrollen durch, um ihre Funktionalit\u00e4t und Langlebigkeit zu gew\u00e4hrleisten. Diese gr\u00fcndlichen Inspektionen stellen sicher, dass die Produkte nicht nur den hohen Standards des Unternehmens entsprechen, sondern auch die Erwartungen der Kunden weltweit \u00fcbertreffen. <\/p>\n<p data-rm-block-id=\"block-8\">Zusammenfassend kombiniert der Produktionsprozess von Oppali f\u00fcr T\u00fcrgriffe aus rostfreiem Stahl modernste Technologie, handwerkliches K\u00f6nnen und ein Bekenntnis zur Qualit\u00e4t. Mit einem Fokus auf Innovation und Nachhaltigkeit liefert Oppali weiterhin hochwertige Produkte, die jeder T\u00fcr eine elegante und langlebige Note verleihen.[\/vc_column_text][\/vc_column_inner][\/vc_row_inner][\/vc_column][vc_column width=&#8220;1\/6&#8243;][\/vc_column][\/vc_row][\/vc_section][vc_row css=&#8220;.vc_custom_1499600383384{margin-bottom: 8vh !important;}&#8220;][vc_column offset=&#8220;vc_col-lg-offset-2 vc_col-lg-8 vc_col-md-offset-2 vc_col-md-8 vc_col-sm-offset-0&#8243; css=&#8220;.vc_custom_1499599304156{padding-top: 0px !important;}&#8220;]\n\t\t<div id=\"wd-64a13c4f5c3ef\" class=\"title-wrapper wd-wpb wd-set-mb reset-last-child  wd-rs-64a13c4f5c3ef wd-title-color-default wd-title-style-default text-left vc_custom_1688288349117 wd-underline-colored\">\n\t\t\t\n\t\t\t<div class=\"liner-continer\">\n\t\t\t\t<h4 class=\"woodmart-title-container title  wd-font-weight- wd-fontsize-xxxl\" >P\u00fcnktliche Lieferung<\/h4>\n\t\t\t\t\t\t\t<\/div>\n\t\t\t\n\t\t\t\n\t\t\t\n\t\t<\/div>\n\t\t\n\t\t[vc_custom_heading text=&#8220;Eines der herausragenden Merkmale, das Oppali von seinen Mitbewerbern unterscheidet, ist die au\u00dfergew\u00f6hnliche Liefergeschwindigkeit.&#8220; font_container=&#8220;tag:p|font_size:22|text_align:left|color:%238e8e8e&#8220; google_fonts=&#8220;font_family:Lato%3A100%2C100italic%2C300%2C300italic%2Cregular%2Citalic%2C700%2C700italic%2C900%2C900italic|font_style:300%20light%20italic%3A300%3Aitalic&#8220;][vc_row_inner][vc_column_inner width=&#8220;1\/2&#8243; css=&#8220;.vc_custom_1494857398526{padding-top: 0px !important;}&#8220;][vc_column_text css=&#8220;.vc_custom_1688288409039{margin-bottom: 20px !important;}&#8220; woodmart_inline=&#8220;no&#8220; text_larger=&#8220;no&#8220;]Mit einem engagierten Logistikteam und effizienten Prozessen gew\u00e4hrleistet Oppali eine schnelle Lieferung seiner Produkte an Kunden weltweit.<\/p>\n<p data-rm-block-id=\"block-9\">Das Engagement des Unternehmens f\u00fcr eine schnelle Lieferung basiert auf den Grundwerten der Kundenzufriedenheit und Zuverl\u00e4ssigkeit. Oppali versteht die Bedeutung der Einhaltung enger Fristen und strebt danach, diese Erwartungen zu \u00fcbertreffen. Ob es sich um eine kleine Bestellung oder ein gro\u00df angelegtes Projekt handelt, Oppali ist stolz darauf, in der Lage zu sein, seine hochwertigen Edelstahlkn\u00f6pfe schnell zu bearbeiten und zu versenden.[\/vc_column_text][\/vc_column_inner][vc_column_inner width=&#8220;1\/2&#8243; css=&#8220;.vc_custom_1494857394949{padding-top: 0px !important;}&#8220;][vc_column_text css=&#8220;.vc_custom_1688288425369{margin-bottom: 20px !important;}&#8220; woodmart_inline=&#8220;no&#8220; text_larger=&#8220;no&#8220;]Durch Investitionen in fortschrittliche Produktionstechnologien und die Optimierung der Lieferkette optimiert Oppali seinen Lieferprozess. Die hochmodernen Maschinen des Werks erm\u00f6glichen eine schnelle und pr\u00e4zise Fertigung, was kurze Lieferzeiten erm\u00f6glicht. Dar\u00fcber hinaus pflegt Oppali enge Beziehungen zu Versandpartnern, um einen reibungslosen und beschleunigten Transport vom Werk bis zur Haust\u00fcr des Kunden zu gew\u00e4hrleisten.<\/p>\n<p data-rm-block-id=\"block-10\">Die au\u00dfergew\u00f6hnliche Geschwindigkeit des Lieferdienstes von Oppali zeugt von dem Engagement des Unternehmens f\u00fcr Effizienz und Kundenzufriedenheit. Mit Oppali k\u00f6nnen sich Kunden darauf verlassen, dass ihre Bestellungen p\u00fcnktlich geliefert werden, was ihnen erm\u00f6glicht, ihre Projektfristen einzuhalten und die hochwertigen Edelstahlkn\u00f6pfe zu genie\u00dfen, die von dieser f\u00fchrenden Fabrik produziert werden.[\/vc_column_text][\/vc_column_inner][\/vc_row_inner][vc_separator color=&#8220;custom&#8220; accent_color=&#8220;rgba(10,10,10,0.12)&#8220; css=&#8220;.vc_custom_1499600318751{margin-bottom: 30px !important;padding-top: 10px !important;}&#8220;][\/vc_column][\/vc_row]<\/p>\n<\/div>","protected":false},"excerpt":{"rendered":"<p>[vc_row full_width=&#8220;stretch_row&#8220; el_class=&#8220;opacity-video-bg&#8220; css=&#8220;.vc_custom_1688290189574{margin-bottom: 8vh !important;padding-top: 5vh !important;padding-bottom: 24px !important;background-color: #0a0a0a !important;background-position: center !important;background-repeat: no-repeat !important;background-size: cover !important;}&#8220; woodmart_css_id=&#8220;64a1438487829&#8243; responsive_spacing=&#8220;eyJwYXJhbV90eXBlIjoid29vZG1hcnRfcmVzcG9uc2l2ZV9zcGFjaW5nIiwic2VsZWN0b3JfaWQiOiI2NGExNDM4NDg3ODI5Iiwic2hvcnRjb2RlIjoidmNfcm93IiwiZGF0YSI6eyJ0YWJsZXQiOnt9LCJtb2JpbGUiOnt9fX0=&#8220;<\/p>\n","protected":false},"author":1,"featured_media":0,"parent":0,"menu_order":0,"comment_status":"closed","ping_status":"closed","template":"","meta":{"footnotes":""},"class_list":["post-170056","page","type-page","status-publish","hentry"],"_links":{"self":[{"href":"https:\/\/oppali.com\/de\/wp-json\/wp\/v2\/pages\/170056","targetHints":{"allow":["GET"]}}],"collection":[{"href":"https:\/\/oppali.com\/de\/wp-json\/wp\/v2\/pages"}],"about":[{"href":"https:\/\/oppali.com\/de\/wp-json\/wp\/v2\/types\/page"}],"author":[{"embeddable":true,"href":"https:\/\/oppali.com\/de\/wp-json\/wp\/v2\/users\/1"}],"replies":[{"embeddable":true,"href":"https:\/\/oppali.com\/de\/wp-json\/wp\/v2\/comments?post=170056"}],"version-history":[{"count":0,"href":"https:\/\/oppali.com\/de\/wp-json\/wp\/v2\/pages\/170056\/revisions"}],"wp:attachment":[{"href":"https:\/\/oppali.com\/de\/wp-json\/wp\/v2\/media?parent=170056"}],"curies":[{"name":"wp","href":"https:\/\/api.w.org\/{rel}","templated":true}]}}