{"id":169640,"date":"2020-06-06T07:18:19","date_gmt":"2020-06-06T04:18:19","guid":{"rendered":"https:\/\/oppali.com\/informationen-zu-lieferung-und-rueckgabe\/"},"modified":"2025-12-25T11:36:16","modified_gmt":"2025-12-25T09:36:16","slug":"informationen-zu-lieferung-und-rueckgabe","status":"publish","type":"page","link":"https:\/\/oppali.com\/de\/informationen-zu-lieferung-und-rueckgabe\/","title":{"rendered":"Informationen zu Lieferung und R\u00fcckgabe"},"content":{"rendered":"<div class=\"wpb-content-wrapper\"><p>[vc_row css=&#8220;.vc_custom_1496940694752{margin-bottom: 20px !important;}&#8220;][vc_column css=&#8220;.vc_custom_1484657273903{padding-top: 0px !important;}&#8220;]\n\t\t<div id=\"wd-5edb45d2136a5\" class=\"title-wrapper wd-wpb wd-set-mb reset-last-child  wd-rs-5edb45d2136a5 wd-title-color-default wd-title-style-underlined text-left vc_custom_1591428582725 wd-underline-colored\">\n\t\t\t\n\t\t\t<div class=\"liner-continer\">\n\t\t\t\t<h4 class=\"woodmart-title-container title  wd-font-weight- wd-fontsize-l\" >Informationen zu Lieferung und R\u00fcckgabe<\/h4>\n\t\t\t\t\t\t\t<\/div>\n\t\t\t\n\t\t\t\n\t\t\t\n\t\t<\/div>\n\t\t\n\t\t[\/vc_column][\/vc_row][vc_row equal_height=&#8220;yes&#8220; css=&#8220;.vc_custom_1496940708254{margin-bottom: 5vh !important;}&#8220;][vc_column width=&#8220;1\/2&#8243; css=&#8220;.vc_custom_1484657119633{padding-top: 0px !important;}&#8220;][vc_custom_heading text=&#8220;Versenden Sie weltweit?&#8220; font_container=&#8220;tag:h2|font_size:14|text_align:left&#8220; use_theme_fonts=&#8220;yes&#8220;][vc_column_text text_larger=&#8220;no&#8220; woodmart_inline=&#8220;no&#8220;]Derzeit liefern wir unser Sortiment an T\u00fcrgriffen und Beschl\u00e4gen weltweit mit den besten Liefermethoden.[\/vc_column_text][vc_custom_heading text=&#8220;Wie lange dauert die Lieferung und wie viel kostet sie?&#8220; font_container=&#8220;tag:h2|font_size:14|text_align:left&#8220; use_theme_fonts=&#8220;yes&#8220;][vc_column_text text_larger=&#8220;no&#8220; woodmart_inline=&#8220;no&#8220;]<\/p>\n<ul>\n<li>\n<h6>Vereinigte Staaten (US), Kanada<\/h6>\n<\/li>\n<\/ul>\n<p>Expedited Shipping 1-3 Werktage &#8211; 18\u20ac<\/p>\n<ul>\n<li>\n<h6>EU (Belgien, Frankreich, Deutschland, Italien, Luxemburg, Niederlande)<\/h6>\n<\/li>\n<\/ul>\n<p>Standardversand 4-7 Arbeitstage &#8211; 10\u20ac<\/p>\n<p>Expedited Shipping 1-2 Werktage &#8211; 18\u20ac<\/p>\n<ul>\n<li>\n<h6>EU (\u00d6sterreich, Bulgarien, Tschechische Republik, D\u00e4nemark, Finnland, Ungarn, Irland, Polen, Portugal, Rum\u00e4nien, Slowakei, Spanien, Schweden)<\/h6>\n<\/li>\n<\/ul>\n<p>Standardversand 4-7 Arbeitstage &#8211; 13\u20ac<\/p>\n<p>Expedited Shipping 1-2 Werktage &#8211; 20\u20ac<\/p>\n<ul>\n<li>\n<h6>EU (Estland, Lettland, Litauen, Slowenien)<\/h6>\n<\/li>\n<\/ul>\n<p>Standardversand 4-7 Arbeitstage &#8211; 19\u20ac<\/p>\n<p>Eilversand 1-2 Werktage &#8211; 24\u20ac<\/p>\n<ul>\n<li>\n<h6>Israel, Andorra, Liechtenstein, Malta, Monaco, Norwegen, San Marino, Schweiz, T\u00fcrkei<\/h6>\n<\/li>\n<\/ul>\n<p>Standardversand 4-7 Arbeitstage &#8211; 24\u20ac<\/p>\n<p>Expedited Shipping 1-2 Werktage &#8211; 28\u20ac<\/p>\n<ul>\n<li>\n<h6>Rest der Welt<\/h6>\n<\/li>\n<\/ul>\n<p>Standardversand 6-12 Arbeitstage &#8211; 30\u20ac<\/p>\n<p>Eilversand 1-2 Werktage &#8211; 35\u20ac[\/vc_column_text][vc_custom_heading text=&#8220;Was ist Ihre Politik des KOSTENLOSEN VERSANDES?&#8220; font_container=&#8220;tag:h2|font_size:14|text_align:left&#8220; use_theme_fonts=&#8220;yes&#8220;][vc_column_text text_larger=&#8220;no&#8220; woodmart_inline=&#8220;no&#8220;]<\/p>\n<ul>\n<li>\n<h6>Vereinigte Staaten (US), Kanada: KOSTENLOSER VERSAND bei Bestellungen \u00fcber 100\u20ac<\/h6>\n<\/li>\n<li>\n<h6>EU (Belgien, Frankreich, Deutschland, Italien, Luxemburg, Niederlande): KOSTENLOSER VERSAND bei Bestellungen \u00fcber 100\u20ac<\/h6>\n<\/li>\n<li>\n<h6>EU (\u00d6sterreich, Bulgarien, Tschechische Republik, D\u00e4nemark, Finnland, Ungarn, Irland, Polen, Portugal, Rum\u00e4nien, Slowakei, Spanien, Schweden): KOSTENLOSER VERSAND bei Bestellungen \u00fcber 100\u20ac<\/h6>\n<\/li>\n<\/ul>\n<ul>\n<li>\n<h6>EU (Estland, Lettland, Litauen, Slowenien): KOSTENLOSER VERSAND bei Bestellungen \u00fcber 150\u20ac<\/h6>\n<\/li>\n<li>\n<h6>Israel, Andorra, Liechtenstein, Malta, Monaco, Norwegen, San Marino, Schweiz, T\u00fcrkei: KOSTENLOSER VERSAND bei Bestellungen \u00fcber 150\u20ac<\/h6>\n<\/li>\n<\/ul>\n<ul>\n<li>\n<h6>Rest der Welt: KOSTENLOSER VERSAND bei Bestellungen \u00fcber 250\u20ac<\/h6>\n<\/li>\n<\/ul>\n<p>Bei Oppali ist es unser Ziel, den besten Kundenservice zu bieten. Alle Lagerartikel werden innerhalb von 48 Stunden nach der Bestellung versandt.  <strong>Die meisten Bestellungen werden noch am selben Tag versandt und gehen am n\u00e4chsten Tag ein.<\/strong><\/p>\n<p><strong>Alle angegebenen Lieferfristen von 1 bis 3 Arbeitstagen und 3 bis 7 Arbeitstagen schlie\u00dfen Wochenenden und Feiertage (Bankfeiertage) aus.<\/strong><\/p>\n<p>Bitte beachten Sie, dass Sie eine Bestellung nicht mehr stornieren k\u00f6nnen, sobald sie versandt wurde, sondern sie zur R\u00fcckerstattung zur\u00fccksenden m\u00fcssen. Im Falle der Verweigerung einer Lieferung wird eine Geb\u00fchr von 8 \u20ac erhoben.[\/vc_column_text][\/vc_column][vc_column width=&#8220;1\/2&#8243; css=&#8220;.vc_custom_1484657123074{padding-top: 0px !important;}&#8220;][vc_custom_heading text=&#8220;Wie kann ich einen Artikel zur\u00fcckgeben?&#8220; font_container=&#8220;tag:h3|font_size:14|text_align:left&#8220; use_theme_fonts=&#8220;yes&#8220;][vc_column_text text_larger=&#8220;no&#8220;]Wir bieten eine 30-t\u00e4gige Geld-zur\u00fcck-Garantie.<br \/>\nDas bedeutet, dass Sie alle unerw\u00fcnschten Artikel innerhalb von 30 Tagen gegen volle R\u00fcckerstattung zur\u00fcckgeben k\u00f6nnen.<\/p>\n<p>Alle R\u00fcckgaben und Erstattungen unterliegen den folgenden Bedingungen<\/p>\n<ul>\n<li>\n<ul>\n<li>Die Artikel sind in der Originalverpackung unbesch\u00e4digt und f\u00fcr den Wiederverkauf geeignet.<\/li>\n<li>Die Kosten f\u00fcr die R\u00fccksendung gehen zu Lasten des Kunden.<\/li>\n<li>Alle Artikel werden innerhalb von 30 Tagen nach Erhalt Ihrer Bestellung zur\u00fcckgegeben.<\/li>\n<\/ul>\n<\/li>\n<\/ul>\n<p>Bitte denken Sie daran, der R\u00fccksendung eine Kopie Ihrer Bestellung beizulegen, damit wir den Absender der Ware identifizieren k\u00f6nnen.<\/p>\n<p>Wir schreiben Ihnen den Betrag innerhalb von 14 Tagen nach Erhalt der zur\u00fcckgegebenen Ware auf Ihrem Kreditkartenkonto gut.<\/p>\n<p>Damit wir Ihren Anruf schnell und effizient bearbeiten k\u00f6nnen, bitten wir Sie, die folgenden Informationen anzugeben:<\/p>\n<p>Bestellnummer<\/p>\n<p>Produkt-Code<\/p>\n<p>Grund f\u00fcr die R\u00fcckgabe[\/vc_column_text][vc_custom_heading text=&#8220;Am n\u00e4chsten Tag ben\u00f6tigte Produkte?&#8220; font_container=&#8220;tag:h3|font_size:14|text_align:left&#8220; use_theme_fonts=&#8220;yes&#8220;][vc_column_text text_larger=&#8220;no&#8220;]Die Lieferung am n\u00e4chsten Tag ist unser Standardservice f\u00fcr Bestellungen im Inland (Griechenland), aber bitte kontaktieren Sie uns zuerst, um sicherzustellen, dass wir gen\u00fcgend Vorrat haben, um Ihre Bestellung zu erf\u00fcllen. Bitte beachten Sie, dass Sie bei der Zustellung der Ware an der Lieferadresse anwesend sein m\u00fcssen, da unser Spediteur eine unterschriebene Empfangsbest\u00e4tigung als Liefernachweis ben\u00f6tigt. Wir sind in der Lage, an eine alternative Lieferadresse zu liefern, wenn Sie nicht zu Hause sind, um Ihre Bestellung entgegenzunehmen.<\/p>\n<p>Bitte stellen Sie sicher, dass jemand in der Lage ist, die Ware am Tag der Lieferung in Empfang zu nehmen. Sie werden per E-Mail oder SMS (falls gew\u00fcnscht) mit einer voraussichtlichen Ankunftszeit der Bestellung benachrichtigt. Wenn der Spediteur die Ware nicht zustellen kann, weil niemand zur Verf\u00fcgung steht, um die Lieferung anzunehmen, m\u00fcssen Sie sich mit uns in Verbindung setzen, um einen geeigneten Liefertermin zu vereinbaren. Kann die Lieferung nicht erfolgen oder wird die Lieferung verweigert, wird eine weitere Liefergeb\u00fchr erhoben oder von einer eventuellen Gutschrift abgezogen, um die uns entstandenen Kosten zu decken.<\/p>\n<p>Wir k\u00f6nnen an eine andere Adresse liefern, wenn Sie w\u00e4hrend der Gesch\u00e4ftszeiten nicht zu Hause sind.[\/vc_column_text][\/vc_column][\/vc_row]<\/p>\n<\/div>","protected":false},"excerpt":{"rendered":"<p>[vc_row css=&#8220;.vc_custom_1496940694752{margin-bottom: 20px !important;}&#8220;][vc_column css=&#8220;.vc_custom_1484657273903{padding-top: 0px !important;}&#8220;][\/vc_column][\/vc_row][vc_row equal_height=&#8220;yes&#8220; css=&#8220;.vc_custom_1496940708254{margin-bottom: 5vh !important;}&#8220;][vc_column width=&#8220;1\/2&#8243; css=&#8220;.vc_custom_1484657119633{padding-top: 0px !important;}&#8220;][vc_custom_heading text=&#8220;Versenden Sie weltweit?&#8220; font_container=&#8220;tag:h2|font_size:14|text_align:left&#8220; use_theme_fonts=&#8220;yes&#8220;][vc_column_text<\/p>\n","protected":false},"author":1,"featured_media":0,"parent":0,"menu_order":0,"comment_status":"closed","ping_status":"closed","template":"","meta":{"footnotes":""},"class_list":["post-169640","page","type-page","status-publish","hentry"],"_links":{"self":[{"href":"https:\/\/oppali.com\/de\/wp-json\/wp\/v2\/pages\/169640","targetHints":{"allow":["GET"]}}],"collection":[{"href":"https:\/\/oppali.com\/de\/wp-json\/wp\/v2\/pages"}],"about":[{"href":"https:\/\/oppali.com\/de\/wp-json\/wp\/v2\/types\/page"}],"author":[{"embeddable":true,"href":"https:\/\/oppali.com\/de\/wp-json\/wp\/v2\/users\/1"}],"replies":[{"embeddable":true,"href":"https:\/\/oppali.com\/de\/wp-json\/wp\/v2\/comments?post=169640"}],"version-history":[{"count":0,"href":"https:\/\/oppali.com\/de\/wp-json\/wp\/v2\/pages\/169640\/revisions"}],"wp:attachment":[{"href":"https:\/\/oppali.com\/de\/wp-json\/wp\/v2\/media?parent=169640"}],"curies":[{"name":"wp","href":"https:\/\/api.w.org\/{rel}","templated":true}]}}