{"id":169542,"date":"2020-06-06T07:55:10","date_gmt":"2020-06-06T04:55:10","guid":{"rendered":"https:\/\/oppali.com\/rabattangebot\/"},"modified":"2025-12-25T11:44:27","modified_gmt":"2025-12-25T09:44:27","slug":"rabattangebot","status":"publish","type":"page","link":"https:\/\/oppali.com\/de\/rabattangebot\/","title":{"rendered":"Rabattangebot"},"content":{"rendered":"<div class=\"wpb-content-wrapper\"><p>[vc_row][vc_column][vc_custom_heading text=&#8220;<strong>Einzelhandels- und Gro\u00dfhandelsrabatte<\/strong>&#8220; font_container=&#8220;tag:h2|font_size:52|text_align:center&#8220; use_theme_fonts=&#8220;yes&#8220; css=&#8220;&#8220;][\/vc_column][\/vc_row][vc_row css=&#8220;.vc_custom_1496940694752{margin-bottom: 20px !important;}&#8220;][vc_column css=&#8220;.vc_custom_1484657273903{padding-top: 0px !important;}&#8220;]\n\t\t<div id=\"wd-5edb4c0898d51\" class=\"title-wrapper wd-wpb wd-set-mb reset-last-child  wd-rs-5edb4c0898d51 wd-title-color-default wd-title-style-underlined text-left vc_custom_1591430164767 wd-underline-colored\">\n\t\t\t\n\t\t\t<div class=\"liner-continer\">\n\t\t\t\t<h4 class=\"woodmart-title-container title  wd-font-weight- wd-fontsize-l\" >Rabattangebot<\/h4>\n\t\t\t\t\t\t\t<\/div>\n\t\t\t\n\t\t\t\n\t\t\t\n\t\t<\/div>\n\t\t\n\t\t[\/vc_column][\/vc_row][vc_row equal_height=&#8220;yes&#8220; css=&#8220;.vc_custom_1496940708254{margin-bottom: 5vh !important;}&#8220;][vc_column css=&#8220;.vc_custom_1484657119633{padding-top: 0px !important;}&#8220;][vc_custom_heading text=&#8220;Zus\u00e4tzlicher Rabatt&#8220; font_container=&#8220;tag:h3|font_size:14|text_align:left&#8220; use_theme_fonts=&#8220;yes&#8220;][vc_column_text css=&#8220;&#8220; text_larger=&#8220;no&#8220; woodmart_inline=&#8220;no&#8220;]<\/p>\n<ul>\n<li>Bei einem Bestellwert von mehr als 180\u20ac erhalten Sie einen zus\u00e4tzlichen Rabatt von 5 %.<\/li>\n<li>Bei Bestellungen \u00fcber 500 \u20ac erhalten Sie einen zus\u00e4tzlichen Rabatt von 8 %.<\/li>\n<\/ul>\n<p>&nbsp;<\/p>\n<p>Dieser Rabatt wird automatisch beim Bezahlen angewendet.<\/p>\n<div id=\"gtx-trans\" style=\"position: absolute; left: 529px; top: 286.333px;\">\n<div class=\"gtx-trans-icon\"><\/div>\n<\/div>\n<p>[\/vc_column_text][vc_custom_heading text=&#8220;Gro\u00dfhandelskonten&#8220; font_container=&#8220;tag:h3|font_size:14|text_align:left&#8220; use_theme_fonts=&#8220;yes&#8220;][vc_column_text text_larger=&#8220;no&#8220;]Wir liefern hochwertige Eisenwaren an Bautr\u00e4ger, Bauunternehmer, Architekten, Innenarchitekten und viele andere Handwerksbetriebe!<\/p>\n<p>Rufen Sie uns jetzt an unter +30 2103006868 oder f\u00fcllen Sie das Formular auf der Seite &#8222;Gro\u00dfhandelsregistrierung&#8220; f\u00fcr unseren vollautomatischen B2B-Webservice aus.<\/p>\n<p>Gro\u00dfhandelskunde? Profitieren Sie von&#8230;<\/p>\n<ul>\n<li>Handelsrabatte, die f\u00fcr Sie als Kunden auf der Grundlage Ihrer Bed\u00fcrfnisse eingerichtet werden.<\/li>\n<li>Fachliche Beratung bei ma\u00dfgeschneiderten Projekten.<\/li>\n<li>Detaillierte Bestellhistorie in Ihrem Konto zur Erleichterung der Bestellung.<\/li>\n<li>Callcenter, rufen Sie einfach unsere erfahrenen Mitarbeiter an, die Ihnen gerne weiterhelfen.<\/li>\n<\/ul>\n<p>[\/vc_column_text][\/vc_column][\/vc_row]<\/p>\n<\/div>","protected":false},"excerpt":{"rendered":"<p>[vc_row][vc_column][vc_custom_heading text=&#8220;Einzelhandels- und Gro\u00dfhandelsrabatte&#8220; font_container=&#8220;tag:h2|font_size:52|text_align:center&#8220; use_theme_fonts=&#8220;yes&#8220; css=&#8220;&#8220;][\/vc_column][\/vc_row][vc_row css=&#8220;.vc_custom_1496940694752{margin-bottom: 20px !important;}&#8220;][vc_column css=&#8220;.vc_custom_1484657273903{padding-top: 0px !important;}&#8220;][\/vc_column][\/vc_row][vc_row equal_height=&#8220;yes&#8220; css=&#8220;.vc_custom_1496940708254{margin-bottom: 5vh !important;}&#8220;][vc_column css=&#8220;.vc_custom_1484657119633{padding-top: 0px !important;}&#8220;][vc_custom_heading<\/p>\n","protected":false},"author":1,"featured_media":0,"parent":0,"menu_order":0,"comment_status":"closed","ping_status":"closed","template":"","meta":{"footnotes":""},"class_list":["post-169542","page","type-page","status-publish","hentry"],"_links":{"self":[{"href":"https:\/\/oppali.com\/de\/wp-json\/wp\/v2\/pages\/169542","targetHints":{"allow":["GET"]}}],"collection":[{"href":"https:\/\/oppali.com\/de\/wp-json\/wp\/v2\/pages"}],"about":[{"href":"https:\/\/oppali.com\/de\/wp-json\/wp\/v2\/types\/page"}],"author":[{"embeddable":true,"href":"https:\/\/oppali.com\/de\/wp-json\/wp\/v2\/users\/1"}],"replies":[{"embeddable":true,"href":"https:\/\/oppali.com\/de\/wp-json\/wp\/v2\/comments?post=169542"}],"version-history":[{"count":0,"href":"https:\/\/oppali.com\/de\/wp-json\/wp\/v2\/pages\/169542\/revisions"}],"wp:attachment":[{"href":"https:\/\/oppali.com\/de\/wp-json\/wp\/v2\/media?parent=169542"}],"curies":[{"name":"wp","href":"https:\/\/api.w.org\/{rel}","templated":true}]}}